{"id":40242,"date":"2023-12-16T12:24:48","date_gmt":"2023-12-16T12:24:48","guid":{"rendered":"https:\/\/milicia-pro.com\/?post_type=product&#038;p=40242"},"modified":"2025-09-29T10:46:05","modified_gmt":"2025-09-29T10:46:05","slug":"gorro-elastico-fleece","status":"publish","type":"product","link":"https:\/\/milicia-pro.com\/index.php\/product\/gorro-elastico-fleece\/","title":{"rendered":"GORRO EL\u00c1STICO FLEECE"},"content":{"rendered":"<ul>\n<li>95% poli\u00e9ster, 5% elastano<\/li>\n<li>Gorro de l\u00e3 el\u00e1stico e aquecido<\/li>\n<li>Amigo da pele, \u00e0 prova de vento e leve<\/li>\n<li>Interior em l\u00e3 macia<\/li>\n<li>Transporta a humidade para o exterior<\/li>\n<li>Alto conforto de uso, gra\u00e7as \u00e0s costuras planas<\/li>\n<li>Sem vincos<\/li>\n<li>Tamanho \u00fanico<\/li>\n<li>Cores: Verde e Preto<\/li>\n<\/ul>\n<p>&nbsp;<\/p>\n","protected":false},"excerpt":{"rendered":"<p>95% poli\u00e9ster, 5% elastano Gorro de l\u00e3 el\u00e1stico e aquecido Amigo da pele, \u00e0 prova de vento e leve Interior em l\u00e3 macia Transporta a humidade para o exterior Alto conforto de uso, gra\u00e7as \u00e0s costuras planas Sem vincos Tamanho \u00fanico Cores: Verde e Preto &nbsp;<\/p>\n","protected":false},"featured_media":40245,"comment_status":"open","ping_status":"closed","template":"","meta":{"_monsterinsights_skip_tracking":false,"_monsterinsights_sitenote_active":false,"_monsterinsights_sitenote_note":"","_monsterinsights_sitenote_category":0},"product_brand":[],"product_cat":[1458,1459,829,855],"product_tag":[111,158],"class_list":{"0":"post-40242","1":"product","2":"type-product","3":"status-publish","4":"has-post-thumbnail","6":"product_cat-chapeu-ca","7":"product_cat-gorro-chapeu-ca","8":"product_cat-marcas","9":"product_cat-sturm-mil-tec","10":"product_tag-chapeu","11":"product_tag-gorro","13":"first","14":"instock","15":"shipping-taxable","16":"purchasable","17":"product-type-variable"},"aioseo_notices":[],"jetpack_sharing_enabled":true,"_links":{"self":[{"href":"https:\/\/milicia-pro.com\/index.php\/wp-json\/wp\/v2\/product\/40242","targetHints":{"allow":["GET"]}}],"collection":[{"href":"https:\/\/milicia-pro.com\/index.php\/wp-json\/wp\/v2\/product"}],"about":[{"href":"https:\/\/milicia-pro.com\/index.php\/wp-json\/wp\/v2\/types\/product"}],"replies":[{"embeddable":true,"href":"https:\/\/milicia-pro.com\/index.php\/wp-json\/wp\/v2\/comments?post=40242"}],"wp:featuredmedia":[{"embeddable":true,"href":"https:\/\/milicia-pro.com\/index.php\/wp-json\/wp\/v2\/media\/40245"}],"wp:attachment":[{"href":"https:\/\/milicia-pro.com\/index.php\/wp-json\/wp\/v2\/media?parent=40242"}],"wp:term":[{"taxonomy":"product_brand","embeddable":true,"href":"https:\/\/milicia-pro.com\/index.php\/wp-json\/wp\/v2\/product_brand?post=40242"},{"taxonomy":"product_cat","embeddable":true,"href":"https:\/\/milicia-pro.com\/index.php\/wp-json\/wp\/v2\/product_cat?post=40242"},{"taxonomy":"product_tag","embeddable":true,"href":"https:\/\/milicia-pro.com\/index.php\/wp-json\/wp\/v2\/product_tag?post=40242"}],"curies":[{"name":"wp","href":"https:\/\/api.w.org\/{rel}","templated":true}]}}