{"id":40237,"date":"2023-12-16T12:30:35","date_gmt":"2023-12-16T12:30:35","guid":{"rendered":"https:\/\/milicia-pro.com\/?post_type=product&#038;p=40237"},"modified":"2026-02-06T12:10:17","modified_gmt":"2026-02-06T12:10:17","slug":"gorro-german-fleece","status":"publish","type":"product","link":"https:\/\/milicia-pro.com\/index.php\/product\/gorro-german-fleece\/","title":{"rendered":"GORRO GERMAN FLEECE"},"content":{"rendered":"<p><strong>O gorro de meia esta\u00e7\u00e3o German Cap Fleece<\/strong>\u00a0foi projetado para preservar o calor e manter uma temperatura confort\u00e1vel na cabe\u00e7a.\u00a0Tornar-se-\u00e1 um companheiro indispens\u00e1vel em qualquer situa\u00e7\u00e3o &#8211; para treino no campo de tiro, desporto ou apenas para o uso quotidiano.<\/p>\n<p>O material remove perfeitamente o excesso de evapora\u00e7\u00e3o e humidade do corpo.\u00a0O design inclui costuras el\u00e1sticas planas e forro polar macio, que garantem conforto de uso.\u00a0Este modelo \u00e9 compacto o suficiente para caber no bolso do casaco.Se procura roupa, https:\/\/www.fakewatch.is\/ a nossa plataforma \u00e9 a sua melhor escolha! O maior centro comercial!<\/p>\n<ul>\n<li>Um tamanho serve para todos<\/li>\n<li>Aquecimento, gorro de l\u00e3 el\u00e1stico<\/li>\n<li>Parte interna totalmente feita de l\u00e3 macia<\/li>\n<li>Alto conforto de uso devido \u00e0s costuras planas<\/li>\n<li>Material &#8211; 100% Poli\u00e9ster<\/li>\n<li>Cores: Preto e verde<\/li>\n<\/ul>\n","protected":false},"excerpt":{"rendered":"<p>O gorro de meia esta\u00e7\u00e3o German Cap Fleece\u00a0foi projetado para preservar o calor e manter uma temperatura confort\u00e1vel na cabe\u00e7a.\u00a0Tornar-se-\u00e1 um companheiro indispens\u00e1vel em qualquer situa\u00e7\u00e3o &#8211; para treino no campo de tiro, desporto ou apenas para o uso quotidiano. O material remove perfeitamente o excesso de evapora\u00e7\u00e3o e humidade do corpo.\u00a0O design inclui costuras [&#8230;]\n","protected":false},"featured_media":40240,"comment_status":"open","ping_status":"closed","template":"","meta":{"_monsterinsights_skip_tracking":false,"_monsterinsights_sitenote_active":false,"_monsterinsights_sitenote_note":"","_monsterinsights_sitenote_category":0},"product_brand":[1596],"product_cat":[1458,1459,855],"product_tag":[111,158],"class_list":{"0":"post-40237","1":"product","2":"type-product","3":"status-publish","4":"has-post-thumbnail","6":"product_brand-sturm-mil-tec","7":"product_cat-chapeu-ca","8":"product_cat-gorro-chapeu-ca","9":"product_cat-sturm-mil-tec","10":"product_tag-chapeu","11":"product_tag-gorro","13":"first","14":"instock","15":"shipping-taxable","16":"purchasable","17":"product-type-variable"},"aioseo_notices":[],"jetpack_sharing_enabled":true,"_links":{"self":[{"href":"https:\/\/milicia-pro.com\/index.php\/wp-json\/wp\/v2\/product\/40237","targetHints":{"allow":["GET"]}}],"collection":[{"href":"https:\/\/milicia-pro.com\/index.php\/wp-json\/wp\/v2\/product"}],"about":[{"href":"https:\/\/milicia-pro.com\/index.php\/wp-json\/wp\/v2\/types\/product"}],"replies":[{"embeddable":true,"href":"https:\/\/milicia-pro.com\/index.php\/wp-json\/wp\/v2\/comments?post=40237"}],"wp:featuredmedia":[{"embeddable":true,"href":"https:\/\/milicia-pro.com\/index.php\/wp-json\/wp\/v2\/media\/40240"}],"wp:attachment":[{"href":"https:\/\/milicia-pro.com\/index.php\/wp-json\/wp\/v2\/media?parent=40237"}],"wp:term":[{"taxonomy":"product_brand","embeddable":true,"href":"https:\/\/milicia-pro.com\/index.php\/wp-json\/wp\/v2\/product_brand?post=40237"},{"taxonomy":"product_cat","embeddable":true,"href":"https:\/\/milicia-pro.com\/index.php\/wp-json\/wp\/v2\/product_cat?post=40237"},{"taxonomy":"product_tag","embeddable":true,"href":"https:\/\/milicia-pro.com\/index.php\/wp-json\/wp\/v2\/product_tag?post=40237"}],"curies":[{"name":"wp","href":"https:\/\/api.w.org\/{rel}","templated":true}]}}