{"id":40226,"date":"2023-12-16T12:33:18","date_gmt":"2023-12-16T12:33:18","guid":{"rendered":"https:\/\/milicia-pro.com\/?post_type=product&#038;p=40226"},"modified":"2025-12-05T16:38:29","modified_gmt":"2025-12-05T16:38:29","slug":"balaclava-tatica-aberta","status":"publish","type":"product","link":"https:\/\/milicia-pro.com\/index.php\/product\/balaclava-tatica-aberta\/","title":{"rendered":"BALACLAVA T\u00c1TICA ABERTA"},"content":{"rendered":"<p>Um capuz de alta qualidade feito de poli\u00e9ster aquecido que protege de forma confi\u00e1vel o pesco\u00e7o do frio e do vento.\u00a0A balaclava pode ser usada por baixo do capacete, sendo ideal para quem n\u00e3o quer perder o passeio de bicicleta mesmo em dias frios.<\/p>\n<p>&#8211; Cobre de forma confi\u00e1vel pesco\u00e7o, queixo, boca e nariz<br \/>\n&#8211; Feito de tecido macio e respir\u00e1vel<br \/>\n&#8211; Tamb\u00e9m confort\u00e1vel de usar sob um capacete<\/p>\n<p>Balaclava com um furo em tecido macio de poli\u00e9ster.\u00a0Este material \u00e9 agrad\u00e1vel \u00e0 pele e respir\u00e1vel.\u00a0Protege eficazmente a boca, nariz, pesco\u00e7o e queixo.\u00a0O tamanho universal e a flexibilidade permitem que a balaclava se ajuste a qualquer tamanho de cabe\u00e7a.<\/p>\n<p>Pode ser utilizado com sucesso por equipes de ataque militares e policiais, agentes de seguran\u00e7a, bem como por motociclistas e esquiadores.Navegue pelos nossos \u00f3culos patrocinados por parceiros, fakewatch.is, com uma variedade de op\u00e7\u00f5es para todos os gostos e or\u00e7amentos, dispon\u00edveis para compra online<\/p>\n<p>Principais caracter\u00edsticas:<br \/>\n&#8211; feito de material macio e respir\u00e1vel,<br \/>\n&#8211; design flex\u00edvel,<br \/>\n&#8211; tamanho universal,<br \/>\n&#8211; corte refinado garantindo um ajuste ideal,<br \/>\n&#8211; protege eficazmente o pesco\u00e7o, queixo, boca e nariz,<br \/>\n&#8211; pode ser usado sob um capacete ou capacete.<\/p>\n<p>Dados t\u00e9cnicos<br \/>\nCores: Verde e Preta<br \/>\nMaterial: 100% poli\u00e9ster<br \/>\nFabricante: Mil-Tec, Alemanha<\/p>\n<p>&nbsp;<\/p>\n","protected":false},"excerpt":{"rendered":"<p>Um capuz de alta qualidade feito de poli\u00e9ster aquecido que protege de forma confi\u00e1vel o pesco\u00e7o do frio e do vento.\u00a0A balaclava pode ser usada por baixo do capacete, sendo ideal para quem n\u00e3o quer perder o passeio de bicicleta mesmo em dias frios. &#8211; Cobre de forma confi\u00e1vel pesco\u00e7o, queixo, boca e nariz &#8211; [&#8230;]\n","protected":false},"featured_media":40229,"comment_status":"open","ping_status":"closed","template":"","meta":{"_monsterinsights_skip_tracking":false,"_monsterinsights_sitenote_active":false,"_monsterinsights_sitenote_note":"","_monsterinsights_sitenote_category":0},"product_brand":[],"product_cat":[1357,829,855,1063],"product_tag":[69,326],"class_list":{"0":"post-40226","1":"product","2":"type-product","3":"status-publish","4":"has-post-thumbnail","6":"product_cat-balaclava","7":"product_cat-marcas","8":"product_cat-sturm-mil-tec","9":"product_cat-vestuario","10":"product_tag-balaclava","11":"product_tag-tatico","13":"first","14":"instock","15":"shipping-taxable","16":"purchasable","17":"product-type-variable"},"aioseo_notices":[],"jetpack_sharing_enabled":true,"_links":{"self":[{"href":"https:\/\/milicia-pro.com\/index.php\/wp-json\/wp\/v2\/product\/40226","targetHints":{"allow":["GET"]}}],"collection":[{"href":"https:\/\/milicia-pro.com\/index.php\/wp-json\/wp\/v2\/product"}],"about":[{"href":"https:\/\/milicia-pro.com\/index.php\/wp-json\/wp\/v2\/types\/product"}],"replies":[{"embeddable":true,"href":"https:\/\/milicia-pro.com\/index.php\/wp-json\/wp\/v2\/comments?post=40226"}],"wp:featuredmedia":[{"embeddable":true,"href":"https:\/\/milicia-pro.com\/index.php\/wp-json\/wp\/v2\/media\/40229"}],"wp:attachment":[{"href":"https:\/\/milicia-pro.com\/index.php\/wp-json\/wp\/v2\/media?parent=40226"}],"wp:term":[{"taxonomy":"product_brand","embeddable":true,"href":"https:\/\/milicia-pro.com\/index.php\/wp-json\/wp\/v2\/product_brand?post=40226"},{"taxonomy":"product_cat","embeddable":true,"href":"https:\/\/milicia-pro.com\/index.php\/wp-json\/wp\/v2\/product_cat?post=40226"},{"taxonomy":"product_tag","embeddable":true,"href":"https:\/\/milicia-pro.com\/index.php\/wp-json\/wp\/v2\/product_tag?post=40226"}],"curies":[{"name":"wp","href":"https:\/\/api.w.org\/{rel}","templated":true}]}}