{"id":40220,"date":"2023-12-16T12:36:55","date_gmt":"2023-12-16T12:36:55","guid":{"rendered":"https:\/\/milicia-pro.com\/?post_type=product&#038;p=40220"},"modified":"2025-11-17T16:58:32","modified_gmt":"2025-11-17T16:58:32","slug":"balaclava-de-algodao-de-um-furo","status":"publish","type":"product","link":"https:\/\/milicia-pro.com\/index.php\/product\/balaclava-de-algodao-de-um-furo\/","title":{"rendered":"BALACLAVA DE ALGOD\u00c3O DE UM FURO"},"content":{"rendered":"<p>100% algod\u00e3o<\/p>\n<p>Esta Balaclava extralonga protege de forma confi\u00e1vel a cabe\u00e7a e o pesco\u00e7o.<\/p>\n<p>Adequada para usar sob um capacete.<\/p>\n<p>Uma s\u00f3 abertura na zona de olhos e nariz<\/p>\n<p>Cor: Verde e Preto<\/p>\n","protected":false},"excerpt":{"rendered":"<p>100% algod\u00e3o Esta Balaclava extralonga protege de forma confi\u00e1vel a cabe\u00e7a e o pesco\u00e7o. Adequada para usar sob um capacete. Uma s\u00f3 abertura na zona de olhos e nariz Cor: Verde e Preto<\/p>\n","protected":false},"featured_media":40221,"comment_status":"open","ping_status":"closed","template":"","meta":{"_monsterinsights_skip_tracking":false,"_monsterinsights_sitenote_active":false,"_monsterinsights_sitenote_note":"","_monsterinsights_sitenote_category":0},"product_brand":[],"product_cat":[1357,829,855,1063],"product_tag":[69,326],"class_list":{"0":"post-40220","1":"product","2":"type-product","3":"status-publish","4":"has-post-thumbnail","6":"product_cat-balaclava","7":"product_cat-marcas","8":"product_cat-sturm-mil-tec","9":"product_cat-vestuario","10":"product_tag-balaclava","11":"product_tag-tatico","13":"first","14":"instock","15":"shipping-taxable","16":"purchasable","17":"product-type-variable"},"aioseo_notices":[],"jetpack_sharing_enabled":true,"_links":{"self":[{"href":"https:\/\/milicia-pro.com\/index.php\/wp-json\/wp\/v2\/product\/40220","targetHints":{"allow":["GET"]}}],"collection":[{"href":"https:\/\/milicia-pro.com\/index.php\/wp-json\/wp\/v2\/product"}],"about":[{"href":"https:\/\/milicia-pro.com\/index.php\/wp-json\/wp\/v2\/types\/product"}],"replies":[{"embeddable":true,"href":"https:\/\/milicia-pro.com\/index.php\/wp-json\/wp\/v2\/comments?post=40220"}],"wp:featuredmedia":[{"embeddable":true,"href":"https:\/\/milicia-pro.com\/index.php\/wp-json\/wp\/v2\/media\/40221"}],"wp:attachment":[{"href":"https:\/\/milicia-pro.com\/index.php\/wp-json\/wp\/v2\/media?parent=40220"}],"wp:term":[{"taxonomy":"product_brand","embeddable":true,"href":"https:\/\/milicia-pro.com\/index.php\/wp-json\/wp\/v2\/product_brand?post=40220"},{"taxonomy":"product_cat","embeddable":true,"href":"https:\/\/milicia-pro.com\/index.php\/wp-json\/wp\/v2\/product_cat?post=40220"},{"taxonomy":"product_tag","embeddable":true,"href":"https:\/\/milicia-pro.com\/index.php\/wp-json\/wp\/v2\/product_tag?post=40220"}],"curies":[{"name":"wp","href":"https:\/\/api.w.org\/{rel}","templated":true}]}}