{"id":40213,"date":"2023-12-16T12:45:33","date_gmt":"2023-12-16T12:45:33","guid":{"rendered":"https:\/\/milicia-pro.com\/?post_type=product&#038;p=40213"},"modified":"2025-11-17T16:57:52","modified_gmt":"2025-11-17T16:57:52","slug":"balaclava-em-algodao-de-tres-furos","status":"publish","type":"product","link":"https:\/\/milicia-pro.com\/index.php\/product\/balaclava-em-algodao-de-tres-furos\/","title":{"rendered":"BALACLAVA EM ALGOD\u00c3O DE TR\u00caS FUROS"},"content":{"rendered":"<p>BALACLAVA DE 3 FUROS confecionada em algod\u00e3o de alta qualidade e \u00f3timas caracter\u00edsticas respir\u00e1veis.\u00a0Adapta-se facilmente ao formato da cabe\u00e7a e mant\u00e9m a temperatura corporal ideal.\u00a0A balaclava tamb\u00e9m pode ser usada sob capacete para motociclistas, ciclistas, esquiadores e snowboarders.<\/p>\n<ul>\n<li>Fabricante: Mil-Tec<\/li>\n<li>Material: 100% Algod\u00e3o 230g\/m2<\/li>\n<li>3 buracos<\/li>\n<li>Proteja cabe\u00e7a, pesco\u00e7o e nuca<\/li>\n<li>Material respir\u00e1vel<\/li>\n<li>Costas extralongas para melhor prote\u00e7\u00e3o do pesco\u00e7o<\/li>\n<li>Cor: Verde e Preto<\/li>\n<\/ul>\n<p>&nbsp;<\/p>\n","protected":false},"excerpt":{"rendered":"<p>BALACLAVA DE 3 FUROS confecionada em algod\u00e3o de alta qualidade e \u00f3timas caracter\u00edsticas respir\u00e1veis.\u00a0Adapta-se facilmente ao formato da cabe\u00e7a e mant\u00e9m a temperatura corporal ideal.\u00a0A balaclava tamb\u00e9m pode ser usada sob capacete para motociclistas, ciclistas, esquiadores e snowboarders. Fabricante: Mil-Tec Material: 100% Algod\u00e3o 230g\/m2 3 buracos Proteja cabe\u00e7a, pesco\u00e7o e nuca Material respir\u00e1vel Costas extralongas [&#8230;]\n","protected":false},"featured_media":40215,"comment_status":"open","ping_status":"closed","template":"","meta":{"_monsterinsights_skip_tracking":false,"_monsterinsights_sitenote_active":false,"_monsterinsights_sitenote_note":"","_monsterinsights_sitenote_category":0},"product_brand":[],"product_cat":[1357,829,855,1063],"product_tag":[69,326],"class_list":{"0":"post-40213","1":"product","2":"type-product","3":"status-publish","4":"has-post-thumbnail","6":"product_cat-balaclava","7":"product_cat-marcas","8":"product_cat-sturm-mil-tec","9":"product_cat-vestuario","10":"product_tag-balaclava","11":"product_tag-tatico","13":"first","14":"instock","15":"shipping-taxable","16":"purchasable","17":"product-type-variable"},"aioseo_notices":[],"jetpack_sharing_enabled":true,"_links":{"self":[{"href":"https:\/\/milicia-pro.com\/index.php\/wp-json\/wp\/v2\/product\/40213","targetHints":{"allow":["GET"]}}],"collection":[{"href":"https:\/\/milicia-pro.com\/index.php\/wp-json\/wp\/v2\/product"}],"about":[{"href":"https:\/\/milicia-pro.com\/index.php\/wp-json\/wp\/v2\/types\/product"}],"replies":[{"embeddable":true,"href":"https:\/\/milicia-pro.com\/index.php\/wp-json\/wp\/v2\/comments?post=40213"}],"wp:featuredmedia":[{"embeddable":true,"href":"https:\/\/milicia-pro.com\/index.php\/wp-json\/wp\/v2\/media\/40215"}],"wp:attachment":[{"href":"https:\/\/milicia-pro.com\/index.php\/wp-json\/wp\/v2\/media?parent=40213"}],"wp:term":[{"taxonomy":"product_brand","embeddable":true,"href":"https:\/\/milicia-pro.com\/index.php\/wp-json\/wp\/v2\/product_brand?post=40213"},{"taxonomy":"product_cat","embeddable":true,"href":"https:\/\/milicia-pro.com\/index.php\/wp-json\/wp\/v2\/product_cat?post=40213"},{"taxonomy":"product_tag","embeddable":true,"href":"https:\/\/milicia-pro.com\/index.php\/wp-json\/wp\/v2\/product_tag?post=40213"}],"curies":[{"name":"wp","href":"https:\/\/api.w.org\/{rel}","templated":true}]}}