{"id":40200,"date":"2023-11-13T10:28:16","date_gmt":"2023-11-13T10:28:16","guid":{"rendered":"https:\/\/milicia-pro.com\/?post_type=product&#038;p=40200"},"modified":"2025-07-02T14:28:59","modified_gmt":"2025-07-02T14:28:59","slug":"capacete-de-protecao-mouse-work","status":"publish","type":"product","link":"https:\/\/milicia-pro.com\/index.php\/product\/capacete-de-protecao-mouse-work\/","title":{"rendered":"CAPACETE DE PROTE\u00c7\u00c3O MOUSE WORK"},"content":{"rendered":"<p>Capacete de seguran\u00e7a para trabalhos em altura, atividades industriais e constru\u00e7\u00e3o civil.<\/p>\n<ul>\n<li>Capacete leve, confort\u00e1vel e bem ventilado com sistema de ajuste de rodas.<\/li>\n<li>Correia de queixo desenhada para abrir em caso de suspens\u00e3o e evitar asfixia: abre entre 15 e 25 daN (em conformidade com a norma CE EN 397).<\/li>\n<li>Roda de ajuste de tamanho facilmente manej\u00e1vel mesmo com luvas.<\/li>\n<li>Concha com furos de ventila\u00e7\u00e3o e clipes para montagem de far\u00f3is.<\/li>\n<li>Furos pr\u00e9-perfurados para instala\u00e7\u00e3o da viseira e protetores auriculares (opcional).<\/li>\n<li>Sistema interno de suspens\u00e3o em correias com estofamento remov\u00edvel e lav\u00e1vel.<\/li>\n<li>Dispon\u00edvel em diversas cores (branco, amarelo, vermelho, preto e alta visibilidade) tamb\u00e9m com emborrachados especiais<\/li>\n<li>Dispon\u00edvel em diversas cores (branco, amarelo, vermelho, preto e alta visibilidade) tamb\u00e9m com acabamento especial emborrachado preto \u201cSoft Touch\u201d<\/li>\n<li>Vers\u00e3o HV (alta visibilidade) em amarelo fluo com adesivos refletivos.<\/li>\n<li>Vers\u00f5es refletivas dedicadas \u00e0 emerg\u00eancia m\u00e9dica e assist\u00eancia p\u00fablica, nas cores vermelha ou branca com adesivos refletivos para visibilidade noturna.<\/li>\n<li>Tamanho universal (52-64 cm).<\/li>\n<li>Produto de alta qualidade, fabricado na It\u00e1lia!<\/li>\n<\/ul>\n","protected":false},"excerpt":{"rendered":"<p>Capacete de seguran\u00e7a para trabalhos em altura, atividades industriais e constru\u00e7\u00e3o civil. Capacete leve, confort\u00e1vel e bem ventilado com sistema de ajuste de rodas. Correia de queixo desenhada para abrir em caso de suspens\u00e3o e evitar asfixia: abre entre 15 e 25 daN (em conformidade com a norma CE EN 397). Roda de ajuste de [&#8230;]\n","protected":false},"featured_media":40201,"comment_status":"open","ping_status":"closed","template":"","meta":{"_monsterinsights_skip_tracking":false,"_monsterinsights_sitenote_active":false,"_monsterinsights_sitenote_note":"","_monsterinsights_sitenote_category":0},"product_brand":[],"product_cat":[1196,1188,829,1068],"product_tag":[101,513,713],"class_list":{"0":"post-40200","1":"product","2":"type-product","3":"status-publish","4":"has-post-thumbnail","6":"product_cat-capacete","7":"product_cat-kong","8":"product_cat-marcas","9":"product_cat-outdoor","10":"product_tag-capacete","11":"product_tag-protecao","12":"product_tag-trabalho","14":"first","15":"instock","16":"shipping-taxable","17":"purchasable","18":"product-type-variable"},"aioseo_notices":[],"jetpack_sharing_enabled":true,"_links":{"self":[{"href":"https:\/\/milicia-pro.com\/index.php\/wp-json\/wp\/v2\/product\/40200","targetHints":{"allow":["GET"]}}],"collection":[{"href":"https:\/\/milicia-pro.com\/index.php\/wp-json\/wp\/v2\/product"}],"about":[{"href":"https:\/\/milicia-pro.com\/index.php\/wp-json\/wp\/v2\/types\/product"}],"replies":[{"embeddable":true,"href":"https:\/\/milicia-pro.com\/index.php\/wp-json\/wp\/v2\/comments?post=40200"}],"wp:featuredmedia":[{"embeddable":true,"href":"https:\/\/milicia-pro.com\/index.php\/wp-json\/wp\/v2\/media\/40201"}],"wp:attachment":[{"href":"https:\/\/milicia-pro.com\/index.php\/wp-json\/wp\/v2\/media?parent=40200"}],"wp:term":[{"taxonomy":"product_brand","embeddable":true,"href":"https:\/\/milicia-pro.com\/index.php\/wp-json\/wp\/v2\/product_brand?post=40200"},{"taxonomy":"product_cat","embeddable":true,"href":"https:\/\/milicia-pro.com\/index.php\/wp-json\/wp\/v2\/product_cat?post=40200"},{"taxonomy":"product_tag","embeddable":true,"href":"https:\/\/milicia-pro.com\/index.php\/wp-json\/wp\/v2\/product_tag?post=40200"}],"curies":[{"name":"wp","href":"https:\/\/api.w.org\/{rel}","templated":true}]}}