{"id":40175,"date":"2023-10-31T14:08:33","date_gmt":"2023-10-31T14:08:33","guid":{"rendered":"https:\/\/milicia-pro.com\/?post_type=product&#038;p=40175"},"modified":"2025-12-23T18:33:31","modified_gmt":"2025-12-23T18:33:31","slug":"descendente-de-canyoning-oka","status":"publish","type":"product","link":"https:\/\/milicia-pro.com\/index.php\/product\/descendente-de-canyoning-oka\/","title":{"rendered":"DESCENDENTE DE CANYONING OKA"},"content":{"rendered":"<p>Descendente especialmente concebido para canyoning, concebido n\u00e3o s\u00f3 para progress\u00e3o em corda, mas tamb\u00e9m para utiliza\u00e7\u00e3o em situa\u00e7\u00f5es de emerg\u00eancia, recupera\u00e7\u00e3o e salvamento muito dif\u00edceis de gerir com outros dispositivos.<br \/>\nFun\u00e7\u00e3o r\u00e1pida, segura e eficaz em todas as condi\u00e7\u00f5es.<br \/>\nA facilidade de opera\u00e7\u00e3o, a diversidade de t\u00e9cnicas de progress\u00e3o em cordas de diferentes di\u00e2metros e a multiplicidade de posi\u00e7\u00f5es de travagem s\u00e3o caracter\u00edsticas alcan\u00e7adas atrav\u00e9s do seu desenvolvimento conjunto com t\u00e9cnicos de salvamento.<br \/>\nConector sugerido: Autobloco Multiuso Grande # 737LM0PPBKK<br \/>\nDispon\u00edvel em conjunto OKA + Conector Autobloco Multiuso Grande # 805SET001KK<br \/>\nFornecido com duas pe\u00e7as sobressalentes de borracha.<\/p>\n","protected":false},"excerpt":{"rendered":"<p>Descendente especialmente concebido para canyoning, concebido n\u00e3o s\u00f3 para progress\u00e3o em corda, mas tamb\u00e9m para utiliza\u00e7\u00e3o em situa\u00e7\u00f5es de emerg\u00eancia, recupera\u00e7\u00e3o e salvamento muito dif\u00edceis de gerir com outros dispositivos. Fun\u00e7\u00e3o r\u00e1pida, segura e eficaz em todas as condi\u00e7\u00f5es. A facilidade de opera\u00e7\u00e3o, a diversidade de t\u00e9cnicas de progress\u00e3o em cordas de diferentes di\u00e2metros e [&#8230;]\n","protected":false},"featured_media":40177,"comment_status":"open","ping_status":"closed","template":"","meta":{"_monsterinsights_skip_tracking":false,"_monsterinsights_sitenote_active":false,"_monsterinsights_sitenote_note":"","_monsterinsights_sitenote_category":0},"product_brand":[],"product_cat":[1188,829,1191,1068,1074],"product_tag":[1194,505],"class_list":{"0":"post-40175","1":"product","2":"type-product","3":"status-publish","4":"has-post-thumbnail","6":"product_cat-kong","7":"product_cat-marcas","8":"product_cat-mosquetao-descendente","9":"product_cat-outdoor","10":"product_cat-sobrevivencia","11":"product_tag-descendente","12":"product_tag-seguranca","14":"first","15":"instock","16":"shipping-taxable","17":"purchasable","18":"product-type-variable"},"aioseo_notices":[],"jetpack_sharing_enabled":true,"_links":{"self":[{"href":"https:\/\/milicia-pro.com\/index.php\/wp-json\/wp\/v2\/product\/40175","targetHints":{"allow":["GET"]}}],"collection":[{"href":"https:\/\/milicia-pro.com\/index.php\/wp-json\/wp\/v2\/product"}],"about":[{"href":"https:\/\/milicia-pro.com\/index.php\/wp-json\/wp\/v2\/types\/product"}],"replies":[{"embeddable":true,"href":"https:\/\/milicia-pro.com\/index.php\/wp-json\/wp\/v2\/comments?post=40175"}],"wp:featuredmedia":[{"embeddable":true,"href":"https:\/\/milicia-pro.com\/index.php\/wp-json\/wp\/v2\/media\/40177"}],"wp:attachment":[{"href":"https:\/\/milicia-pro.com\/index.php\/wp-json\/wp\/v2\/media?parent=40175"}],"wp:term":[{"taxonomy":"product_brand","embeddable":true,"href":"https:\/\/milicia-pro.com\/index.php\/wp-json\/wp\/v2\/product_brand?post=40175"},{"taxonomy":"product_cat","embeddable":true,"href":"https:\/\/milicia-pro.com\/index.php\/wp-json\/wp\/v2\/product_cat?post=40175"},{"taxonomy":"product_tag","embeddable":true,"href":"https:\/\/milicia-pro.com\/index.php\/wp-json\/wp\/v2\/product_tag?post=40175"}],"curies":[{"name":"wp","href":"https:\/\/api.w.org\/{rel}","templated":true}]}}