{"id":40172,"date":"2024-10-01T16:22:57","date_gmt":"2024-10-01T16:22:57","guid":{"rendered":"https:\/\/milicia-pro.com\/?post_type=product&#038;p=40172"},"modified":"2025-07-02T14:28:03","modified_gmt":"2025-07-02T14:28:03","slug":"descendente-com-asas-big-8-classic","status":"publish","type":"product","link":"https:\/\/milicia-pro.com\/index.php\/product\/descendente-com-asas-big-8-classic\/","title":{"rendered":"DESCENDENTE COM ASAS BIG 8 CLASSIC"},"content":{"rendered":"<p>Figura &#8216;8&#8217; descendente com asas para criar um n\u00f3 de travamento.\u00a0Perfeito para amarrar o primeiro escalador com cordas duplas.<br \/>\nA grande abertura central permite superar quaisquer n\u00f3s das cordas.<br \/>\nFunciona em cordas de 9 a 16 mm.<br \/>\nDispon\u00edvel nas vers\u00f5es liga de alum\u00ednio e a\u00e7o inoxid\u00e1vel.<\/p>\n","protected":false},"excerpt":{"rendered":"<p>Figura &#8216;8&#8217; descendente com asas para criar um n\u00f3 de travamento.\u00a0Perfeito para amarrar o primeiro escalador com cordas duplas. A grande abertura central permite superar quaisquer n\u00f3s das cordas. Funciona em cordas de 9 a 16 mm. Dispon\u00edvel nas vers\u00f5es liga de alum\u00ednio e a\u00e7o inoxid\u00e1vel.<\/p>\n","protected":false},"featured_media":40174,"comment_status":"open","ping_status":"closed","template":"","meta":{"_monsterinsights_skip_tracking":false,"_monsterinsights_sitenote_active":false,"_monsterinsights_sitenote_note":"","_monsterinsights_sitenote_category":0},"product_brand":[],"product_cat":[1188,829,1191,1068,1074],"product_tag":[1194,505,306],"class_list":{"0":"post-40172","1":"product","2":"type-product","3":"status-publish","4":"has-post-thumbnail","6":"product_cat-kong","7":"product_cat-marcas","8":"product_cat-mosquetao-descendente","9":"product_cat-outdoor","10":"product_cat-sobrevivencia","11":"product_tag-descendente","12":"product_tag-seguranca","13":"product_tag-sobrevivencia","15":"first","16":"instock","17":"shipping-taxable","18":"purchasable","19":"product-type-variable"},"aioseo_notices":[],"jetpack_sharing_enabled":true,"_links":{"self":[{"href":"https:\/\/milicia-pro.com\/index.php\/wp-json\/wp\/v2\/product\/40172","targetHints":{"allow":["GET"]}}],"collection":[{"href":"https:\/\/milicia-pro.com\/index.php\/wp-json\/wp\/v2\/product"}],"about":[{"href":"https:\/\/milicia-pro.com\/index.php\/wp-json\/wp\/v2\/types\/product"}],"replies":[{"embeddable":true,"href":"https:\/\/milicia-pro.com\/index.php\/wp-json\/wp\/v2\/comments?post=40172"}],"wp:featuredmedia":[{"embeddable":true,"href":"https:\/\/milicia-pro.com\/index.php\/wp-json\/wp\/v2\/media\/40174"}],"wp:attachment":[{"href":"https:\/\/milicia-pro.com\/index.php\/wp-json\/wp\/v2\/media?parent=40172"}],"wp:term":[{"taxonomy":"product_brand","embeddable":true,"href":"https:\/\/milicia-pro.com\/index.php\/wp-json\/wp\/v2\/product_brand?post=40172"},{"taxonomy":"product_cat","embeddable":true,"href":"https:\/\/milicia-pro.com\/index.php\/wp-json\/wp\/v2\/product_cat?post=40172"},{"taxonomy":"product_tag","embeddable":true,"href":"https:\/\/milicia-pro.com\/index.php\/wp-json\/wp\/v2\/product_tag?post=40172"}],"curies":[{"name":"wp","href":"https:\/\/api.w.org\/{rel}","templated":true}]}}