{"id":40161,"date":"2023-11-13T10:10:13","date_gmt":"2023-11-13T10:10:13","guid":{"rendered":"https:\/\/milicia-pro.com\/?post_type=product&#038;p=40161"},"modified":"2025-12-23T18:34:52","modified_gmt":"2025-12-23T18:34:52","slug":"liga-de-aluminio-ferrata-auto-block","status":"publish","type":"product","link":"https:\/\/milicia-pro.com\/index.php\/product\/liga-de-aluminio-ferrata-auto-block\/","title":{"rendered":"LIGA DE ALUMINIO FERRATA AUTO BLOCK"},"content":{"rendered":"<p>Mosquet\u00e3o de alum\u00ednio com manga Auto Block de 3 movimentos e sistema Keylock.\u00a0O seu formato especial permite uma grande abertura (menos de 26 mm!) e uma excelente ader\u00eancia.\u00a0A capa Auto Block torna-o adequado para uso profissional.<br \/>\nNormalmente usado em talabartes para progress\u00e3o e posicionamento.<\/p>\n<p>Principais caracter\u00edsticas:<\/p>\n<p>&#8211; Abertura e capacidades melhoradas gra\u00e7as \u00e0 dobra em forma de D<br \/>\n&#8211; Sistema Keylock<br \/>\n&#8211; Produto de alta qualidade totalmente desenvolvido e fabricado na It\u00e1lia<br \/>\n&#8211; Testado pe\u00e7a por pe\u00e7a<\/p>\n","protected":false},"excerpt":{"rendered":"<p>Mosquet\u00e3o de alum\u00ednio com manga Auto Block de 3 movimentos e sistema Keylock.\u00a0O seu formato especial permite uma grande abertura (menos de 26 mm!) e uma excelente ader\u00eancia.\u00a0A capa Auto Block torna-o adequado para uso profissional. Normalmente usado em talabartes para progress\u00e3o e posicionamento. Principais caracter\u00edsticas: &#8211; Abertura e capacidades melhoradas gra\u00e7as \u00e0 dobra em [&#8230;]\n","protected":false},"featured_media":40162,"comment_status":"open","ping_status":"closed","template":"","meta":{"_monsterinsights_skip_tracking":false,"_monsterinsights_sitenote_active":false,"_monsterinsights_sitenote_note":"","_monsterinsights_sitenote_category":0},"product_brand":[],"product_cat":[1188,829,1191,1068,1074],"product_tag":[1192,218,306],"class_list":{"0":"post-40161","1":"product","2":"type-product","3":"status-publish","4":"has-post-thumbnail","6":"product_cat-kong","7":"product_cat-marcas","8":"product_cat-mosquetao-descendente","9":"product_cat-outdoor","10":"product_cat-sobrevivencia","11":"product_tag-liga-de-aluminio","12":"product_tag-mosquetao","13":"product_tag-sobrevivencia","15":"first","16":"instock","17":"shipping-taxable","18":"purchasable","19":"product-type-variable"},"aioseo_notices":[],"jetpack_sharing_enabled":true,"_links":{"self":[{"href":"https:\/\/milicia-pro.com\/index.php\/wp-json\/wp\/v2\/product\/40161","targetHints":{"allow":["GET"]}}],"collection":[{"href":"https:\/\/milicia-pro.com\/index.php\/wp-json\/wp\/v2\/product"}],"about":[{"href":"https:\/\/milicia-pro.com\/index.php\/wp-json\/wp\/v2\/types\/product"}],"replies":[{"embeddable":true,"href":"https:\/\/milicia-pro.com\/index.php\/wp-json\/wp\/v2\/comments?post=40161"}],"wp:featuredmedia":[{"embeddable":true,"href":"https:\/\/milicia-pro.com\/index.php\/wp-json\/wp\/v2\/media\/40162"}],"wp:attachment":[{"href":"https:\/\/milicia-pro.com\/index.php\/wp-json\/wp\/v2\/media?parent=40161"}],"wp:term":[{"taxonomy":"product_brand","embeddable":true,"href":"https:\/\/milicia-pro.com\/index.php\/wp-json\/wp\/v2\/product_brand?post=40161"},{"taxonomy":"product_cat","embeddable":true,"href":"https:\/\/milicia-pro.com\/index.php\/wp-json\/wp\/v2\/product_cat?post=40161"},{"taxonomy":"product_tag","embeddable":true,"href":"https:\/\/milicia-pro.com\/index.php\/wp-json\/wp\/v2\/product_tag?post=40161"}],"curies":[{"name":"wp","href":"https:\/\/api.w.org\/{rel}","templated":true}]}}