{"id":40157,"date":"2023-11-13T10:11:25","date_gmt":"2023-11-13T10:11:25","guid":{"rendered":"https:\/\/milicia-pro.com\/?post_type=product&#038;p=40157"},"modified":"2025-09-29T10:41:56","modified_gmt":"2025-09-29T10:41:56","slug":"mosquetao-de-aluminio-ovalone-alu-auto-block","status":"publish","type":"product","link":"https:\/\/milicia-pro.com\/index.php\/product\/mosquetao-de-aluminio-ovalone-alu-auto-block\/","title":{"rendered":"MOSQUET\u00c3O DE ALUMINIO OVALONE ALU AUTO BLOCK"},"content":{"rendered":"<ul>\n<li>Manga autoblock (3 movimentos): para abrir o mosquet\u00e3o deve-se levantar a manga, gir\u00e1-la e depois puxar a alavanca<\/li>\n<li>Bloqueio do sistema<\/li>\n<li>Produto de alta qualidade inteiramente desenvolvido e fabricado na It\u00e1lia<\/li>\n<li>Testado pe\u00e7a por pe\u00e7a<\/li>\n<\/ul>\n<p>&nbsp;<\/p>\n","protected":false},"excerpt":{"rendered":"<p>Manga autoblock (3 movimentos): para abrir o mosquet\u00e3o deve-se levantar a manga, gir\u00e1-la e depois puxar a alavanca Bloqueio do sistema Produto de alta qualidade inteiramente desenvolvido e fabricado na It\u00e1lia Testado pe\u00e7a por pe\u00e7a &nbsp;<\/p>\n","protected":false},"featured_media":40159,"comment_status":"open","ping_status":"closed","template":"","meta":{"_monsterinsights_skip_tracking":false,"_monsterinsights_sitenote_active":false,"_monsterinsights_sitenote_note":"","_monsterinsights_sitenote_category":0},"product_brand":[],"product_cat":[1191,1068,1074],"product_tag":[218,505,306],"class_list":{"0":"post-40157","1":"product","2":"type-product","3":"status-publish","4":"has-post-thumbnail","6":"product_cat-mosquetao-descendente","7":"product_cat-outdoor","8":"product_cat-sobrevivencia","9":"product_tag-mosquetao","10":"product_tag-seguranca","11":"product_tag-sobrevivencia","13":"first","14":"instock","15":"shipping-taxable","16":"purchasable","17":"product-type-variable"},"aioseo_notices":[],"jetpack_sharing_enabled":true,"_links":{"self":[{"href":"https:\/\/milicia-pro.com\/index.php\/wp-json\/wp\/v2\/product\/40157","targetHints":{"allow":["GET"]}}],"collection":[{"href":"https:\/\/milicia-pro.com\/index.php\/wp-json\/wp\/v2\/product"}],"about":[{"href":"https:\/\/milicia-pro.com\/index.php\/wp-json\/wp\/v2\/types\/product"}],"replies":[{"embeddable":true,"href":"https:\/\/milicia-pro.com\/index.php\/wp-json\/wp\/v2\/comments?post=40157"}],"wp:featuredmedia":[{"embeddable":true,"href":"https:\/\/milicia-pro.com\/index.php\/wp-json\/wp\/v2\/media\/40159"}],"wp:attachment":[{"href":"https:\/\/milicia-pro.com\/index.php\/wp-json\/wp\/v2\/media?parent=40157"}],"wp:term":[{"taxonomy":"product_brand","embeddable":true,"href":"https:\/\/milicia-pro.com\/index.php\/wp-json\/wp\/v2\/product_brand?post=40157"},{"taxonomy":"product_cat","embeddable":true,"href":"https:\/\/milicia-pro.com\/index.php\/wp-json\/wp\/v2\/product_cat?post=40157"},{"taxonomy":"product_tag","embeddable":true,"href":"https:\/\/milicia-pro.com\/index.php\/wp-json\/wp\/v2\/product_tag?post=40157"}],"curies":[{"name":"wp","href":"https:\/\/api.w.org\/{rel}","templated":true}]}}