{"id":40152,"date":"2023-11-13T10:08:05","date_gmt":"2023-11-13T10:08:05","guid":{"rendered":"https:\/\/milicia-pro.com\/?post_type=product&#038;p=40152"},"modified":"2025-07-02T14:35:09","modified_gmt":"2025-07-02T14:35:09","slug":"fivelas-rapidas-para-pernas-hho-turbo","status":"publish","type":"product","link":"https:\/\/milicia-pro.com\/index.php\/product\/fivelas-rapidas-para-pernas-hho-turbo\/","title":{"rendered":"FIVELAS R\u00c1PIDAS PARA PERNAS HHO TURBO"},"content":{"rendered":"<p style=\"line-height: 19.5pt;background: white;vertical-align: baseline;margin: 0cm 0cm 7.5pt 0cm\"><span style=\"font-size: 13.0pt;font-family: 'Lato',sans-serif;color: #333333\">Arn\u00eas especial para trabalhos em altura e atividades de resgate, equipado com acolchoamento traseiro redesenhado, ergon\u00f4mico e respir\u00e1vel que torna o curativo r\u00e1pido e f\u00e1cil.\u00a0Fivelas r\u00e1pidas nas presilhas das pernas.\u00a0Ponto de fixa\u00e7\u00e3o dorsal elevado, facilmente acess\u00edvel mesmo durante o transporte de material no ombro (cilindros de oxig\u00eanio, mochilas, etc.).\u00a0Ponto de fixa\u00e7\u00e3o esterno com an\u00e9is largos amarelos para f\u00e1cil identifica\u00e7\u00e3o que podem ser utilizados tamb\u00e9m como al\u00e7as para manuseio do operador.\u00a0Correias de poli\u00e9ster HT (alta tenacidade).\u00a0Correias tubulares.\u00a0Fivela r\u00e1pida para fechamento e posicionamento (peitoral), para uma atitude operacional eficaz e imediata.<\/span><\/p>\n<p style=\"margin: 0cm;line-height: 19.5pt;background: white;vertical-align: baseline\"><span style=\"font-size: 13.0pt;font-family: 'Lato',sans-serif;color: #333333\">Produto de alta qualidade, totalmente fabricado na It\u00e1lia!<\/span><\/p>\n","protected":false},"excerpt":{"rendered":"<p>Arn\u00eas especial para trabalhos em altura e atividades de resgate, equipado com acolchoamento traseiro redesenhado, ergon\u00f4mico e respir\u00e1vel que torna o curativo r\u00e1pido e f\u00e1cil.\u00a0Fivelas r\u00e1pidas nas presilhas das pernas.\u00a0Ponto de fixa\u00e7\u00e3o dorsal elevado, facilmente acess\u00edvel mesmo durante o transporte de material no ombro (cilindros de oxig\u00eanio, mochilas, etc.).\u00a0Ponto de fixa\u00e7\u00e3o esterno com an\u00e9is largos [&#8230;]\n","protected":false},"featured_media":40153,"comment_status":"open","ping_status":"closed","template":"","meta":{"_monsterinsights_skip_tracking":false,"_monsterinsights_sitenote_active":false,"_monsterinsights_sitenote_note":"","_monsterinsights_sitenote_category":0},"product_brand":[],"product_cat":[1188,829,1068,1074],"product_tag":[701,1190,306],"class_list":{"0":"post-40152","1":"product","2":"type-product","3":"status-publish","4":"has-post-thumbnail","6":"product_cat-kong","7":"product_cat-marcas","8":"product_cat-outdoor","9":"product_cat-sobrevivencia","10":"product_tag-arnes","11":"product_tag-fivelas","12":"product_tag-sobrevivencia","14":"first","15":"instock","16":"shipping-taxable","17":"purchasable","18":"product-type-variable"},"aioseo_notices":[],"jetpack_sharing_enabled":true,"_links":{"self":[{"href":"https:\/\/milicia-pro.com\/index.php\/wp-json\/wp\/v2\/product\/40152","targetHints":{"allow":["GET"]}}],"collection":[{"href":"https:\/\/milicia-pro.com\/index.php\/wp-json\/wp\/v2\/product"}],"about":[{"href":"https:\/\/milicia-pro.com\/index.php\/wp-json\/wp\/v2\/types\/product"}],"replies":[{"embeddable":true,"href":"https:\/\/milicia-pro.com\/index.php\/wp-json\/wp\/v2\/comments?post=40152"}],"wp:featuredmedia":[{"embeddable":true,"href":"https:\/\/milicia-pro.com\/index.php\/wp-json\/wp\/v2\/media\/40153"}],"wp:attachment":[{"href":"https:\/\/milicia-pro.com\/index.php\/wp-json\/wp\/v2\/media?parent=40152"}],"wp:term":[{"taxonomy":"product_brand","embeddable":true,"href":"https:\/\/milicia-pro.com\/index.php\/wp-json\/wp\/v2\/product_brand?post=40152"},{"taxonomy":"product_cat","embeddable":true,"href":"https:\/\/milicia-pro.com\/index.php\/wp-json\/wp\/v2\/product_cat?post=40152"},{"taxonomy":"product_tag","embeddable":true,"href":"https:\/\/milicia-pro.com\/index.php\/wp-json\/wp\/v2\/product_tag?post=40152"}],"curies":[{"name":"wp","href":"https:\/\/api.w.org\/{rel}","templated":true}]}}