{"id":40148,"date":"2023-11-13T10:18:08","date_gmt":"2023-11-13T10:18:08","guid":{"rendered":"https:\/\/milicia-pro.com\/?post_type=product&#038;p=40148"},"modified":"2025-07-02T14:31:38","modified_gmt":"2025-07-02T14:31:38","slug":"arnes-de-resgate-roger","status":"publish","type":"product","link":"https:\/\/milicia-pro.com\/index.php\/product\/arnes-de-resgate-roger\/","title":{"rendered":"ARN\u00caS DE RESGATE ROGER"},"content":{"rendered":"<p>Arn\u00eas de resgate, f\u00e1cil de ajustar pelas quatro fivelas especiais de travamento autom\u00e1tico.\u00a0Equipado com acolchoamentos largos, confort\u00e1veis \u200b\u200be respir\u00e1veis, uma al\u00e7a de seguran\u00e7a frontal, cinco al\u00e7as de engrenagem dispostas para evitar enroscamento acidental e uma al\u00e7a traseira grande e confort\u00e1vel para facilitar o manuseio do operador durante os diferentes movimentos na m\u00e1quina e no solo.<br \/>\nProduto de alta qualidade, fabricado na It\u00e1lia!<\/p>\n<p><strong>Testado a 150 kg (EN 813)<\/strong><\/p>\n","protected":false},"excerpt":{"rendered":"<p>Arn\u00eas de resgate, f\u00e1cil de ajustar pelas quatro fivelas especiais de travamento autom\u00e1tico.\u00a0Equipado com acolchoamentos largos, confort\u00e1veis \u200b\u200be respir\u00e1veis, uma al\u00e7a de seguran\u00e7a frontal, cinco al\u00e7as de engrenagem dispostas para evitar enroscamento acidental e uma al\u00e7a traseira grande e confort\u00e1vel para facilitar o manuseio do operador durante os diferentes movimentos na m\u00e1quina e no solo. [&#8230;]\n","protected":false},"featured_media":40150,"comment_status":"open","ping_status":"closed","template":"","meta":{"_monsterinsights_skip_tracking":false,"_monsterinsights_sitenote_active":false,"_monsterinsights_sitenote_note":"","_monsterinsights_sitenote_category":0},"product_brand":[],"product_cat":[1188,829,1068,1074],"product_tag":[701,167,505,306],"class_list":{"0":"post-40148","1":"product","2":"type-product","3":"status-publish","4":"has-post-thumbnail","6":"product_cat-kong","7":"product_cat-marcas","8":"product_cat-outdoor","9":"product_cat-sobrevivencia","10":"product_tag-arnes","11":"product_tag-harness","12":"product_tag-seguranca","13":"product_tag-sobrevivencia","15":"first","16":"instock","17":"shipping-taxable","18":"purchasable","19":"product-type-variable"},"aioseo_notices":[],"jetpack_sharing_enabled":true,"_links":{"self":[{"href":"https:\/\/milicia-pro.com\/index.php\/wp-json\/wp\/v2\/product\/40148","targetHints":{"allow":["GET"]}}],"collection":[{"href":"https:\/\/milicia-pro.com\/index.php\/wp-json\/wp\/v2\/product"}],"about":[{"href":"https:\/\/milicia-pro.com\/index.php\/wp-json\/wp\/v2\/types\/product"}],"replies":[{"embeddable":true,"href":"https:\/\/milicia-pro.com\/index.php\/wp-json\/wp\/v2\/comments?post=40148"}],"wp:featuredmedia":[{"embeddable":true,"href":"https:\/\/milicia-pro.com\/index.php\/wp-json\/wp\/v2\/media\/40150"}],"wp:attachment":[{"href":"https:\/\/milicia-pro.com\/index.php\/wp-json\/wp\/v2\/media?parent=40148"}],"wp:term":[{"taxonomy":"product_brand","embeddable":true,"href":"https:\/\/milicia-pro.com\/index.php\/wp-json\/wp\/v2\/product_brand?post=40148"},{"taxonomy":"product_cat","embeddable":true,"href":"https:\/\/milicia-pro.com\/index.php\/wp-json\/wp\/v2\/product_cat?post=40148"},{"taxonomy":"product_tag","embeddable":true,"href":"https:\/\/milicia-pro.com\/index.php\/wp-json\/wp\/v2\/product_tag?post=40148"}],"curies":[{"name":"wp","href":"https:\/\/api.w.org\/{rel}","templated":true}]}}