{"id":40138,"date":"2023-11-13T10:07:10","date_gmt":"2023-11-13T10:07:10","guid":{"rendered":"https:\/\/milicia-pro.com\/?post_type=product&#038;p=40138"},"modified":"2025-07-02T14:35:59","modified_gmt":"2025-07-02T14:35:59","slug":"arnes-de-resgate-indiana-fast","status":"publish","type":"product","link":"https:\/\/milicia-pro.com\/index.php\/product\/arnes-de-resgate-indiana-fast\/","title":{"rendered":"ARN\u00caS DE RESGATE INDIANA FAST"},"content":{"rendered":"<p><strong>Arn\u00eas minimalista para militares, autoridades policiais e ind\u00fastria do entretenimento.<\/strong><\/p>\n<ul>\n<li>Certificado conforme EN12277:2015+A1:2018 Tipo C e testado conforme UIAA 105.<\/li>\n<li>Consiste em uma ponte ventral de fixa\u00e7\u00e3o com v\u00e3o de 45x63mm e prote\u00e7\u00e3o de 16mm.<\/li>\n<li>C\u00f3s com cinta de poli\u00e9ster de alta tenacidade de 44mm.<\/li>\n<li>Presilhas c\u00f4nicas para as pernas com tecido de poli\u00e9ster de alta tenacidade de 44 mm.<\/li>\n<li>Equipado com 3 fivelas autom\u00e1ticas na cintura e presilhas para as pernas que permitem abertura total para coloca\u00e7\u00e3o r\u00e1pida.<\/li>\n<li>Indicador de seguran\u00e7a colorido nas fivelas autom\u00e1ticas para verifica\u00e7\u00e3o visual do fechamento adequado.<\/li>\n<li>Tamanho \u00fanico e amplamente ajust\u00e1vel.<\/li>\n<li>Gra\u00e7as \u00e0 cinta cont\u00ednua, o tamanho \u00e9 adapt\u00e1vel tanto para adultos como para crian\u00e7as.<\/li>\n<li>Equipado com chip NFC que permite a identifica\u00e7\u00e3o digital \u00fanica do produto, de forma a simplificar o controlo e a inspe\u00e7\u00e3o.<\/li>\n<li>Feito na It\u00e1lia!<\/li>\n<\/ul>\n","protected":false},"excerpt":{"rendered":"<p>Arn\u00eas minimalista para militares, autoridades policiais e ind\u00fastria do entretenimento. Certificado conforme EN12277:2015+A1:2018 Tipo C e testado conforme UIAA 105. Consiste em uma ponte ventral de fixa\u00e7\u00e3o com v\u00e3o de 45x63mm e prote\u00e7\u00e3o de 16mm. C\u00f3s com cinta de poli\u00e9ster de alta tenacidade de 44mm. Presilhas c\u00f4nicas para as pernas com tecido de poli\u00e9ster de [&#8230;]\n","protected":false},"featured_media":40140,"comment_status":"open","ping_status":"closed","template":"","meta":{"_monsterinsights_skip_tracking":false,"_monsterinsights_sitenote_active":false,"_monsterinsights_sitenote_note":"","_monsterinsights_sitenote_category":0},"product_brand":[],"product_cat":[1188,829,1068,1074],"product_tag":[701,167,306],"class_list":{"0":"post-40138","1":"product","2":"type-product","3":"status-publish","4":"has-post-thumbnail","6":"product_cat-kong","7":"product_cat-marcas","8":"product_cat-outdoor","9":"product_cat-sobrevivencia","10":"product_tag-arnes","11":"product_tag-harness","12":"product_tag-sobrevivencia","14":"first","15":"instock","16":"shipping-taxable","17":"purchasable","18":"product-type-variable"},"aioseo_notices":[],"jetpack_sharing_enabled":true,"_links":{"self":[{"href":"https:\/\/milicia-pro.com\/index.php\/wp-json\/wp\/v2\/product\/40138","targetHints":{"allow":["GET"]}}],"collection":[{"href":"https:\/\/milicia-pro.com\/index.php\/wp-json\/wp\/v2\/product"}],"about":[{"href":"https:\/\/milicia-pro.com\/index.php\/wp-json\/wp\/v2\/types\/product"}],"replies":[{"embeddable":true,"href":"https:\/\/milicia-pro.com\/index.php\/wp-json\/wp\/v2\/comments?post=40138"}],"wp:featuredmedia":[{"embeddable":true,"href":"https:\/\/milicia-pro.com\/index.php\/wp-json\/wp\/v2\/media\/40140"}],"wp:attachment":[{"href":"https:\/\/milicia-pro.com\/index.php\/wp-json\/wp\/v2\/media?parent=40138"}],"wp:term":[{"taxonomy":"product_brand","embeddable":true,"href":"https:\/\/milicia-pro.com\/index.php\/wp-json\/wp\/v2\/product_brand?post=40138"},{"taxonomy":"product_cat","embeddable":true,"href":"https:\/\/milicia-pro.com\/index.php\/wp-json\/wp\/v2\/product_cat?post=40138"},{"taxonomy":"product_tag","embeddable":true,"href":"https:\/\/milicia-pro.com\/index.php\/wp-json\/wp\/v2\/product_tag?post=40138"}],"curies":[{"name":"wp","href":"https:\/\/api.w.org\/{rel}","templated":true}]}}