{"id":40082,"date":"2023-09-18T14:19:53","date_gmt":"2023-09-18T14:19:53","guid":{"rendered":"https:\/\/milicia-pro.com\/?post_type=product&#038;p=40082"},"modified":"2026-02-11T18:47:34","modified_gmt":"2026-02-11T18:47:34","slug":"light-stick-12h-6","status":"publish","type":"product","link":"https:\/\/milicia-pro.com\/index.php\/product\/light-stick-12h-6\/","title":{"rendered":"LIGHT STICK 12H-6&#8243;"},"content":{"rendered":"<p>Este Light Stick ou o chamado Bast\u00e3o de Luz, tem a dura\u00e7\u00e3o de 12 horas e tem como finalidade, identificar, iluminar, sinalizar&#8230;<\/p>\n<p>Os\u00a0light sticks s\u00e3o uma fonte de luz que funciona sem energia el\u00e9trica.<br \/>\nO brilho ser\u00e1 ativado\u00a0partindo\u00a0o\u00a0stick.<br \/>\nA usabilidade do bast\u00e3o de luz \u00e9 quase ilimitada. Funciona mesmo debaixo d&#8217;\u00e1gua.<\/p>\n<p><img loading=\"lazy\" decoding=\"async\" class=\"wp-image-40085 alignleft\" src=\"https:\/\/milicia-pro.com\/wp-content\/uploads\/2023\/09\/BKH.75L112-1-205x300.png\" alt=\"\" width=\"195\" height=\"286\" srcset=\"https:\/\/milicia-pro.com\/wp-content\/uploads\/2023\/09\/BKH.75L112-1-205x300.png 205w, https:\/\/milicia-pro.com\/wp-content\/uploads\/2023\/09\/BKH.75L112-1.png 266w\" sizes=\"auto, (max-width: 195px) 100vw, 195px\" \/><\/p>\n","protected":false},"excerpt":{"rendered":"<p>Este Light Stick ou o chamado Bast\u00e3o de Luz, tem a dura\u00e7\u00e3o de 12 horas e tem como finalidade, identificar, iluminar, sinalizar&#8230; Os\u00a0light sticks s\u00e3o uma fonte de luz que funciona sem energia el\u00e9trica. O brilho ser\u00e1 ativado\u00a0partindo\u00a0o\u00a0stick. A usabilidade do bast\u00e3o de luz \u00e9 quase ilimitada. Funciona mesmo debaixo d&#8217;\u00e1gua.<\/p>\n","protected":false},"featured_media":40084,"comment_status":"open","ping_status":"closed","template":"","meta":{"_monsterinsights_skip_tracking":false,"_monsterinsights_sitenote_active":false,"_monsterinsights_sitenote_note":"","_monsterinsights_sitenote_category":0},"product_brand":[1504],"product_cat":[1137,1179,1064],"product_tag":[1182,1181,1180,306],"class_list":{"0":"post-40082","1":"product","2":"type-product","3":"status-publish","4":"has-post-thumbnail","6":"product_brand-blackhawk","7":"product_cat-blackhawk","8":"product_cat-cyalume","9":"product_cat-equipamentotatico","10":"product_tag-bastao-de-luz","11":"product_tag-iluminacao","12":"product_tag-light-stick","13":"product_tag-sobrevivencia","15":"first","16":"instock","17":"shipping-taxable","18":"purchasable","19":"product-type-variable"},"aioseo_notices":[],"jetpack_sharing_enabled":true,"_links":{"self":[{"href":"https:\/\/milicia-pro.com\/index.php\/wp-json\/wp\/v2\/product\/40082","targetHints":{"allow":["GET"]}}],"collection":[{"href":"https:\/\/milicia-pro.com\/index.php\/wp-json\/wp\/v2\/product"}],"about":[{"href":"https:\/\/milicia-pro.com\/index.php\/wp-json\/wp\/v2\/types\/product"}],"replies":[{"embeddable":true,"href":"https:\/\/milicia-pro.com\/index.php\/wp-json\/wp\/v2\/comments?post=40082"}],"wp:featuredmedia":[{"embeddable":true,"href":"https:\/\/milicia-pro.com\/index.php\/wp-json\/wp\/v2\/media\/40084"}],"wp:attachment":[{"href":"https:\/\/milicia-pro.com\/index.php\/wp-json\/wp\/v2\/media?parent=40082"}],"wp:term":[{"taxonomy":"product_brand","embeddable":true,"href":"https:\/\/milicia-pro.com\/index.php\/wp-json\/wp\/v2\/product_brand?post=40082"},{"taxonomy":"product_cat","embeddable":true,"href":"https:\/\/milicia-pro.com\/index.php\/wp-json\/wp\/v2\/product_cat?post=40082"},{"taxonomy":"product_tag","embeddable":true,"href":"https:\/\/milicia-pro.com\/index.php\/wp-json\/wp\/v2\/product_tag?post=40082"}],"curies":[{"name":"wp","href":"https:\/\/api.w.org\/{rel}","templated":true}]}}