{"id":40065,"date":"2023-09-12T15:16:34","date_gmt":"2023-09-12T15:16:34","guid":{"rendered":"https:\/\/milicia-pro.com\/?post_type=product&#038;p=40065"},"modified":"2025-09-24T15:58:49","modified_gmt":"2025-09-24T15:58:49","slug":"stick-compact-4-cores","status":"publish","type":"product","link":"https:\/\/milicia-pro.com\/index.php\/product\/stick-compact-4-cores\/","title":{"rendered":"STICK COMPACT 4 CORES"},"content":{"rendered":"<p>Nova f\u00f3rmula de acordo com as especifica\u00e7\u00f5es da \u201cBritish MoD\u201d. N\u00e3o irritante mesmo em contacto com os olhos \u00e9 feito a partir de ingredientes naturais, seca em 5 minutos.<\/p>\n","protected":false},"excerpt":{"rendered":"<p>Nova f\u00f3rmula de acordo com as especifica\u00e7\u00f5es da \u201cBritish MoD\u201d. N\u00e3o irritante mesmo em contacto com os olhos \u00e9 feito a partir de ingredientes naturais, seca em 5 minutos.<\/p>\n","protected":false},"featured_media":40067,"comment_status":"open","ping_status":"closed","template":"","meta":{"_monsterinsights_skip_tracking":false,"_monsterinsights_sitenote_active":false,"_monsterinsights_sitenote_note":"","_monsterinsights_sitenote_category":0},"product_brand":[1502],"product_cat":[1176,1089,1064,829],"product_tag":[961,1178,1177,963],"class_list":{"0":"post-40065","1":"product","2":"type-product","3":"status-publish","4":"has-post-thumbnail","6":"product_brand-bcb","7":"product_cat-bcb","8":"product_cat-camuflagem","9":"product_cat-equipamentotatico","10":"product_cat-marcas","11":"product_tag-camuflagem","12":"product_tag-facial","13":"product_tag-pintura","14":"product_tag-stick","16":"first","17":"instock","18":"shipping-taxable","19":"purchasable","20":"product-type-variable"},"aioseo_notices":[],"jetpack_sharing_enabled":true,"_links":{"self":[{"href":"https:\/\/milicia-pro.com\/index.php\/wp-json\/wp\/v2\/product\/40065","targetHints":{"allow":["GET"]}}],"collection":[{"href":"https:\/\/milicia-pro.com\/index.php\/wp-json\/wp\/v2\/product"}],"about":[{"href":"https:\/\/milicia-pro.com\/index.php\/wp-json\/wp\/v2\/types\/product"}],"replies":[{"embeddable":true,"href":"https:\/\/milicia-pro.com\/index.php\/wp-json\/wp\/v2\/comments?post=40065"}],"wp:featuredmedia":[{"embeddable":true,"href":"https:\/\/milicia-pro.com\/index.php\/wp-json\/wp\/v2\/media\/40067"}],"wp:attachment":[{"href":"https:\/\/milicia-pro.com\/index.php\/wp-json\/wp\/v2\/media?parent=40065"}],"wp:term":[{"taxonomy":"product_brand","embeddable":true,"href":"https:\/\/milicia-pro.com\/index.php\/wp-json\/wp\/v2\/product_brand?post=40065"},{"taxonomy":"product_cat","embeddable":true,"href":"https:\/\/milicia-pro.com\/index.php\/wp-json\/wp\/v2\/product_cat?post=40065"},{"taxonomy":"product_tag","embeddable":true,"href":"https:\/\/milicia-pro.com\/index.php\/wp-json\/wp\/v2\/product_tag?post=40065"}],"curies":[{"name":"wp","href":"https:\/\/api.w.org\/{rel}","templated":true}]}}