{"id":39545,"date":"2023-04-28T09:42:49","date_gmt":"2023-04-28T09:42:49","guid":{"rendered":"https:\/\/milicia-pro.com\/?post_type=product&#038;p=39545"},"modified":"2025-06-05T08:56:10","modified_gmt":"2025-06-05T08:56:10","slug":"mascara-f-tac-lente-escura2-laranja-e-clara-c-anti-embacamento","status":"publish","type":"product","link":"https:\/\/milicia-pro.com\/index.php\/product\/mascara-f-tac-lente-escura2-laranja-e-clara-c-anti-embacamento\/","title":{"rendered":"M\u00c1SCARA F-TAC LENTE ESCURA+2 LARANJA E CLARA C\/ ANTI EMBA\u00c7AMENTO"},"content":{"rendered":"<p><img loading=\"lazy\" decoding=\"async\" class=\"alignnone wp-image-39553\" src=\"https:\/\/milicia-pro.com\/wp-content\/uploads\/2023\/04\/SWE.18827-182-07-225x300.jpg\" alt=\"\" width=\"167\" height=\"223\" srcset=\"https:\/\/milicia-pro.com\/wp-content\/uploads\/2023\/04\/SWE.18827-182-07-225x300.jpg 225w, https:\/\/milicia-pro.com\/wp-content\/uploads\/2023\/04\/SWE.18827-182-07-510x680.jpg 510w, https:\/\/milicia-pro.com\/wp-content\/uploads\/2023\/04\/SWE.18827-182-07.jpg 768w\" sizes=\"auto, (max-width: 167px) 100vw, 167px\" \/> <img loading=\"lazy\" decoding=\"async\" class=\"alignnone wp-image-39554\" src=\"https:\/\/milicia-pro.com\/wp-content\/uploads\/2023\/04\/SWE.18827-182-08-225x300.jpg\" alt=\"\" width=\"165\" height=\"220\" srcset=\"https:\/\/milicia-pro.com\/wp-content\/uploads\/2023\/04\/SWE.18827-182-08-225x300.jpg 225w, https:\/\/milicia-pro.com\/wp-content\/uploads\/2023\/04\/SWE.18827-182-08-510x680.jpg 510w, https:\/\/milicia-pro.com\/wp-content\/uploads\/2023\/04\/SWE.18827-182-08.jpg 768w\" sizes=\"auto, (max-width: 165px) 100vw, 165px\" \/> <img loading=\"lazy\" decoding=\"async\" class=\"wp-image-39555 alignnone\" src=\"https:\/\/milicia-pro.com\/wp-content\/uploads\/2023\/04\/SWE.18827-182-09-225x300.jpg\" alt=\"\" width=\"161\" height=\"215\" srcset=\"https:\/\/milicia-pro.com\/wp-content\/uploads\/2023\/04\/SWE.18827-182-09-225x300.jpg 225w, https:\/\/milicia-pro.com\/wp-content\/uploads\/2023\/04\/SWE.18827-182-09-510x680.jpg 510w, https:\/\/milicia-pro.com\/wp-content\/uploads\/2023\/04\/SWE.18827-182-09.jpg 768w\" sizes=\"auto, (max-width: 161px) 100vw, 161px\" \/><\/p>\n<p>\u00d3culos bal\u00edsticos Swiss Eye F-Tac verdes, s\u00e3o leves e foram projetados para proteger os olhos durante o disparo. Esta m\u00e1scara protege os olhos 100% da radia\u00e7\u00e3o ultravioleta e garante alta qualidade de imagem sem distor\u00e7\u00e3o. Os \u00f3culos apresentam lentes de policarbonato inquebr\u00e1veis que s\u00e3o fabricados de acordo com padr\u00f5es de seguran\u00e7a r\u00edgidos. O material da arma\u00e7\u00e3o \u00e9 poliuretano termopl\u00e1stico (tpu).<\/p>\n<p>CARACTERISTICAS:<\/p>\n<ul>\n<li>Revestimento de vidro protetor contra arranh\u00f5es e emba\u00e7amento<\/li>\n<li>A al\u00e7a ajust\u00e1vel permite que a m\u00e1scara seja usada sob ou sobre o capacete<\/li>\n<li>Amplo campo de vis\u00e3o<\/li>\n<li>Compat\u00edvel com um adaptador que permite instalar lentes oft\u00e1lmicas para corre\u00e7\u00e3o de vis\u00e3o<\/li>\n<li>Lentes inclu\u00eddas: transparentes, laranja, coloridas<\/li>\n<\/ul>\n","protected":false},"excerpt":{"rendered":"<p>\u00d3culos bal\u00edsticos Swiss Eye F-Tac verdes, s\u00e3o leves e foram projetados para proteger os olhos durante o disparo. Esta m\u00e1scara protege os olhos 100% da radia\u00e7\u00e3o ultravioleta e garante alta qualidade de imagem sem distor\u00e7\u00e3o. Os \u00f3culos apresentam lentes de policarbonato inquebr\u00e1veis que s\u00e3o fabricados de acordo com padr\u00f5es de seguran\u00e7a r\u00edgidos. O material da [&#8230;]\n","protected":false},"featured_media":39547,"comment_status":"open","ping_status":"closed","template":"","meta":{"_monsterinsights_skip_tracking":false,"_monsterinsights_sitenote_active":false,"_monsterinsights_sitenote_note":"","_monsterinsights_sitenote_category":0},"product_brand":[],"product_cat":[829,1070,1095,1150],"product_tag":[755,688,1149],"class_list":{"0":"post-39545","1":"product","2":"type-product","3":"status-publish","4":"has-post-thumbnail","6":"product_cat-marcas","7":"product_cat-optica","8":"product_cat-oculos","9":"product_cat-swiss-eye","10":"product_tag-mascara","11":"product_tag-oculos","12":"product_tag-protecao-ocular","14":"first","15":"instock","16":"shipping-taxable","17":"purchasable","18":"product-type-variable"},"aioseo_notices":[],"jetpack_sharing_enabled":true,"_links":{"self":[{"href":"https:\/\/milicia-pro.com\/index.php\/wp-json\/wp\/v2\/product\/39545","targetHints":{"allow":["GET"]}}],"collection":[{"href":"https:\/\/milicia-pro.com\/index.php\/wp-json\/wp\/v2\/product"}],"about":[{"href":"https:\/\/milicia-pro.com\/index.php\/wp-json\/wp\/v2\/types\/product"}],"replies":[{"embeddable":true,"href":"https:\/\/milicia-pro.com\/index.php\/wp-json\/wp\/v2\/comments?post=39545"}],"wp:featuredmedia":[{"embeddable":true,"href":"https:\/\/milicia-pro.com\/index.php\/wp-json\/wp\/v2\/media\/39547"}],"wp:attachment":[{"href":"https:\/\/milicia-pro.com\/index.php\/wp-json\/wp\/v2\/media?parent=39545"}],"wp:term":[{"taxonomy":"product_brand","embeddable":true,"href":"https:\/\/milicia-pro.com\/index.php\/wp-json\/wp\/v2\/product_brand?post=39545"},{"taxonomy":"product_cat","embeddable":true,"href":"https:\/\/milicia-pro.com\/index.php\/wp-json\/wp\/v2\/product_cat?post=39545"},{"taxonomy":"product_tag","embeddable":true,"href":"https:\/\/milicia-pro.com\/index.php\/wp-json\/wp\/v2\/product_tag?post=39545"}],"curies":[{"name":"wp","href":"https:\/\/api.w.org\/{rel}","templated":true}]}}