{"id":39533,"date":"2023-04-26T15:32:16","date_gmt":"2023-04-26T15:32:16","guid":{"rendered":"https:\/\/milicia-pro.com\/?post_type=product&#038;p=39533"},"modified":"2025-03-26T18:16:57","modified_gmt":"2025-03-26T18:16:57","slug":"termoback-mil-spec-3-0l","status":"publish","type":"product","link":"https:\/\/milicia-pro.com\/index.php\/product\/termoback-mil-spec-3-0l\/","title":{"rendered":"TERMOBACK MIL SPEC 3.0L"},"content":{"rendered":"<p>Mochila de \u00e1gua com al\u00e7as com capacidade para 3 litros, confecionada em tecido 600D.<\/p>\n<ul>\n<li>Forro de nylon<\/li>\n<li>Fecho<\/li>\n<li>Queda de ombro de 45,7cm<\/li>\n<li>Pacote de hidrata\u00e7\u00e3o com bexiga de \u00e1gua e al\u00e7as de ombro e peito, ajust\u00e1veis.<\/li>\n<li>Capacidade para 3 litros<\/li>\n<li>An\u00e9is D. Bolso de malha na parte de tr\u00e1s<\/li>\n<li>Pegue as al\u00e7as na parte superior e frontal<\/li>\n<li>Orif\u00edcio de drenagem na parte inferior<\/li>\n<li>Material em poli\u00e9ster 600D<\/li>\n<li>Dimens\u00f5es aproximadas de 23 x 46 cm<\/li>\n<li>Peso de 605gr.<\/li>\n<li>Bexiga de hidrata\u00e7\u00e3o inclu\u00edda<\/li>\n<\/ul>\n","protected":false},"excerpt":{"rendered":"<p>Mochila de \u00e1gua com al\u00e7as com capacidade para 3 litros, confecionada em tecido 600D. Forro de nylon Fecho Queda de ombro de 45,7cm Pacote de hidrata\u00e7\u00e3o com bexiga de \u00e1gua e al\u00e7as de ombro e peito, ajust\u00e1veis. Capacidade para 3 litros An\u00e9is D. Bolso de malha na parte de tr\u00e1s Pegue as al\u00e7as na parte [&#8230;]\n","protected":false},"featured_media":39534,"comment_status":"open","ping_status":"closed","template":"","meta":{"_monsterinsights_skip_tracking":false,"_monsterinsights_sitenote_active":false,"_monsterinsights_sitenote_note":"","_monsterinsights_sitenote_category":0},"product_brand":[],"product_cat":[829,1068,1074,855],"product_tag":[1146,215,1147],"class_list":{"0":"post-39533","1":"product","2":"type-product","3":"status-publish","4":"has-post-thumbnail","6":"product_cat-marcas","7":"product_cat-outdoor","8":"product_cat-sobrevivencia","9":"product_cat-sturm-mil-tec","10":"product_tag-hidratacao","11":"product_tag-mochila","12":"product_tag-termoback","14":"first","15":"outofstock","16":"shipping-taxable","17":"purchasable","18":"product-type-variable"},"aioseo_notices":[],"jetpack_sharing_enabled":true,"_links":{"self":[{"href":"https:\/\/milicia-pro.com\/index.php\/wp-json\/wp\/v2\/product\/39533","targetHints":{"allow":["GET"]}}],"collection":[{"href":"https:\/\/milicia-pro.com\/index.php\/wp-json\/wp\/v2\/product"}],"about":[{"href":"https:\/\/milicia-pro.com\/index.php\/wp-json\/wp\/v2\/types\/product"}],"replies":[{"embeddable":true,"href":"https:\/\/milicia-pro.com\/index.php\/wp-json\/wp\/v2\/comments?post=39533"}],"wp:featuredmedia":[{"embeddable":true,"href":"https:\/\/milicia-pro.com\/index.php\/wp-json\/wp\/v2\/media\/39534"}],"wp:attachment":[{"href":"https:\/\/milicia-pro.com\/index.php\/wp-json\/wp\/v2\/media?parent=39533"}],"wp:term":[{"taxonomy":"product_brand","embeddable":true,"href":"https:\/\/milicia-pro.com\/index.php\/wp-json\/wp\/v2\/product_brand?post=39533"},{"taxonomy":"product_cat","embeddable":true,"href":"https:\/\/milicia-pro.com\/index.php\/wp-json\/wp\/v2\/product_cat?post=39533"},{"taxonomy":"product_tag","embeddable":true,"href":"https:\/\/milicia-pro.com\/index.php\/wp-json\/wp\/v2\/product_tag?post=39533"}],"curies":[{"name":"wp","href":"https:\/\/api.w.org\/{rel}","templated":true}]}}