{"id":39502,"date":"2023-04-18T09:57:24","date_gmt":"2023-04-18T09:57:24","guid":{"rendered":"https:\/\/milicia-pro.com\/?post_type=product&#038;p=39502"},"modified":"2026-03-09T17:03:37","modified_gmt":"2026-03-09T17:03:37","slug":"lanterna-m5-g3-powertac","status":"publish","type":"product","link":"https:\/\/milicia-pro.com\/index.php\/product\/lanterna-m5-g3-powertac\/","title":{"rendered":"LANTERNA M5-GEN3 POWERTAC"},"content":{"rendered":"<p><strong>CARACTERISTICAS PRINCIPAIS:<\/strong><\/p>\n<ul>\n<li>Sa\u00edda m\u00e1xima de 2030 l\u00famens<\/li>\n<li>Lan\u00e7amento de 330 metros<\/li>\n<li>Uma das luzes 18650 mais compactas para carregar no bolso<\/li>\n<li>Recarreg\u00e1vel com cabo e porta de carregamento magn\u00e9tico estilo Gen 3 aprimorados.<\/li>\n<\/ul>\n<p>O POWERTAC M5 Gen3 \u00e9 uma lanterna multifuncional e EDC. A M5 Gen3 tem uma sa\u00edda m\u00e1xima de 2030 l\u00famens e possui uma porta de carregamento magn\u00e9tico. Como uma das luzes 18650 mais compactas dispon\u00edveis para carregar no bolso, esta luz \u00e9 perfeita para trazer consigo no carro, no bolso ou na mochila.<\/p>\n<p><strong>LANTERNA EDC T\u00c1TICA PARA TODOS OS FINS<\/strong><\/p>\n<p>Para brilho extremo numa constru\u00e7\u00e3o supercompacta, o POWERTAC M5 GEN3 oferece pot\u00eancia que cabe confortavelmente na palma da m\u00e3o. Como lanterna EDC\/t\u00e1tica para todos os fins, pode ser usada em qualquer situa\u00e7\u00e3o, sempre que necessitar de iluminar algo. Esta lanterna emite impressionantes 2030 l\u00famens e possui uma porta de carregamento magn\u00e9tico para recarga simples com tecnologia de ponta. Com controle de dois bot\u00f5es, funcionalidade t\u00e1tica e garantia vital\u00edcia, esta lanterna \u00e9 perfeita para profissionais de seguran\u00e7a, policiais e militares.<\/p>\n<p><strong>SA\u00cdDA DE 2030 L\u00daMEN<\/strong><\/p>\n<p>Com o meio termo perfeito entre a pot\u00eancia com um tamanho supercompacto. O M5 Gen3 tem uma sa\u00edda de brilho m\u00e1ximo de at\u00e9 2030 l\u00famens com 330 metros de alcance para ilumina\u00e7\u00e3o v\u00edvida e de longo alcance onde quer que esteja. Esta luza produz brilho de n\u00edvel profissional por 2,9 horas e vem com um modo de vaga-lume exclusivo, ideal para ilumina\u00e7\u00e3o fraca tarde da noite e economizando a vida \u00fatil da bateria. Todas as configura\u00e7\u00f5es de modo de brilho do M5 Gen3 s\u00e3o facilmente selecionadas por meio do bot\u00e3o de mudan\u00e7a de cauda \u00fanico e grande do M5 Gen3.<\/p>\n<p>&nbsp;<\/p>\n<p><strong>ENERGIA COMPACTA E CONFI\u00c1VEL<\/strong><\/p>\n<p>Projetada com um tamanho leve e compacto para facilitar o transporte, esta lanterna LED cabe perfeitamente no bolso ou na bolsa de mala de viagem e \u00e9 perfeita para uma ampla variedade de situa\u00e7\u00f5es, incluindo autodefesa t\u00e1tica, ca\u00e7a, ciclismo, escalada, acampamento e quase qualquer atividade ao ar livre. Com serrilhado de diamante texturizado da M5 Gen3 e o clipe de bolso integrado, esta lanterna n\u00e3o \u00e9 apenas f\u00e1cil de transportasr mas tamb\u00e9m simples de manter na m\u00e3o ou segura no cinto.<\/p>\n<p><strong>PORTA MAGN\u00c9TICA RECARREG\u00c1VEL<\/strong><\/p>\n<p>A M5 Gen3 \u00e9 totalmente recarreg\u00e1vel no corpo, o que significa que n\u00e3o \u00e9 necess\u00e1rio retirar a bateria para recarreg\u00e1-la e mant\u00ea-la ligada. Basta conectar o cabo USB magn\u00e9tico, conectar a uma tomada e a M5 Gen3 come\u00e7a a carregar imediatamente! Basta verificar a luz indicadora de LED para saber quando a lanterna est\u00e1 carregada e pronta para ser usada. Se n\u00e3o tiver tempo para carrega-la na totalidade, basta colocar alguns CR123As prim\u00e1rios para energia r\u00e1pida em movimento. A tecnologia de controle de circuito digital do M5 Gen3 garante a obten\u00e7\u00e3o de desempenho m\u00e1ximo.<\/p>\n<p><strong>CARACTERISTICAS ADICIONAIS<\/strong><\/p>\n<ul>\n<li>Interface de usu\u00e1rio simples<\/li>\n<li>O interruptor traseiro fornece modos moment\u00e2neos e cont\u00ednuos<\/li>\n<li>Interruptor lateral integrado para acesso r\u00e1pido a diferentes modos<\/li>\n<li>6 configura\u00e7\u00f5es diferentes que incluem 5 n\u00edveis de brilho mais um estrobosc\u00f3pio<\/li>\n<li>Recartilhada antiderrapante e acabamento fosco para ader\u00eancia firme<\/li>\n<li>Clipe de bolso remov\u00edvel<\/li>\n<li>Memoriza\u00e7\u00e3o autom\u00e1tica para todas as configura\u00e7\u00f5es<\/li>\n<li>Tecnologia de controle de circuito digital para desempenho m\u00e1ximo e tempo de execu\u00e7\u00e3o longo<\/li>\n<li>A prote\u00e7\u00e3o contra polaridade reversa protege contra a instala\u00e7\u00e3o incorreta da bateria<\/li>\n<li>Preserva LEDs e componentes eletr\u00f4nicos com um dissipador de calor superior projetado para r\u00e1pida dispers\u00e3o de calor<\/li>\n<li>Resiste a danos causados pela \u00e1gua por um design vedado com anel de veda\u00e7\u00e3o de precis\u00e3o para fornecer uso confi\u00e1vel em condi\u00e7\u00f5es extremas<\/li>\n<li>Usinado a partir de alum\u00ednio de grau aeron\u00e1utico com acabamento anodizado tipo III<\/li>\n<li>Vidro temperado para resistir a quebra e arranh\u00f5es no impacto<\/li>\n<li>Lente de vidro com revestimento duplo para fornecer o m\u00e1ximo de brilho OTF (fora da frente) e dist\u00e2ncia do feixe<\/li>\n<li>Mont\u00e1vel com pressostato remoto opcional IPX8 \u00e0 prova de \u00e1gua submers\u00edvel at\u00e9 2 metros debaixo de \u00e1gua<\/li>\n<li>Garantia de vda<\/li>\n<\/ul>\n<p><strong>O PACOTE INCLUI:<\/strong><\/p>\n<ul>\n<li>Lanterna M5 Gen3<\/li>\n<li>18650 2600mAh Bateria recarreg\u00e1vel<\/li>\n<li>Cabo Magn\u00e9tico de carregamento USB<\/li>\n<li>An\u00e9is sobressalentes<\/li>\n<li>Cord\u00e3o<\/li>\n<li>Manuel de instru\u00e7\u00f5es<\/li>\n<\/ul>\n<p><strong>ESPECIFICA\u00c7\u00d5ES:<\/strong><\/p>\n<ul>\n<li><strong>Bateria<\/strong>: (1) 18650 Li-ion recarreg\u00e1vel. N\u00c3O compat\u00edvel com RCR123A716340<\/li>\n<li><strong>Comprimento<\/strong>: 124 mm<\/li>\n<li><strong>Di\u00e2metro da moldura<\/strong>: 25,4 mm<\/li>\n<li><strong>Di\u00e2metro do corpo<\/strong>: 23 mm<\/li>\n<li><strong>Peso<\/strong>: 65 g (sem bateria)<\/li>\n<\/ul>\n<p><strong>LUMINA\u00c7\u00c3O \/ TEMPO DE EXECU\u00c7\u00c3O<\/strong><\/p>\n<table>\n<tbody>\n<tr>\n<td width=\"81\"><strong>\u00a0<\/strong><\/td>\n<td width=\"81\"><strong>Firefly<\/strong><\/td>\n<td width=\"81\"><strong>Baixo<\/strong><\/td>\n<td width=\"81\"><strong>M\u00e9dio <\/strong><\/td>\n<td width=\"81\"><strong>Alto<\/strong><\/td>\n<td width=\"81\"><strong>Turbo<\/strong><\/td>\n<td width=\"81\"><strong>Strobe<\/strong><\/td>\n<\/tr>\n<tr>\n<td width=\"81\"><strong>18650(2600 mAh)<\/strong><\/td>\n<td width=\"81\">.51 lmns<\/p>\n<p>25 dias<\/td>\n<td width=\"81\">65 lmns<\/p>\n<p>23h30<\/td>\n<td width=\"81\">260 lmns<\/p>\n<p>5,15horas<\/td>\n<td width=\"81\">850 lmns<\/p>\n<p>2,9horas<\/td>\n<td width=\"81\">2030 lmns<\/p>\n<p>2,65horas<\/td>\n<td width=\"81\">2030 lmns<\/p>\n<p>3horas<\/td>\n<\/tr>\n<tr>\n<td width=\"81\"><strong>2xCR123A (3V)<\/strong><\/td>\n<td width=\"81\">.51 lmns<\/p>\n<p>450horas<\/td>\n<td width=\"81\">65 lmns<\/p>\n<p>9,8horas<\/td>\n<td width=\"81\">260 lmns<\/p>\n<p>2,3horas<\/td>\n<td width=\"81\">&#8211;<\/td>\n<td width=\"81\">&#8211;<\/td>\n<td width=\"81\">&#8211;<\/td>\n<\/tr>\n<\/tbody>\n<\/table>\n","protected":false},"excerpt":{"rendered":"<p><img loading=\"lazy\" decoding=\"async\" class=\"alignnone wp-image-39511\" src=\"https:\/\/milicia-pro.com\/wp-content\/uploads\/2023\/04\/FOK.M5-G3-08-300x271.png\" alt=\"\" width=\"315\" height=\"285\" srcset=\"https:\/\/milicia-pro.com\/wp-content\/uploads\/2023\/04\/FOK.M5-G3-08-300x271.png 300w, https:\/\/milicia-pro.com\/wp-content\/uploads\/2023\/04\/FOK.M5-G3-08-510x461.png 510w, https:\/\/milicia-pro.com\/wp-content\/uploads\/2023\/04\/FOK.M5-G3-08.png 588w\" sizes=\"auto, (max-width: 315px) 100vw, 315px\" \/><\/p>\n","protected":false},"featured_media":39504,"comment_status":"open","ping_status":"closed","template":"","meta":{"_monsterinsights_skip_tracking":false,"_monsterinsights_sitenote_active":false,"_monsterinsights_sitenote_note":"","_monsterinsights_sitenote_category":0},"product_brand":[1518],"product_cat":[1064,1090,829,1145],"product_tag":[193],"class_list":{"0":"post-39502","1":"product","2":"type-product","3":"status-publish","4":"has-post-thumbnail","6":"product_brand-powertac","7":"product_cat-equipamentotatico","8":"product_cat-lanterna","9":"product_cat-marcas","10":"product_cat-powertac","11":"product_tag-lanterna","13":"first","14":"instock","15":"shipping-taxable","16":"purchasable","17":"product-type-variable"},"aioseo_notices":[],"jetpack_sharing_enabled":true,"_links":{"self":[{"href":"https:\/\/milicia-pro.com\/index.php\/wp-json\/wp\/v2\/product\/39502","targetHints":{"allow":["GET"]}}],"collection":[{"href":"https:\/\/milicia-pro.com\/index.php\/wp-json\/wp\/v2\/product"}],"about":[{"href":"https:\/\/milicia-pro.com\/index.php\/wp-json\/wp\/v2\/types\/product"}],"replies":[{"embeddable":true,"href":"https:\/\/milicia-pro.com\/index.php\/wp-json\/wp\/v2\/comments?post=39502"}],"wp:featuredmedia":[{"embeddable":true,"href":"https:\/\/milicia-pro.com\/index.php\/wp-json\/wp\/v2\/media\/39504"}],"wp:attachment":[{"href":"https:\/\/milicia-pro.com\/index.php\/wp-json\/wp\/v2\/media?parent=39502"}],"wp:term":[{"taxonomy":"product_brand","embeddable":true,"href":"https:\/\/milicia-pro.com\/index.php\/wp-json\/wp\/v2\/product_brand?post=39502"},{"taxonomy":"product_cat","embeddable":true,"href":"https:\/\/milicia-pro.com\/index.php\/wp-json\/wp\/v2\/product_cat?post=39502"},{"taxonomy":"product_tag","embeddable":true,"href":"https:\/\/milicia-pro.com\/index.php\/wp-json\/wp\/v2\/product_tag?post=39502"}],"curies":[{"name":"wp","href":"https:\/\/api.w.org\/{rel}","templated":true}]}}