{"id":39495,"date":"2023-04-18T09:21:09","date_gmt":"2023-04-18T09:21:09","guid":{"rendered":"https:\/\/milicia-pro.com\/?post_type=product&#038;p=39495"},"modified":"2025-08-05T13:22:33","modified_gmt":"2025-08-05T13:22:33","slug":"visor-noturno-binocular-lahoux","status":"publish","type":"product","link":"https:\/\/milicia-pro.com\/index.php\/product\/visor-noturno-binocular-lahoux\/","title":{"rendered":"VISOR NOTURNO BINOCULAR LAHOUX"},"content":{"rendered":"<p><em><strong>DESCRI\u00c7\u00c3O<\/strong><\/em><\/p>\n<p>O novo Lahoux LVS-31 \u00e9 um sistema de \u00f3culos de tubo duplo com design ergon\u00f4mico e funcionalidade aprimorada. Ele acomoda recursos como um bot\u00e3o Instant-On-IR dedicado para acionar r\u00e1pida e momentaneamente o iluminador IR sem ter que operar o interruptor. O conector localizado na frente da unidade \u00e9 usado para fornecer energia \u00e0 unidade a partir de praticamente qualquer fonte de alimenta\u00e7\u00e3o: bateria externa, banco de energia USB, tomada de carro de 12V e assim por diante. A pedido do cliente, a unidade pode ser equipada com baioneta (sistema PVS-7) ou suporte tipo cauda de andorinha.<\/p>\n<p>O pre\u00e7o difere para cada combina\u00e7\u00e3o de categoria de\/FOM\/spot.<\/p>\n<p>A vis\u00e3o noturna est\u00e1 dispon\u00edvel em verde ou preto e branco (Onyx)<\/p>\n<p>O Lahoux LVS-31 est\u00e1 dispon\u00edvel com v\u00e1rios valores de FOM<\/p>\n<ul>\n<li>M\u00ednimo: 1200 &#8211; M\u00ednimo: 1400 &#8211; M\u00ednimo: 1500 &#8211; M\u00ednimo: 1700 &#8211; M\u00ednimo: 1750 &#8211; M\u00ednimo: 1800 &#8211; M\u00ednimo: 1900 &#8211; M\u00ednimo: 1950<\/li>\n<\/ul>\n<p><em><strong>\u00d3PTICA<\/strong><\/em><\/p>\n<ul>\n<li><strong>Photonis<\/strong><strong>\u2122<\/strong><strong>, 2+, ECHO, ECHO HF, 4G (tubos)<\/strong> _________________<strong>Lentes otimizadas para ECHO HF e 4G (lentes)<\/strong><\/li>\n<li>\u00a0 <strong>27mm (lentes objetivas)<\/strong>__________________________________________<strong>f\/1.2 (abertura relativa)<\/strong><\/li>\n<li><strong>40<\/strong><strong>\u00b0 (campo de vis\u00e3o)<\/strong><\/li>\n<\/ul>\n<p><em><strong style=\"color: #555555\">ELETR\u00d4NICOS<\/strong><\/em><\/p>\n<ul>\n<li><strong>1XAA ou 1xCR123 ou externo 4 VDC \u2013 15 VDC (fonte de energia) <\/strong>_____<strong>At\u00e9 40 horas (dura\u00e7\u00e3o da bateria &#8211; &#8220;<\/strong><strong>dependendo das condi\u00e7\u00f5es de uso&#8221;)<\/strong><\/li>\n<\/ul>\n<p><em><strong>OPERATIVO<\/strong><\/em><\/p>\n<ul>\n<li><strong>1x <\/strong>( amplia\u00e7\u00e3o \u00f3ptica) _____________________________________________________<strong>25 cm \u2013 infinito (alcance de focagem)<\/strong><\/li>\n<li><strong>-6 a +4<\/strong> (ajuste de diopetria) _________________________________________________<strong>50 \u2013 90 mm (faixa de ajuste interpupilar)<\/strong><\/li>\n<li><strong>Sim (iluminador IR embutido)\u00a0<\/strong> ______________________________________________ <strong>Sim ( bot\u00e3o IR &#8211; on moment\u00e2neo)<\/strong><\/li>\n<li><strong>&#8211; 40 <\/strong><strong>\u00b0<\/strong><strong> C a + 50 <\/strong><strong>\u00b0<\/strong><strong> C (temperatura de opera\u00e7\u00e3o) <\/strong>_______________________________________<strong>112 x 105 x 70 mm (dimens\u00f5es, mm)<\/strong><\/li>\n<li><strong>675 gramas<\/strong><\/li>\n<\/ul>\n<p>&nbsp;<\/p>\n","protected":false},"excerpt":{"rendered":"<p>POR ENCOMENDA<\/p>\n<p><a href=\"https:\/\/milicia-pro.com\/wp-content\/uploads\/2023\/04\/Lahoux_LVS-31_EN_V1.0.pdf\">Lahoux_LVS-31_EN_V1.0<\/a><\/p>\n","protected":false},"featured_media":39497,"comment_status":"open","ping_status":"closed","template":"","meta":{"_monsterinsights_skip_tracking":false,"_monsterinsights_sitenote_active":false,"_monsterinsights_sitenote_note":"","_monsterinsights_sitenote_category":0},"product_brand":[],"product_cat":[1094,1144,829,1070],"product_tag":[931,798,974],"class_list":{"0":"post-39495","1":"product","2":"type-product","3":"status-publish","4":"has-post-thumbnail","6":"product_cat-binoculos","7":"product_cat-lahoux","8":"product_cat-marcas","9":"product_cat-optica","10":"product_tag-binoculos","11":"product_tag-noturno","12":"product_tag-visao","14":"first","15":"outofstock","16":"shipping-taxable","17":"product-type-variable"},"aioseo_notices":[],"jetpack_sharing_enabled":true,"_links":{"self":[{"href":"https:\/\/milicia-pro.com\/index.php\/wp-json\/wp\/v2\/product\/39495","targetHints":{"allow":["GET"]}}],"collection":[{"href":"https:\/\/milicia-pro.com\/index.php\/wp-json\/wp\/v2\/product"}],"about":[{"href":"https:\/\/milicia-pro.com\/index.php\/wp-json\/wp\/v2\/types\/product"}],"replies":[{"embeddable":true,"href":"https:\/\/milicia-pro.com\/index.php\/wp-json\/wp\/v2\/comments?post=39495"}],"wp:featuredmedia":[{"embeddable":true,"href":"https:\/\/milicia-pro.com\/index.php\/wp-json\/wp\/v2\/media\/39497"}],"wp:attachment":[{"href":"https:\/\/milicia-pro.com\/index.php\/wp-json\/wp\/v2\/media?parent=39495"}],"wp:term":[{"taxonomy":"product_brand","embeddable":true,"href":"https:\/\/milicia-pro.com\/index.php\/wp-json\/wp\/v2\/product_brand?post=39495"},{"taxonomy":"product_cat","embeddable":true,"href":"https:\/\/milicia-pro.com\/index.php\/wp-json\/wp\/v2\/product_cat?post=39495"},{"taxonomy":"product_tag","embeddable":true,"href":"https:\/\/milicia-pro.com\/index.php\/wp-json\/wp\/v2\/product_tag?post=39495"}],"curies":[{"name":"wp","href":"https:\/\/api.w.org\/{rel}","templated":true}]}}