{"id":39480,"date":"2023-04-03T17:43:25","date_gmt":"2023-04-03T17:43:25","guid":{"rendered":"https:\/\/milicia-pro.com\/?post_type=product&#038;p=39480"},"modified":"2025-06-05T11:11:05","modified_gmt":"2025-06-05T11:11:05","slug":"porta-radio-em-couro-para-ph600","status":"publish","type":"product","link":"https:\/\/milicia-pro.com\/index.php\/product\/porta-radio-em-couro-para-ph600\/","title":{"rendered":"PORTA R\u00c1DIO EM COURO PARA PH600"},"content":{"rendered":"<p>Porta r\u00e1dio em couro preto, leve, projetado para acomodar e transportar R\u00e1dio Caltta PH600, transportado preso ao cinto. Permite a conex\u00e3o de acess\u00f3rios de \u00e1udio.<\/p>\n","protected":false},"excerpt":{"rendered":"<p>Porta r\u00e1dio em couro preto, leve, projetado para acomodar e transportar R\u00e1dio Caltta PH600, transportado preso ao cinto. Permite a conex\u00e3o de acess\u00f3rios de \u00e1udio.<\/p>\n","protected":false},"featured_media":39481,"comment_status":"open","ping_status":"closed","template":"","meta":{"_monsterinsights_skip_tracking":false,"_monsterinsights_sitenote_active":false,"_monsterinsights_sitenote_note":"","_monsterinsights_sitenote_category":0},"product_brand":[],"product_cat":[1107,1000,829,1467],"product_tag":[80,775,270],"class_list":{"0":"post-39480","1":"product","2":"type-product","3":"status-publish","4":"has-post-thumbnail","6":"product_cat-bolsas","7":"product_cat-galicom","8":"product_cat-marcas","9":"product_cat-mochilas-bolsas","10":"product_tag-bolsa","11":"product_tag-comunicacao","12":"product_tag-porta-radio","14":"first","15":"instock","16":"shipping-taxable","17":"purchasable","18":"product-type-variable"},"aioseo_notices":[],"jetpack_sharing_enabled":true,"_links":{"self":[{"href":"https:\/\/milicia-pro.com\/index.php\/wp-json\/wp\/v2\/product\/39480","targetHints":{"allow":["GET"]}}],"collection":[{"href":"https:\/\/milicia-pro.com\/index.php\/wp-json\/wp\/v2\/product"}],"about":[{"href":"https:\/\/milicia-pro.com\/index.php\/wp-json\/wp\/v2\/types\/product"}],"replies":[{"embeddable":true,"href":"https:\/\/milicia-pro.com\/index.php\/wp-json\/wp\/v2\/comments?post=39480"}],"wp:featuredmedia":[{"embeddable":true,"href":"https:\/\/milicia-pro.com\/index.php\/wp-json\/wp\/v2\/media\/39481"}],"wp:attachment":[{"href":"https:\/\/milicia-pro.com\/index.php\/wp-json\/wp\/v2\/media?parent=39480"}],"wp:term":[{"taxonomy":"product_brand","embeddable":true,"href":"https:\/\/milicia-pro.com\/index.php\/wp-json\/wp\/v2\/product_brand?post=39480"},{"taxonomy":"product_cat","embeddable":true,"href":"https:\/\/milicia-pro.com\/index.php\/wp-json\/wp\/v2\/product_cat?post=39480"},{"taxonomy":"product_tag","embeddable":true,"href":"https:\/\/milicia-pro.com\/index.php\/wp-json\/wp\/v2\/product_tag?post=39480"}],"curies":[{"name":"wp","href":"https:\/\/api.w.org\/{rel}","templated":true}]}}