{"id":39472,"date":"2023-04-03T17:25:40","date_gmt":"2023-04-03T17:25:40","guid":{"rendered":"https:\/\/milicia-pro.com\/?post_type=product&#038;p=39472"},"modified":"2025-06-05T17:20:59","modified_gmt":"2025-06-05T17:20:59","slug":"carregador-para-8-radios-caltta","status":"publish","type":"product","link":"https:\/\/milicia-pro.com\/index.php\/product\/carregador-para-8-radios-caltta\/","title":{"rendered":"CARREGADOR PARA 8 R\u00c1DIOS CALTTA"},"content":{"rendered":"<p>Este carregador \u00e9 um item indispens\u00e1vel no dia a dia. Adquira equipamentos originais e certificados para assegurar um funcionamento correto do seu r\u00e1dio CALTTA.<\/p>\n","protected":false},"excerpt":{"rendered":"<p>Este carregador \u00e9 um item indispens\u00e1vel no dia a dia. Adquira equipamentos originais e certificados para assegurar um funcionamento correto do seu r\u00e1dio CALTTA.<\/p>\n","protected":false},"featured_media":39473,"comment_status":"open","ping_status":"closed","template":"","meta":{"_monsterinsights_skip_tracking":false,"_monsterinsights_sitenote_active":false,"_monsterinsights_sitenote_note":"","_monsterinsights_sitenote_category":0},"product_brand":[],"product_cat":[1476,1000,829],"product_tag":[105,775,1002],"class_list":{"0":"post-39472","1":"product","2":"type-product","3":"status-publish","4":"has-post-thumbnail","6":"product_cat-comunicacao-navegacao","7":"product_cat-galicom","8":"product_cat-marcas","9":"product_tag-carregador","10":"product_tag-comunicacao","11":"product_tag-radio","13":"first","14":"instock","15":"shipping-taxable","16":"purchasable","17":"product-type-variable"},"aioseo_notices":[],"jetpack_sharing_enabled":true,"_links":{"self":[{"href":"https:\/\/milicia-pro.com\/index.php\/wp-json\/wp\/v2\/product\/39472","targetHints":{"allow":["GET"]}}],"collection":[{"href":"https:\/\/milicia-pro.com\/index.php\/wp-json\/wp\/v2\/product"}],"about":[{"href":"https:\/\/milicia-pro.com\/index.php\/wp-json\/wp\/v2\/types\/product"}],"replies":[{"embeddable":true,"href":"https:\/\/milicia-pro.com\/index.php\/wp-json\/wp\/v2\/comments?post=39472"}],"wp:featuredmedia":[{"embeddable":true,"href":"https:\/\/milicia-pro.com\/index.php\/wp-json\/wp\/v2\/media\/39473"}],"wp:attachment":[{"href":"https:\/\/milicia-pro.com\/index.php\/wp-json\/wp\/v2\/media?parent=39472"}],"wp:term":[{"taxonomy":"product_brand","embeddable":true,"href":"https:\/\/milicia-pro.com\/index.php\/wp-json\/wp\/v2\/product_brand?post=39472"},{"taxonomy":"product_cat","embeddable":true,"href":"https:\/\/milicia-pro.com\/index.php\/wp-json\/wp\/v2\/product_cat?post=39472"},{"taxonomy":"product_tag","embeddable":true,"href":"https:\/\/milicia-pro.com\/index.php\/wp-json\/wp\/v2\/product_tag?post=39472"}],"curies":[{"name":"wp","href":"https:\/\/api.w.org\/{rel}","templated":true}]}}