{"id":39463,"date":"2023-04-03T15:27:33","date_gmt":"2023-04-03T15:27:33","guid":{"rendered":"https:\/\/milicia-pro.com\/?post_type=product&#038;p=39463"},"modified":"2025-06-05T17:21:25","modified_gmt":"2025-06-05T17:21:25","slug":"bateria-para-radio-caltta-serie-600","status":"publish","type":"product","link":"https:\/\/milicia-pro.com\/index.php\/product\/bateria-para-radio-caltta-serie-600\/","title":{"rendered":"BATERIA PARA R\u00c1DIO CALTTA S\u00c9RIE 600"},"content":{"rendered":"<p>Bateria de \u00edons de l\u00edtio Caltta AB660 2600mAH-s para r\u00e1dios de s\u00e9rie PH6<\/p>\n<p><a href=\"https:\/\/milicia-pro.com\/wp-content\/uploads\/2023\/04\/ab660-doc-caltta.pdf\">ab660-doc-caltta<\/a><\/p>\n","protected":false},"excerpt":{"rendered":"<p>Bateria de \u00edons de l\u00edtio Caltta AB660 2600mAH-s para r\u00e1dios de s\u00e9rie PH6 ab660-doc-caltta<\/p>\n","protected":false},"featured_media":39465,"comment_status":"open","ping_status":"closed","template":"","meta":{"_monsterinsights_skip_tracking":false,"_monsterinsights_sitenote_active":false,"_monsterinsights_sitenote_note":"","_monsterinsights_sitenote_category":0},"product_brand":[],"product_cat":[1476,1000,829],"product_tag":[72,1002],"class_list":{"0":"post-39463","1":"product","2":"type-product","3":"status-publish","4":"has-post-thumbnail","6":"product_cat-comunicacao-navegacao","7":"product_cat-galicom","8":"product_cat-marcas","9":"product_tag-bateria","10":"product_tag-radio","12":"first","13":"instock","14":"shipping-taxable","15":"purchasable","16":"product-type-variable"},"aioseo_notices":[],"jetpack_sharing_enabled":true,"_links":{"self":[{"href":"https:\/\/milicia-pro.com\/index.php\/wp-json\/wp\/v2\/product\/39463","targetHints":{"allow":["GET"]}}],"collection":[{"href":"https:\/\/milicia-pro.com\/index.php\/wp-json\/wp\/v2\/product"}],"about":[{"href":"https:\/\/milicia-pro.com\/index.php\/wp-json\/wp\/v2\/types\/product"}],"replies":[{"embeddable":true,"href":"https:\/\/milicia-pro.com\/index.php\/wp-json\/wp\/v2\/comments?post=39463"}],"wp:featuredmedia":[{"embeddable":true,"href":"https:\/\/milicia-pro.com\/index.php\/wp-json\/wp\/v2\/media\/39465"}],"wp:attachment":[{"href":"https:\/\/milicia-pro.com\/index.php\/wp-json\/wp\/v2\/media?parent=39463"}],"wp:term":[{"taxonomy":"product_brand","embeddable":true,"href":"https:\/\/milicia-pro.com\/index.php\/wp-json\/wp\/v2\/product_brand?post=39463"},{"taxonomy":"product_cat","embeddable":true,"href":"https:\/\/milicia-pro.com\/index.php\/wp-json\/wp\/v2\/product_cat?post=39463"},{"taxonomy":"product_tag","embeddable":true,"href":"https:\/\/milicia-pro.com\/index.php\/wp-json\/wp\/v2\/product_tag?post=39463"}],"curies":[{"name":"wp","href":"https:\/\/api.w.org\/{rel}","templated":true}]}}