{"id":39449,"date":"2023-04-03T14:56:57","date_gmt":"2023-04-03T14:56:57","guid":{"rendered":"https:\/\/milicia-pro.com\/?post_type=product&#038;p=39449"},"modified":"2025-06-05T17:21:57","modified_gmt":"2025-06-05T17:21:57","slug":"radio-movel-dmr-uhf-e-vhf-caltta","status":"publish","type":"product","link":"https:\/\/milicia-pro.com\/index.php\/product\/radio-movel-dmr-uhf-e-vhf-caltta\/","title":{"rendered":"R\u00c1DIO MOV\u00c9L DMR UHF e VHF CALTTA"},"content":{"rendered":"<p>O R\u00c1DIO Caltta PM790 \u00e9 um r\u00e1dio m\u00f3vel digital profissional com design ergon\u00f4mico com fun\u00e7\u00f5es digitais avan\u00e7adas e qualidade robusta. Ele fornece uma interface amig\u00e1vel e teclado para f\u00e1cil opera\u00e7\u00e3o. \u00c9 a solu\u00e7\u00e3o ideal para comunica\u00e7\u00e3o em ve\u00edculos ou desktop.<\/p>\n<p>Design otimizado montado em ve\u00edculo.<\/p>\n<p>Adota tamanho padr\u00e3o IDIN, f\u00e1cil de ser instalado. A tela grande de 2,0polegadas e o microfone de m\u00e3o com teclado completo oferecem opera\u00e7\u00e3o conveniente e comunica\u00e7\u00e3o eficiente.<\/p>\n<p><strong>Compat\u00edvel com anal\u00f3gico e digital<\/strong><\/p>\n<p>P PM790 suporta DMR convencional\/troncalizado, bem como anal\u00f3gico convencional e entroncamento MPT. Ele fornece capacidade de canal duplo com DMO true 2-slot e suporta ECS (Enhanced Conventional System), que pode ser usado em uma ampla variedade de setores e cen\u00e1rios.<\/p>\n<p><strong>Alto e claro<\/strong><\/p>\n<p>Com alto-falante frontal integrado de 6 W com tecnologia de redu\u00e7\u00e3o de ru\u00eddo otimizada garante um som alto e claro mesmo em ambientes ruidosos. O usu\u00e1rio tamb\u00e9m pode conectar alto-falantes externos mais potentes atrav\u00e9s da interface DB26.<\/p>\n<p><strong>Qualidade Confi\u00e1vel<\/strong><\/p>\n<p>Atinge a prote\u00e7\u00e3o IP54, atende aos padr\u00f5es MIL-STD-810 C\/D\/E\/F\/G. \u2160<\/p>\n<p><strong>V\u00e1rias Interfaces Externas<\/strong><\/p>\n<p>Suporta v\u00e1rias interfaces externas, incluindo uma porta de \u00e1udio, porta serial, porta USB, interface de controle GPIO, etc. Com um conjunto completo de comandos AT, os usu\u00e1rios podem explorar aplicativos mais personalizados.<\/p>\n<p><strong>Perif\u00e9ricos Completos<\/strong><\/p>\n<p>Suporta conex\u00f5es com perif\u00e9ricos de \u00e1udio\/PTT Bluetooth, m\u00f3dulo GPS\/Beidou para permitir rastreamento de localiza\u00e7\u00e3o preciso e relatar as informa\u00e7\u00f5es de localiza\u00e7\u00e3o conforme necess\u00e1rio e grava\u00e7\u00e3o de voz local por at\u00e9 250 horas.<\/p>\n<p><strong>Servi\u00e7os Ricos<\/strong><\/p>\n<p>Oferece suporte a servi\u00e7os padr\u00e3o de voz e dados, bem como servi\u00e7os complementares para melhorar a efici\u00eancia do trabalho. As fun\u00e7\u00f5es de criptografia de software\/hardware melhoram a seguran\u00e7a das informa\u00e7\u00f5es para os usu\u00e1rios.<\/p>\n","protected":false},"excerpt":{"rendered":"<p><a href=\"https:\/\/milicia-pro.com\/wp-content\/uploads\/2023\/04\/PM790-UHF-CALTTA.pdf\">PM790-UHF-CALTTA<\/a> <a href=\"https:\/\/milicia-pro.com\/wp-content\/uploads\/2023\/04\/PM790-VHF-CALTTA.pdf\">PM790-VHF-CALTTA<\/a> <a href=\"https:\/\/milicia-pro.com\/wp-content\/uploads\/2023\/04\/ESPECIFICACOES.pdf\">ESPECIFICA\u00c7\u00d5ES<\/a><\/p>\n","protected":false},"featured_media":39450,"comment_status":"open","ping_status":"closed","template":"","meta":{"_monsterinsights_skip_tracking":false,"_monsterinsights_sitenote_active":false,"_monsterinsights_sitenote_note":"","_monsterinsights_sitenote_category":0},"product_brand":[],"product_cat":[1476,1000,829],"product_tag":[775,1143,1002],"class_list":{"0":"post-39449","1":"product","2":"type-product","3":"status-publish","4":"has-post-thumbnail","6":"product_cat-comunicacao-navegacao","7":"product_cat-galicom","8":"product_cat-marcas","9":"product_tag-comunicacao","10":"product_tag-movel","11":"product_tag-radio","13":"first","14":"instock","15":"shipping-taxable","16":"purchasable","17":"product-type-variable"},"aioseo_notices":[],"jetpack_sharing_enabled":true,"_links":{"self":[{"href":"https:\/\/milicia-pro.com\/index.php\/wp-json\/wp\/v2\/product\/39449","targetHints":{"allow":["GET"]}}],"collection":[{"href":"https:\/\/milicia-pro.com\/index.php\/wp-json\/wp\/v2\/product"}],"about":[{"href":"https:\/\/milicia-pro.com\/index.php\/wp-json\/wp\/v2\/types\/product"}],"replies":[{"embeddable":true,"href":"https:\/\/milicia-pro.com\/index.php\/wp-json\/wp\/v2\/comments?post=39449"}],"wp:featuredmedia":[{"embeddable":true,"href":"https:\/\/milicia-pro.com\/index.php\/wp-json\/wp\/v2\/media\/39450"}],"wp:attachment":[{"href":"https:\/\/milicia-pro.com\/index.php\/wp-json\/wp\/v2\/media?parent=39449"}],"wp:term":[{"taxonomy":"product_brand","embeddable":true,"href":"https:\/\/milicia-pro.com\/index.php\/wp-json\/wp\/v2\/product_brand?post=39449"},{"taxonomy":"product_cat","embeddable":true,"href":"https:\/\/milicia-pro.com\/index.php\/wp-json\/wp\/v2\/product_cat?post=39449"},{"taxonomy":"product_tag","embeddable":true,"href":"https:\/\/milicia-pro.com\/index.php\/wp-json\/wp\/v2\/product_tag?post=39449"}],"curies":[{"name":"wp","href":"https:\/\/api.w.org\/{rel}","templated":true}]}}