{"id":39417,"date":"2023-03-31T11:08:38","date_gmt":"2023-03-31T11:08:38","guid":{"rendered":"https:\/\/milicia-pro.com\/?post_type=product&#038;p=39417"},"modified":"2025-06-05T17:23:13","modified_gmt":"2025-06-05T17:23:13","slug":"radio-portatil-dmr-uhf-ou-vhf-caltta","status":"publish","type":"product","link":"https:\/\/milicia-pro.com\/index.php\/product\/radio-portatil-dmr-uhf-ou-vhf-caltta\/","title":{"rendered":"R\u00c1DIO PORT\u00c1TIL DMR UHF ou VHF CALTTA"},"content":{"rendered":"<div style=\"width: 1020px;\" class=\"wp-video\"><video class=\"wp-video-shortcode\" id=\"video-39417-1\" width=\"1020\" height=\"574\" preload=\"metadata\" controls=\"controls\"><source type=\"video\/mp4\" src=\"https:\/\/milicia-pro.com\/wp-content\/uploads\/2023\/03\/Caltta-PH600-and-PH660-Digital-DMR-Compact-Handheld-Walkie-Talkie-Two-Way-Radio.mp4?_=1\" \/><a href=\"https:\/\/milicia-pro.com\/wp-content\/uploads\/2023\/03\/Caltta-PH600-and-PH660-Digital-DMR-Compact-Handheld-Walkie-Talkie-Two-Way-Radio.mp4\">https:\/\/milicia-pro.com\/wp-content\/uploads\/2023\/03\/Caltta-PH600-and-PH660-Digital-DMR-Compact-Handheld-Walkie-Talkie-Two-Way-Radio.mp4<\/a><\/video><\/div>\n<p>A s\u00e9rie PH6, nascida com uma apar\u00eancia profissional, oferece comunica\u00e7\u00e3o em grupo econ\u00f4mico, permite colabora\u00e7\u00e3o eficiente em equipa e oferece aplicativos de dados avan\u00e7ados, recursos aprimorados e qualidade de voz superior. \u00c9 uma escolha ideal para comunica\u00e7\u00e3o PTT.<\/p>\n<p>Compacto e leve com apenas 100 mm de altura, menos de 290g de peso e f\u00e1cil de transportar.<\/p>\n<p>&nbsp;<\/p>\n<p><strong>Caracter\u00edsticas:<\/strong><\/p>\n<p>Tecla LCD de 1,75 polegadas e mio teclado que proporcionam aos utilizadores uma experi\u00eancia operacional mais rica.<\/p>\n<p>Compacto e leve.<\/p>\n<p>Apenas com 100 mm de altura, menos de 290g de peso e f\u00e1cil de transportar.<\/p>\n<p>F\u00e1cil de operar<\/p>\n<p>O bot\u00e3o PTT grande e o design de bot\u00e3o duplo na parte superior facilitam a opera\u00e7\u00e3o.<\/p>\n<p>Compat\u00edvel com anal\u00f3gica e digital.<\/p>\n<p>A compatibilidade convencional anal\u00f3gico-digital permite que o PH660 alterne rapidamente entre os modos digital e anal\u00f3gico.<\/p>\n<p><strong>Voz alta e clara<\/strong><\/p>\n<p>Possui um alto-falante e um amplificador de alta efici\u00eancia que fornecem uma voz alta e clara mesmo que esteja num ambiente ruidoso.<\/p>\n<p><strong>Longo tempo de trabalho<\/strong><\/p>\n<p>Possui uma bateria padr\u00e3o de 2600mAh, suporta trabalhar por at\u00e9 20 horas num ciclo de 5-5-90 no modo convencional DMR.<\/p>\n<p><strong>Qualidade S\u00f3lida e Confi\u00e1vel<\/strong><\/p>\n<p>Atende \u00e0s caracter\u00edsticas IP68 e Mil-STD 810G. Uma ferramenta de comunica\u00e7\u00e3o profissional e confi\u00e1vel, mesmo em ambientes dif\u00edceis e hostis.<\/p>\n<p><strong>Criptografia completa<\/strong><\/p>\n<p>Suporta criptografia b\u00e1sica de 40\/128\/256 bits e AES256 para melhorar a seguran\u00e7a das chamadas e evitar vazamento de informa\u00e7\u00f5es. As configura\u00e7\u00f5es f\u00e1ceis de software garantem que a chamada seja infal\u00edvel.<\/p>\n<p><strong>Servi\u00e7os de Despacho<\/strong><\/p>\n<p>Oferece suporte a v\u00e1rios servi\u00e7os de despacho, como registro, verifica\u00e7\u00e3o de r\u00e1dio, trabalhador solit\u00e1rio e atordoamento\/ reanima\u00e7\u00e3o remora para realizar o despacho remoto e atender \u00e0s necessidades di\u00e1rias de gerenciamento de trabalho.<\/p>\n<p><strong>Comando de Voz Clara<\/strong><\/p>\n<p>O prompt de voz informa os utilizadores sobre not\u00edcias e informa\u00e7\u00f5es imediatamente.<\/p>\n","protected":false},"excerpt":{"rendered":"<p><a href=\"https:\/\/milicia-pro.com\/wp-content\/uploads\/2023\/03\/ESPECIFICACOES.pdf\">ESPECIFICA\u00c7\u00d5ES <\/a><a href=\"https:\/\/milicia-pro.com\/wp-content\/uploads\/2023\/03\/PH660-VHF-CALTTA.pdf\">PH660-VHF-CALTTA<\/a> \u00a0<a href=\"https:\/\/milicia-pro.com\/wp-content\/uploads\/2023\/03\/PH660-UHF-CALTTA.pdf\">PH660-UHF-CALTTA<\/a><\/p>\n","protected":false},"featured_media":39423,"comment_status":"open","ping_status":"closed","template":"","meta":{"_monsterinsights_skip_tracking":false,"_monsterinsights_sitenote_active":false,"_monsterinsights_sitenote_note":"","_monsterinsights_sitenote_category":0},"product_brand":[],"product_cat":[1476,1000,829],"product_tag":[775,693,1002],"class_list":{"0":"post-39417","1":"product","2":"type-product","3":"status-publish","4":"has-post-thumbnail","6":"product_cat-comunicacao-navegacao","7":"product_cat-galicom","8":"product_cat-marcas","9":"product_tag-comunicacao","10":"product_tag-portatil","11":"product_tag-radio","13":"first","14":"instock","15":"shipping-taxable","16":"purchasable","17":"product-type-variable"},"aioseo_notices":[],"jetpack_sharing_enabled":true,"_links":{"self":[{"href":"https:\/\/milicia-pro.com\/index.php\/wp-json\/wp\/v2\/product\/39417","targetHints":{"allow":["GET"]}}],"collection":[{"href":"https:\/\/milicia-pro.com\/index.php\/wp-json\/wp\/v2\/product"}],"about":[{"href":"https:\/\/milicia-pro.com\/index.php\/wp-json\/wp\/v2\/types\/product"}],"replies":[{"embeddable":true,"href":"https:\/\/milicia-pro.com\/index.php\/wp-json\/wp\/v2\/comments?post=39417"}],"wp:featuredmedia":[{"embeddable":true,"href":"https:\/\/milicia-pro.com\/index.php\/wp-json\/wp\/v2\/media\/39423"}],"wp:attachment":[{"href":"https:\/\/milicia-pro.com\/index.php\/wp-json\/wp\/v2\/media?parent=39417"}],"wp:term":[{"taxonomy":"product_brand","embeddable":true,"href":"https:\/\/milicia-pro.com\/index.php\/wp-json\/wp\/v2\/product_brand?post=39417"},{"taxonomy":"product_cat","embeddable":true,"href":"https:\/\/milicia-pro.com\/index.php\/wp-json\/wp\/v2\/product_cat?post=39417"},{"taxonomy":"product_tag","embeddable":true,"href":"https:\/\/milicia-pro.com\/index.php\/wp-json\/wp\/v2\/product_tag?post=39417"}],"curies":[{"name":"wp","href":"https:\/\/api.w.org\/{rel}","templated":true}]}}