{"id":39405,"date":"2023-03-28T17:20:10","date_gmt":"2023-03-28T17:20:10","guid":{"rendered":"https:\/\/milicia-pro.com\/?post_type=product&#038;p=39405"},"modified":"2025-10-22T16:24:53","modified_gmt":"2025-10-22T16:24:53","slug":"porta-algemas-de-poliester-fechado-moldado","status":"publish","type":"product","link":"https:\/\/milicia-pro.com\/index.php\/product\/porta-algemas-de-poliester-fechado-moldado\/","title":{"rendered":"PORTA ALGEMAS DE POLI\u00c9STER FECHADO MOLDADO"},"content":{"rendered":"<p>Sinta-se seguro usando no cinto este porta-algemas em poli\u00e9ster \u00e9 fechado, moldado e ambidestro<\/p>\n","protected":false},"excerpt":{"rendered":"<p>Pre\u00e7o P.V.P.<\/p>\n","protected":false},"featured_media":39407,"comment_status":"open","ping_status":"closed","template":"","meta":{"_monsterinsights_skip_tracking":false,"_monsterinsights_sitenote_active":false,"_monsterinsights_sitenote_note":"","_monsterinsights_sitenote_category":0},"product_brand":[],"product_cat":[1138,1135,1064,829],"product_tag":[247],"class_list":{"0":"post-39405","1":"product","2":"type-product","3":"status-publish","4":"has-post-thumbnail","6":"product_cat-akar","7":"product_cat-algemas","8":"product_cat-equipamentotatico","9":"product_cat-marcas","10":"product_tag-porta-algemas","12":"first","13":"instock","14":"shipping-taxable","15":"purchasable","16":"product-type-variable"},"aioseo_notices":[],"jetpack_sharing_enabled":true,"_links":{"self":[{"href":"https:\/\/milicia-pro.com\/index.php\/wp-json\/wp\/v2\/product\/39405","targetHints":{"allow":["GET"]}}],"collection":[{"href":"https:\/\/milicia-pro.com\/index.php\/wp-json\/wp\/v2\/product"}],"about":[{"href":"https:\/\/milicia-pro.com\/index.php\/wp-json\/wp\/v2\/types\/product"}],"replies":[{"embeddable":true,"href":"https:\/\/milicia-pro.com\/index.php\/wp-json\/wp\/v2\/comments?post=39405"}],"wp:featuredmedia":[{"embeddable":true,"href":"https:\/\/milicia-pro.com\/index.php\/wp-json\/wp\/v2\/media\/39407"}],"wp:attachment":[{"href":"https:\/\/milicia-pro.com\/index.php\/wp-json\/wp\/v2\/media?parent=39405"}],"wp:term":[{"taxonomy":"product_brand","embeddable":true,"href":"https:\/\/milicia-pro.com\/index.php\/wp-json\/wp\/v2\/product_brand?post=39405"},{"taxonomy":"product_cat","embeddable":true,"href":"https:\/\/milicia-pro.com\/index.php\/wp-json\/wp\/v2\/product_cat?post=39405"},{"taxonomy":"product_tag","embeddable":true,"href":"https:\/\/milicia-pro.com\/index.php\/wp-json\/wp\/v2\/product_tag?post=39405"}],"curies":[{"name":"wp","href":"https:\/\/api.w.org\/{rel}","templated":true}]}}