{"id":39347,"date":"2023-03-28T14:19:06","date_gmt":"2023-03-28T14:19:06","guid":{"rendered":"https:\/\/milicia-pro.com\/?post_type=product&#038;p=39347"},"modified":"2025-05-16T13:43:31","modified_gmt":"2025-05-16T13:43:31","slug":"coldre-de-pistola-de-servico-nivel-ii","status":"publish","type":"product","link":"https:\/\/milicia-pro.com\/index.php\/product\/coldre-de-pistola-de-servico-nivel-ii\/","title":{"rendered":"COLDRE DE PISTOLA DE SERVI\u00c7O N\u00cdVEL II"},"content":{"rendered":"<p>Este coldre oferece uma efici\u00eancia superior em todas as condi\u00e7\u00f5es, durante opera\u00e7\u00f5es, gra\u00e7as ao seu design ergon\u00f4mico e s\u00f3lido.<\/p>\n<p>Permite a coloca\u00e7\u00e3o da arma numa altura e \u00e2ngulo de ideal de acesso, com op\u00e7\u00f5es de ajuste ao corpo para se adequar a diferentes posi\u00e7\u00f5es de transporte.<\/p>\n<p>A al\u00e7a da coxa \u00e9 equipada com superf\u00edcie antiderrapante para evitar que o coldre deslize ou balance durante os movimentos.<\/p>\n<p>Apresenta sistemas de bloqueio feitos de pe\u00e7as de a\u00e7o inoxid\u00e1vel para manter a arma segura.<\/p>\n<p>Dispon\u00edvel para a m\u00e3o direita ou esquerda.<\/p>\n<p>Este coldre pode ser usado \u00e0 vista, no cinto ou na perna.<\/p>\n<p>Modelos dispon\u00edveis para GLOCK 17\/19<\/p>\n","protected":false},"excerpt":{"rendered":"<p>Este coldre oferece uma efici\u00eancia superior em todas as condi\u00e7\u00f5es, durante opera\u00e7\u00f5es, gra\u00e7as ao seu design ergon\u00f4mico e s\u00f3lido. Permite a coloca\u00e7\u00e3o da arma numa altura e \u00e2ngulo de ideal de acesso, com op\u00e7\u00f5es de ajuste ao corpo para se adequar a diferentes posi\u00e7\u00f5es de transporte. A al\u00e7a da coxa \u00e9 equipada com superf\u00edcie antiderrapante [&#8230;]\n","protected":false},"featured_media":39349,"comment_status":"open","ping_status":"closed","template":"","meta":{"_monsterinsights_skip_tracking":false,"_monsterinsights_sitenote_active":false,"_monsterinsights_sitenote_note":"","_monsterinsights_sitenote_category":0},"product_brand":[],"product_cat":[1138,1085,1064,829],"product_tag":[607,1139,277],"class_list":{"0":"post-39347","1":"product","2":"type-product","3":"status-publish","4":"has-post-thumbnail","6":"product_cat-akar","7":"product_cat-coldre","8":"product_cat-equipamentotatico","9":"product_cat-marcas","10":"product_tag-coldre","11":"product_tag-perna","12":"product_tag-profissional","14":"first","15":"instock","16":"shipping-taxable","17":"purchasable","18":"product-type-variable"},"aioseo_notices":[],"jetpack_sharing_enabled":true,"_links":{"self":[{"href":"https:\/\/milicia-pro.com\/index.php\/wp-json\/wp\/v2\/product\/39347","targetHints":{"allow":["GET"]}}],"collection":[{"href":"https:\/\/milicia-pro.com\/index.php\/wp-json\/wp\/v2\/product"}],"about":[{"href":"https:\/\/milicia-pro.com\/index.php\/wp-json\/wp\/v2\/types\/product"}],"replies":[{"embeddable":true,"href":"https:\/\/milicia-pro.com\/index.php\/wp-json\/wp\/v2\/comments?post=39347"}],"wp:featuredmedia":[{"embeddable":true,"href":"https:\/\/milicia-pro.com\/index.php\/wp-json\/wp\/v2\/media\/39349"}],"wp:attachment":[{"href":"https:\/\/milicia-pro.com\/index.php\/wp-json\/wp\/v2\/media?parent=39347"}],"wp:term":[{"taxonomy":"product_brand","embeddable":true,"href":"https:\/\/milicia-pro.com\/index.php\/wp-json\/wp\/v2\/product_brand?post=39347"},{"taxonomy":"product_cat","embeddable":true,"href":"https:\/\/milicia-pro.com\/index.php\/wp-json\/wp\/v2\/product_cat?post=39347"},{"taxonomy":"product_tag","embeddable":true,"href":"https:\/\/milicia-pro.com\/index.php\/wp-json\/wp\/v2\/product_tag?post=39347"}],"curies":[{"name":"wp","href":"https:\/\/api.w.org\/{rel}","templated":true}]}}