{"id":39292,"date":"2023-03-07T12:06:06","date_gmt":"2023-03-07T12:06:06","guid":{"rendered":"https:\/\/milicia-pro.com\/?post_type=product&#038;p=39292"},"modified":"2025-07-03T13:55:06","modified_gmt":"2025-07-03T13:55:06","slug":"plastron-training-bag","status":"publish","type":"product","link":"https:\/\/milicia-pro.com\/index.php\/product\/plastron-training-bag\/","title":{"rendered":"PLASTRON-TRAINING BAG"},"content":{"rendered":"<p>Training Bag &#8211; saco de treino muito vers\u00e1til e que se destina a treinos variados permitindo melhorar a velocidade, a resist\u00eancia e a coordena\u00e7\u00e3o.<\/p>\n<ul>\n<li>Produzido em espuma de alta densidade.<\/li>\n<li>Tem uma zona de pega confort\u00e1vel para o treino<\/li>\n<li>Super leve e f\u00e1cil de transportar<\/li>\n<li>Altura &#8211; 72cm<\/li>\n<li>Largura &#8211; 52cm<\/li>\n<li>Espessura &#8211; 14cm<\/li>\n<\/ul>\n","protected":false},"excerpt":{"rendered":"<p>Training Bag &#8211; saco de treino muito vers\u00e1til e que se destina a treinos variados permitindo melhorar a velocidade, a resist\u00eancia e a coordena\u00e7\u00e3o. Produzido em espuma de alta densidade. Tem uma zona de pega confort\u00e1vel para o treino Super leve e f\u00e1cil de transportar Altura &#8211; 72cm Largura &#8211; 52cm Espessura &#8211; 14cm<\/p>\n","protected":false},"featured_media":39294,"comment_status":"open","ping_status":"closed","template":"","meta":{"_monsterinsights_skip_tracking":false,"_monsterinsights_sitenote_active":false,"_monsterinsights_sitenote_note":"","_monsterinsights_sitenote_category":0},"product_brand":[],"product_cat":[1128,1064,829,1129],"product_tag":[1132,1133,1134],"class_list":{"0":"post-39292","1":"product","2":"type-product","3":"status-publish","4":"has-post-thumbnail","6":"product_cat-eco-globe-marcas","7":"product_cat-equipamentotatico","8":"product_cat-marcas","9":"product_cat-treino","10":"product_tag-plastron","11":"product_tag-saco-treino","12":"product_tag-training-bag","14":"first","15":"onbackorder","16":"shipping-taxable","17":"product-type-variable"},"aioseo_notices":[],"jetpack_sharing_enabled":true,"_links":{"self":[{"href":"https:\/\/milicia-pro.com\/index.php\/wp-json\/wp\/v2\/product\/39292","targetHints":{"allow":["GET"]}}],"collection":[{"href":"https:\/\/milicia-pro.com\/index.php\/wp-json\/wp\/v2\/product"}],"about":[{"href":"https:\/\/milicia-pro.com\/index.php\/wp-json\/wp\/v2\/types\/product"}],"replies":[{"embeddable":true,"href":"https:\/\/milicia-pro.com\/index.php\/wp-json\/wp\/v2\/comments?post=39292"}],"wp:featuredmedia":[{"embeddable":true,"href":"https:\/\/milicia-pro.com\/index.php\/wp-json\/wp\/v2\/media\/39294"}],"wp:attachment":[{"href":"https:\/\/milicia-pro.com\/index.php\/wp-json\/wp\/v2\/media?parent=39292"}],"wp:term":[{"taxonomy":"product_brand","embeddable":true,"href":"https:\/\/milicia-pro.com\/index.php\/wp-json\/wp\/v2\/product_brand?post=39292"},{"taxonomy":"product_cat","embeddable":true,"href":"https:\/\/milicia-pro.com\/index.php\/wp-json\/wp\/v2\/product_cat?post=39292"},{"taxonomy":"product_tag","embeddable":true,"href":"https:\/\/milicia-pro.com\/index.php\/wp-json\/wp\/v2\/product_tag?post=39292"}],"curies":[{"name":"wp","href":"https:\/\/api.w.org\/{rel}","templated":true}]}}