{"id":39287,"date":"2023-03-07T11:59:56","date_gmt":"2023-03-07T11:59:56","guid":{"rendered":"https:\/\/milicia-pro.com\/?post_type=product&#038;p=39287"},"modified":"2025-07-03T13:56:03","modified_gmt":"2025-07-03T13:56:03","slug":"bastao-de-treino","status":"publish","type":"product","link":"https:\/\/milicia-pro.com\/index.php\/product\/bastao-de-treino\/","title":{"rendered":"BAST\u00c3O DE TREINO"},"content":{"rendered":"<p>Este bast\u00e3o de treino em espuma fornece um treino seguro e din\u00e2mico para for\u00e7as de seguran\u00e7a.<\/p>\n<p>Tem um suporte para o cinto, o qual, depois de seguro o bast\u00e3o pode ser sempre retirado e colocado rapidamente atrav\u00e9s de um sistema de velcro.<\/p>\n<ul>\n<li>Comprimento \u2013 58cm<\/li>\n<li>Di\u00e2metro \u2013 17cm<\/li>\n<\/ul>\n","protected":false},"excerpt":{"rendered":"<p>Este bast\u00e3o de treino em espuma fornece um treino seguro e din\u00e2mico para for\u00e7as de seguran\u00e7a. Tem um suporte para o cinto, o qual, depois de seguro o bast\u00e3o pode ser sempre retirado e colocado rapidamente atrav\u00e9s de um sistema de velcro. Comprimento \u2013 58cm Di\u00e2metro \u2013 17cm<\/p>\n","protected":false},"featured_media":39289,"comment_status":"open","ping_status":"closed","template":"","meta":{"_monsterinsights_skip_tracking":false,"_monsterinsights_sitenote_active":false,"_monsterinsights_sitenote_note":"","_monsterinsights_sitenote_category":0},"product_brand":[],"product_cat":[1128,1064,829,1129],"product_tag":[1130,333],"class_list":{"0":"post-39287","1":"product","2":"type-product","3":"status-publish","4":"has-post-thumbnail","6":"product_cat-eco-globe-marcas","7":"product_cat-equipamentotatico","8":"product_cat-marcas","9":"product_cat-treino","10":"product_tag-bastao","11":"product_tag-treino","13":"first","14":"onbackorder","15":"shipping-taxable","16":"product-type-variable"},"aioseo_notices":[],"jetpack_sharing_enabled":true,"_links":{"self":[{"href":"https:\/\/milicia-pro.com\/index.php\/wp-json\/wp\/v2\/product\/39287","targetHints":{"allow":["GET"]}}],"collection":[{"href":"https:\/\/milicia-pro.com\/index.php\/wp-json\/wp\/v2\/product"}],"about":[{"href":"https:\/\/milicia-pro.com\/index.php\/wp-json\/wp\/v2\/types\/product"}],"replies":[{"embeddable":true,"href":"https:\/\/milicia-pro.com\/index.php\/wp-json\/wp\/v2\/comments?post=39287"}],"wp:featuredmedia":[{"embeddable":true,"href":"https:\/\/milicia-pro.com\/index.php\/wp-json\/wp\/v2\/media\/39289"}],"wp:attachment":[{"href":"https:\/\/milicia-pro.com\/index.php\/wp-json\/wp\/v2\/media?parent=39287"}],"wp:term":[{"taxonomy":"product_brand","embeddable":true,"href":"https:\/\/milicia-pro.com\/index.php\/wp-json\/wp\/v2\/product_brand?post=39287"},{"taxonomy":"product_cat","embeddable":true,"href":"https:\/\/milicia-pro.com\/index.php\/wp-json\/wp\/v2\/product_cat?post=39287"},{"taxonomy":"product_tag","embeddable":true,"href":"https:\/\/milicia-pro.com\/index.php\/wp-json\/wp\/v2\/product_tag?post=39287"}],"curies":[{"name":"wp","href":"https:\/\/api.w.org\/{rel}","templated":true}]}}