{"id":39262,"date":"2023-03-01T17:13:53","date_gmt":"2023-03-01T17:13:53","guid":{"rendered":"https:\/\/milicia-pro.com\/?post_type=product&#038;p=39262"},"modified":"2025-06-05T09:24:33","modified_gmt":"2025-06-05T09:24:33","slug":"porta-algemas-c-clipe-p-3-algemas-descartaveis","status":"publish","type":"product","link":"https:\/\/milicia-pro.com\/index.php\/product\/porta-algemas-c-clipe-p-3-algemas-descartaveis\/","title":{"rendered":"PORTA ALGEMAS C\/ CLIPE P\/ 3 ALGEMAS DESCART\u00c1VEIS"},"content":{"rendered":"<p><img loading=\"lazy\" decoding=\"async\" class=\"wp-image-39263 alignleft\" src=\"https:\/\/milicia-pro.com\/wp-content\/uploads\/2023\/03\/HTH-63-300x162.png\" alt=\"\" width=\"519\" height=\"280\" srcset=\"https:\/\/milicia-pro.com\/wp-content\/uploads\/2023\/03\/HTH-63-300x162.png 300w, https:\/\/milicia-pro.com\/wp-content\/uploads\/2023\/03\/HTH-63-768x415.png 768w, https:\/\/milicia-pro.com\/wp-content\/uploads\/2023\/03\/HTH-63-510x275.png 510w, https:\/\/milicia-pro.com\/wp-content\/uploads\/2023\/03\/HTH-63.png 826w\" sizes=\"auto, (max-width: 519px) 100vw, 519px\" \/><\/p>\n<p>Este porta-algemas em pl\u00e1stico \u00e9 designado para o transporte confort\u00e1vel durante todo o dia de tr\u00eas algemas t\u00eaxteis descart\u00e1veis do tipo HT-01. S\u00e3o inseridas no suporte depois de girar a tampa superior. As instru\u00e7\u00f5es para colocar as algemas no suporte (carregamento) s\u00e3o dadas na tampa do inv\u00f3lucro.<\/p>\n<p>Ap\u00f3s a abertura da aba flex\u00edvel lateral as algemas podem ser r\u00e1pida e facilmente retiradas puxando a sali\u00eancia da fita t\u00eaxtil. Este porta-algemas pode se facilmente preenchido com outras algemas ap\u00f3s seu esvaziamento e assim ficar pronto para outra a\u00e7\u00e3o.<\/p>\n<p>O porta-algemas \u00e9 feito de poliamida de alta resist\u00eancia pr\u00f3prio para acondicionar 3 pe\u00e7as de algemas t\u00eaxteis.<\/p>\n<p>Este tipo de porta-algemas est\u00e1 equipado com um clip met\u00e1lico, que permite a sua r\u00e1pida inser\u00e7\u00e3o no cinto, sem necessidade de o desafivelar ou num colete t\u00e1tico. O clip de metal pode ser ajustado girando para carregar no lado direito ou esquerdo.<\/p>\n","protected":false},"excerpt":{"rendered":"<p>Este porta-algemas em pl\u00e1stico \u00e9 designado para o transporte confort\u00e1vel durante todo o dia de tr\u00eas algemas t\u00eaxteis descart\u00e1veis do tipo HT-01. S\u00e3o inseridas no suporte depois de girar a tampa superior. As instru\u00e7\u00f5es para colocar as algemas no suporte (carregamento) s\u00e3o dadas na tampa do inv\u00f3lucro. Ap\u00f3s a abertura da aba flex\u00edvel lateral as [&#8230;]\n","protected":false},"featured_media":39266,"comment_status":"open","ping_status":"closed","template":"","meta":{"_monsterinsights_skip_tracking":false,"_monsterinsights_sitenote_active":false,"_monsterinsights_sitenote_note":"","_monsterinsights_sitenote_category":0},"product_brand":[],"product_cat":[1135,1064,1125,829],"product_tag":[247,1047],"class_list":{"0":"post-39262","1":"product","2":"type-product","3":"status-publish","4":"has-post-thumbnail","6":"product_cat-algemas","7":"product_cat-equipamentotatico","8":"product_cat-euro-security-products","9":"product_cat-marcas","10":"product_tag-porta-algemas","11":"product_tag-texteis","13":"first","14":"instock","15":"shipping-taxable","16":"purchasable","17":"product-type-variable"},"aioseo_notices":[],"jetpack_sharing_enabled":true,"_links":{"self":[{"href":"https:\/\/milicia-pro.com\/index.php\/wp-json\/wp\/v2\/product\/39262","targetHints":{"allow":["GET"]}}],"collection":[{"href":"https:\/\/milicia-pro.com\/index.php\/wp-json\/wp\/v2\/product"}],"about":[{"href":"https:\/\/milicia-pro.com\/index.php\/wp-json\/wp\/v2\/types\/product"}],"replies":[{"embeddable":true,"href":"https:\/\/milicia-pro.com\/index.php\/wp-json\/wp\/v2\/comments?post=39262"}],"wp:featuredmedia":[{"embeddable":true,"href":"https:\/\/milicia-pro.com\/index.php\/wp-json\/wp\/v2\/media\/39266"}],"wp:attachment":[{"href":"https:\/\/milicia-pro.com\/index.php\/wp-json\/wp\/v2\/media?parent=39262"}],"wp:term":[{"taxonomy":"product_brand","embeddable":true,"href":"https:\/\/milicia-pro.com\/index.php\/wp-json\/wp\/v2\/product_brand?post=39262"},{"taxonomy":"product_cat","embeddable":true,"href":"https:\/\/milicia-pro.com\/index.php\/wp-json\/wp\/v2\/product_cat?post=39262"},{"taxonomy":"product_tag","embeddable":true,"href":"https:\/\/milicia-pro.com\/index.php\/wp-json\/wp\/v2\/product_tag?post=39262"}],"curies":[{"name":"wp","href":"https:\/\/api.w.org\/{rel}","templated":true}]}}