{"id":39113,"date":"2023-02-17T11:01:48","date_gmt":"2023-02-17T11:01:48","guid":{"rendered":"https:\/\/milicia-pro.com\/?post_type=product&#038;p=39113"},"modified":"2025-10-14T07:31:28","modified_gmt":"2025-10-14T07:31:28","slug":"meia-advanced-fit-duty-6","status":"publish","type":"product","link":"https:\/\/milicia-pro.com\/index.php\/product\/meia-advanced-fit-duty-6\/","title":{"rendered":"MEIA ADVANCED FIT DUTY 6\u201d"},"content":{"rendered":"<p>As primeiras meias Tactical Advanced Fit combinam uma palmilha acolchoada com compress\u00e3o de ajuste de desempenho. Concebidas para o m\u00e1ximo conforto, estas meias vers\u00e1teis t\u00eam acolchoamento que aguenta os turnos mais longos.<\/p>\n<p>&nbsp;<\/p>\n<p>ESPECIFICA\u00c7\u00d5ES:<\/p>\n<ul>\n<li>73% Nylon\/ 12% Poli\u00e9ster\/ 10% Algod\u00e3o\/ 5% Lycra<\/li>\n<li>Acolchoamento sob os p\u00e9s com leve compress\u00e3o por toda a parte<\/li>\n<li>Painel de ventila\u00e7\u00e3o na parte superior do p\u00e9<\/li>\n<\/ul>\n","protected":false},"excerpt":{"rendered":"<p>As primeiras meias Tactical Advanced Fit combinam uma palmilha acolchoada com compress\u00e3o de ajuste de desempenho. Concebidas para o m\u00e1ximo conforto, estas meias vers\u00e1teis t\u00eam acolchoamento que aguenta os turnos mais longos. &nbsp; ESPECIFICA\u00c7\u00d5ES: 73% Nylon\/ 12% Poli\u00e9ster\/ 10% Algod\u00e3o\/ 5% Lycra Acolchoamento sob os p\u00e9s com leve compress\u00e3o por toda a parte Painel de [&#8230;]\n","protected":false},"featured_media":39114,"comment_status":"open","ping_status":"closed","template":"","meta":{"_monsterinsights_skip_tracking":false,"_monsterinsights_sitenote_active":false,"_monsterinsights_sitenote_note":"","_monsterinsights_sitenote_category":0},"product_brand":[],"product_cat":[1463,830,829,1465],"product_tag":[210],"class_list":{"0":"post-39113","1":"product","2":"type-product","3":"status-publish","4":"has-post-thumbnail","6":"product_cat-calcado-2","7":"product_cat-firsttactical","8":"product_cat-marcas","9":"product_cat-meias-calcado-2","10":"product_tag-meia","12":"first","13":"instock","14":"featured","15":"shipping-taxable","16":"purchasable","17":"product-type-variable"},"aioseo_notices":[],"jetpack_sharing_enabled":true,"_links":{"self":[{"href":"https:\/\/milicia-pro.com\/index.php\/wp-json\/wp\/v2\/product\/39113","targetHints":{"allow":["GET"]}}],"collection":[{"href":"https:\/\/milicia-pro.com\/index.php\/wp-json\/wp\/v2\/product"}],"about":[{"href":"https:\/\/milicia-pro.com\/index.php\/wp-json\/wp\/v2\/types\/product"}],"replies":[{"embeddable":true,"href":"https:\/\/milicia-pro.com\/index.php\/wp-json\/wp\/v2\/comments?post=39113"}],"wp:featuredmedia":[{"embeddable":true,"href":"https:\/\/milicia-pro.com\/index.php\/wp-json\/wp\/v2\/media\/39114"}],"wp:attachment":[{"href":"https:\/\/milicia-pro.com\/index.php\/wp-json\/wp\/v2\/media?parent=39113"}],"wp:term":[{"taxonomy":"product_brand","embeddable":true,"href":"https:\/\/milicia-pro.com\/index.php\/wp-json\/wp\/v2\/product_brand?post=39113"},{"taxonomy":"product_cat","embeddable":true,"href":"https:\/\/milicia-pro.com\/index.php\/wp-json\/wp\/v2\/product_cat?post=39113"},{"taxonomy":"product_tag","embeddable":true,"href":"https:\/\/milicia-pro.com\/index.php\/wp-json\/wp\/v2\/product_tag?post=39113"}],"curies":[{"name":"wp","href":"https:\/\/api.w.org\/{rel}","templated":true}]}}