{"id":39026,"date":"2023-02-16T11:57:13","date_gmt":"2023-02-16T11:57:13","guid":{"rendered":"https:\/\/milicia-pro.com\/?post_type=product&#038;p=39026"},"modified":"2026-03-30T09:06:59","modified_gmt":"2026-03-30T09:06:59","slug":"porta-carregador-3-0-linked-mag-pouch","status":"publish","type":"product","link":"https:\/\/milicia-pro.com\/index.php\/product\/porta-carregador-3-0-linked-mag-pouch\/","title":{"rendered":"PORTA-CARREGADOR (3.0 LINKed MAG POUCH)"},"content":{"rendered":"<ul>\n<li><div style=\"width: 1020px;\" class=\"wp-video\"><video class=\"wp-video-shortcode\" id=\"video-39026-1\" width=\"1020\" height=\"574\" preload=\"metadata\" controls=\"controls\"><source type=\"video\/mp4\" src=\"https:\/\/milicia-pro.com\/wp-content\/uploads\/2023\/02\/LINKed-Holster.mp4?_=1\" \/><a href=\"https:\/\/milicia-pro.com\/wp-content\/uploads\/2023\/02\/LINKed-Holster.mp4\">https:\/\/milicia-pro.com\/wp-content\/uploads\/2023\/02\/LINKed-Holster.mp4<\/a><\/video><\/div>\n<p>Clip IWB de 3,8cm<\/li>\n<li>Hardware extra para anexa\u00e7\u00e3o IWB Torsion<\/li>\n<li>Porta carregador ajust\u00e1vel<\/li>\n<li>Porta carregador com ajuste de reten\u00e7\u00e3o<\/li>\n<\/ul>\n<p>Usando apenas alguns parafusos, um design inteligente, mas simples, fixa o porta-carregador com um clip ao cinto, podendo anexa-lo ao Torsion IWB coldre para ser usado em ap\u00eandice \u201ccarry\u201d.<\/p>\n<p>NOTA:<\/p>\n<p>Este porta-carregador s\u00f3 est\u00e1 dispon\u00edvel para atiradores destros.<\/p>\n","protected":false},"excerpt":{"rendered":"<p>Clip IWB de 3,8cm Hardware extra para anexa\u00e7\u00e3o IWB Torsion Porta carregador ajust\u00e1vel Porta carregador com ajuste de reten\u00e7\u00e3o Usando apenas alguns parafusos, um design inteligente, mas simples, fixa o porta-carregador com um clip ao cinto, podendo anexa-lo ao Torsion IWB coldre para ser usado em ap\u00eandice \u201ccarry\u201d. NOTA: Este porta-carregador s\u00f3 est\u00e1 dispon\u00edvel para [&#8230;]\n","protected":false},"featured_media":39029,"comment_status":"open","ping_status":"closed","template":"","meta":{"_monsterinsights_skip_tracking":false,"_monsterinsights_sitenote_active":false,"_monsterinsights_sitenote_note":"","_monsterinsights_sitenote_category":0},"product_brand":[1592],"product_cat":[1030,1064,1086],"product_tag":[55,607,608,255],"class_list":{"0":"post-39026","1":"product","2":"type-product","3":"status-publish","4":"has-post-thumbnail","6":"product_brand-bravo-concealment","7":"product_cat-bravo-concealment","8":"product_cat-equipamentotatico","9":"product_cat-portacarregador","10":"product_tag-acessorio","11":"product_tag-coldre","12":"product_tag-glock","13":"product_tag-porta-carregador","15":"first","16":"instock","17":"shipping-taxable","18":"purchasable","19":"product-type-variable"},"aioseo_notices":[],"jetpack_sharing_enabled":true,"_links":{"self":[{"href":"https:\/\/milicia-pro.com\/index.php\/wp-json\/wp\/v2\/product\/39026","targetHints":{"allow":["GET"]}}],"collection":[{"href":"https:\/\/milicia-pro.com\/index.php\/wp-json\/wp\/v2\/product"}],"about":[{"href":"https:\/\/milicia-pro.com\/index.php\/wp-json\/wp\/v2\/types\/product"}],"replies":[{"embeddable":true,"href":"https:\/\/milicia-pro.com\/index.php\/wp-json\/wp\/v2\/comments?post=39026"}],"wp:featuredmedia":[{"embeddable":true,"href":"https:\/\/milicia-pro.com\/index.php\/wp-json\/wp\/v2\/media\/39029"}],"wp:attachment":[{"href":"https:\/\/milicia-pro.com\/index.php\/wp-json\/wp\/v2\/media?parent=39026"}],"wp:term":[{"taxonomy":"product_brand","embeddable":true,"href":"https:\/\/milicia-pro.com\/index.php\/wp-json\/wp\/v2\/product_brand?post=39026"},{"taxonomy":"product_cat","embeddable":true,"href":"https:\/\/milicia-pro.com\/index.php\/wp-json\/wp\/v2\/product_cat?post=39026"},{"taxonomy":"product_tag","embeddable":true,"href":"https:\/\/milicia-pro.com\/index.php\/wp-json\/wp\/v2\/product_tag?post=39026"}],"curies":[{"name":"wp","href":"https:\/\/api.w.org\/{rel}","templated":true}]}}