{"id":38961,"date":"2023-02-16T12:08:17","date_gmt":"2023-02-16T12:08:17","guid":{"rendered":"https:\/\/milicia-pro.com\/?post_type=product&#038;p=38961"},"modified":"2025-06-05T17:18:36","modified_gmt":"2025-06-05T17:18:36","slug":"garmin-gps-map-65-sem-sensores","status":"publish","type":"product","link":"https:\/\/milicia-pro.com\/index.php\/product\/garmin-gps-map-65-sem-sensores\/","title":{"rendered":"GARMIN GPS MAP 65 SEM SENSORES"},"content":{"rendered":"<div style=\"width: 1020px;\" class=\"wp-video\"><video class=\"wp-video-shortcode\" id=\"video-38961-1\" width=\"1020\" height=\"574\" preload=\"metadata\" controls=\"controls\"><source type=\"video\/mp4\" src=\"https:\/\/milicia-pro.com\/wp-content\/uploads\/2023\/02\/Serie-Garmin-GPSMAP-65_-Encontre-o-seu-caminho-neste-vasto-mundo.mp4?_=1\" \/><a href=\"https:\/\/milicia-pro.com\/wp-content\/uploads\/2023\/02\/Serie-Garmin-GPSMAP-65_-Encontre-o-seu-caminho-neste-vasto-mundo.mp4\">https:\/\/milicia-pro.com\/wp-content\/uploads\/2023\/02\/Serie-Garmin-GPSMAP-65_-Encontre-o-seu-caminho-neste-vasto-mundo.mp4<\/a><\/video><\/div>\n<p>&nbsp;<\/p>\n<p>GPS port\u00e1til multi-GNSS\/multibanda<\/p>\n<p>Explore mais com este robusto dispositivo port\u00e1til que oferece uma precis\u00e3o de localiza\u00e7\u00e3o ideal, um ecr\u00e3 a cores de 2,6 polegadas e mapas pr\u00e9-carregados.<\/p>\n<p>Conte\u00fado da caixa:<\/p>\n<ul>\n<li>GPSMAP 65<\/li>\n<li>Cabo USB<\/li>\n<li>Grampo do mosquet\u00e3o<\/li>\n<li>Documenta\u00e7\u00e3o<\/li>\n<\/ul>\n<p>GERAL:<\/p>\n<ul>\n<li>Dimens\u00f5es F\u00edsicas \u2013 6,1 x 16,0 x 3,6 cm<\/li>\n<li>Tamanho do Ecr\u00e3, LXA &#8211; 3,6 x 5,5 cm; diagonal de 2,6 pol. (6,6 cm)<\/li>\n<li>Resolu\u00e7\u00e3o do ecr\u00e3, LXA &#8211; 160 x 240 pixels<\/li>\n<li>Tipo de Ecr\u00e3 \u2013 TFT transfletivo de 65 mil cores<\/li>\n<li>Peso \u2013 217 g com pilhas<\/li>\n<li>Classifica\u00e7\u00e3o na \u00c1gua &#8211; IPX7<\/li>\n<li>Bateria &#8211; 2 pilhas AA (n\u00e3o inclu\u00eddas); recomendamos pilhas de l\u00edtio ou NiMH<\/li>\n<li>Vida \u00datil da Bateria \u2013 16 horas<\/li>\n<li>Interface \u2013 Compat\u00edvel com mini USB de alta velocidade e NMEA 0183<\/li>\n<li>Mem\u00f3riia\/Historial &#8211; 16\u00a0GB (o espa\u00e7o do utilizador varia consoante o mapa inclu\u00eddo)<\/li>\n<\/ul>\n<p>&nbsp;<\/p>\n<p>MAPAS E MEM\u00d3RIA:<\/p>\n<ul>\n<li>Mapas Pr\u00e9-Carregados \u2013 Sim (TopoActive da Europa; naveg\u00e1veis)<\/li>\n<li>Capacidade de Adicionar Mapas<\/li>\n<li>Mapa de Base<\/li>\n<li>C\u00e1lculo de Rota Autom\u00e1tico (rotas de curva nas ruas)<\/li>\n<li>Segmentos do Mapa \u2013 3000<\/li>\n<li>BirdsEye \u2013 250 ficheiros de imagens BirdsEye<\/li>\n<li>Inclui Caracter\u00edsticas Hidrogr\u00e1ficas Detalhadas (Linhas Costeiras, Lagos\/Rios, P\u00e2ntanos e Nascentes Perenes e Sazonais)<\/li>\n<li>Inclui Pesquisas de Pontos de Interesse (Parques, Parques de campismo, parques de Merendas e Miradouros)<\/li>\n<li>Apresenta Parques Nocionais, Estatais e Locais, Florestas e Zonas de Reserva<\/li>\n<li>Capacidade de Energia e Armazenamento \u2013 Sim (cart\u00e3o microSD\u2122 de 32 GB no m\u00e1ximo<\/li>\n<li>Pontos de passagem\/favoritos\/Locais \u2013 5000<\/li>\n<li>Trajetos \u2013 200<\/li>\n<li>Registos de Trajetos \u2013 10\u00a0000 pontos, 200 trajetos guardados<\/li>\n<li>Rotas &#8211; 200, 250 pontos por rota; rotas autom\u00e1ticas de 50 pontos<\/li>\n<\/ul>\n<p>&nbsp;<\/p>\n<p>SENSORES:<\/p>\n<ul>\n<li>Recetor de Alta Sensibilidade<\/li>\n<li>GPS<\/li>\n<li>GLONASS<\/li>\n<li>GALILID<\/li>\n<li>QZSS<\/li>\n<li>B\u00fassola GPS (Em Movimento)<\/li>\n<li>Frequ\u00eancia Multibanda<\/li>\n<\/ul>\n<p>&nbsp;<\/p>\n<p>FUNCIONALIDADES INTELIGENTES DI\u00c1RIAS<\/p>\n<ul>\n<li>Notifica\u00e7\u00f5es Inteligentes no dispositivo Port\u00e1til<\/li>\n<li>Controlo Remoto VIRB\u00ae<\/li>\n<li>Compat\u00edvel com o Garmin Connect- para Dispositivos M\u00f3veis<\/li>\n<\/ul>\n<p>&nbsp;<\/p>\n<p>FUNCIONALIDADES PARA ATIVIDADES RECREATIVAS AO AR LIVRE<\/p>\n<ul>\n<li>Navega\u00e7\u00e3o de Rota Ativa<\/li>\n<li>C\u00e1lculos de \u00c1reas<\/li>\n<li>Calend\u00e1rio de ca\u00e7a\/Pesca<\/li>\n<li>Informa\u00e7\u00f5es de Sol e Lua<\/li>\n<li>Concebido para Geocaching \u2013 Sim (Sem Papel)<\/li>\n<li>Compat\u00edvel Com Personaliza\u00e7\u00e3o de Mapas \u2013 Sim (500 mosaicos de Mapa personalizados)<\/li>\n<li>Visualizador de Imagens<\/li>\n<\/ul>\n<p>&nbsp;<\/p>\n<p>APLICA\u00c7\u00d5ES EXTERNAS<\/p>\n<ul>\n<li>Compat\u00edvel Com Aplicativo Garmin Explore\u2122<\/li>\n<li>Compat\u00edvel com Website Garmin Explore<\/li>\n<\/ul>\n<p>&nbsp;<\/p>\n<p>LIGA\u00c7\u00d5ES<\/p>\n<ul>\n<li>Conetividade sem fios &#8211; Sim &#8211; Bluetooth<sup>\u00ae<\/sup>, ANT+<sup>\u00ae<\/sup><\/li>\n<\/ul>\n<p>&nbsp;<\/p>\n","protected":false},"excerpt":{"rendered":"<p>&nbsp; GPS port\u00e1til multi-GNSS\/multibanda Explore mais com este robusto dispositivo port\u00e1til que oferece uma precis\u00e3o de localiza\u00e7\u00e3o ideal, um ecr\u00e3 a cores de 2,6 polegadas e mapas pr\u00e9-carregados. Conte\u00fado da caixa: GPSMAP 65 Cabo USB Grampo do mosquet\u00e3o Documenta\u00e7\u00e3o GERAL: Dimens\u00f5es F\u00edsicas \u2013 6,1 x 16,0 x 3,6 cm Tamanho do Ecr\u00e3, LXA &#8211; 3,6 [&#8230;]\n","protected":false},"featured_media":39038,"comment_status":"open","ping_status":"closed","template":"","meta":{"_monsterinsights_skip_tracking":false,"_monsterinsights_sitenote_active":false,"_monsterinsights_sitenote_note":"","_monsterinsights_sitenote_category":0},"product_brand":[],"product_cat":[1476,1056,829],"product_tag":[1062],"class_list":{"0":"post-38961","1":"product","2":"type-product","3":"status-publish","4":"has-post-thumbnail","6":"product_cat-comunicacao-navegacao","7":"product_cat-garmin","8":"product_cat-marcas","9":"product_tag-gps","11":"first","12":"onbackorder","13":"shipping-taxable","14":"purchasable","15":"product-type-variable"},"aioseo_notices":[],"jetpack_sharing_enabled":true,"_links":{"self":[{"href":"https:\/\/milicia-pro.com\/index.php\/wp-json\/wp\/v2\/product\/38961","targetHints":{"allow":["GET"]}}],"collection":[{"href":"https:\/\/milicia-pro.com\/index.php\/wp-json\/wp\/v2\/product"}],"about":[{"href":"https:\/\/milicia-pro.com\/index.php\/wp-json\/wp\/v2\/types\/product"}],"replies":[{"embeddable":true,"href":"https:\/\/milicia-pro.com\/index.php\/wp-json\/wp\/v2\/comments?post=38961"}],"wp:featuredmedia":[{"embeddable":true,"href":"https:\/\/milicia-pro.com\/index.php\/wp-json\/wp\/v2\/media\/39038"}],"wp:attachment":[{"href":"https:\/\/milicia-pro.com\/index.php\/wp-json\/wp\/v2\/media?parent=38961"}],"wp:term":[{"taxonomy":"product_brand","embeddable":true,"href":"https:\/\/milicia-pro.com\/index.php\/wp-json\/wp\/v2\/product_brand?post=38961"},{"taxonomy":"product_cat","embeddable":true,"href":"https:\/\/milicia-pro.com\/index.php\/wp-json\/wp\/v2\/product_cat?post=38961"},{"taxonomy":"product_tag","embeddable":true,"href":"https:\/\/milicia-pro.com\/index.php\/wp-json\/wp\/v2\/product_tag?post=38961"}],"curies":[{"name":"wp","href":"https:\/\/api.w.org\/{rel}","templated":true}]}}