{"id":38942,"date":"2023-03-01T16:15:16","date_gmt":"2023-03-01T16:15:16","guid":{"rendered":"https:\/\/milicia-pro.com\/?post_type=product&#038;p=38942"},"modified":"2025-06-05T09:25:04","modified_gmt":"2025-06-05T09:25:04","slug":"porta-algemas-c-sistema-rotativo-p-3-algemas-texteis-descartaveis","status":"publish","type":"product","link":"https:\/\/milicia-pro.com\/index.php\/product\/porta-algemas-c-sistema-rotativo-p-3-algemas-texteis-descartaveis\/","title":{"rendered":"PORTA ALGEMAS C\/ SISTEMA ROTATIVO P\/ 3 ALGEMAS T\u00caXTEIS DESCART\u00c1VEIS"},"content":{"rendered":"<p><img loading=\"lazy\" decoding=\"async\" class=\"wp-image-38943 alignleft\" src=\"https:\/\/milicia-pro.com\/wp-content\/uploads\/2023\/02\/HTH-X3-300x162.png\" alt=\"\" width=\"526\" height=\"284\" srcset=\"https:\/\/milicia-pro.com\/wp-content\/uploads\/2023\/02\/HTH-X3-300x162.png 300w, https:\/\/milicia-pro.com\/wp-content\/uploads\/2023\/02\/HTH-X3-768x415.png 768w, https:\/\/milicia-pro.com\/wp-content\/uploads\/2023\/02\/HTH-X3-510x275.png 510w, https:\/\/milicia-pro.com\/wp-content\/uploads\/2023\/02\/HTH-X3.png 826w\" sizes=\"auto, (max-width: 526px) 100vw, 526px\" \/><\/p>\n<p>Este porta-algemas em pl\u00e1stico \u00e9 designado para o transporte confort\u00e1vel durante todo o dia de tr\u00eas algemas t\u00eaxteis descart\u00e1veis do tipo HT-01. S\u00e3o inseridas no suporte depois de girar a tampa superior. As instru\u00e7\u00f5es para colocar as algemas no suporte (carregamento) s\u00e3o dadas na tampa do inv\u00f3lucro.<\/p>\n<p>Ap\u00f3s a abertura da aba flex\u00edvel lateral as algemas podem ser r\u00e1pida e facilmente retiradas puxando a sali\u00eancia da fita t\u00eaxtil. Este porta algemas pode se facilmente preenchido com outras algemas ap\u00f3s seu esvaziamento e assim ficar pronto para outra a\u00e7\u00e3o.<\/p>\n<p>O porta-algemas \u00e9 feito de poliamida de alta resist\u00eancia pr\u00f3prio para acondicionar 3 pe\u00e7as de algemas t\u00eaxteis.<\/p>\n<p>Este tipo de porta-algemas utiliza um clipe de fixa\u00e7\u00e3o especial patenteado do tipo UBC-01, que permite a sua inser\u00e7\u00e3o r\u00e1pida no cinto, apenas com uma m\u00e3o e sem necessidade de desafivelar o cinto. O suporte pode ser girado em rela\u00e7\u00e3o ao cinto em c\u00edrculo completo de 360 graus com 16 posi\u00e7\u00f5es de travamento.<\/p>\n","protected":false},"excerpt":{"rendered":"<p>Este porta-algemas em pl\u00e1stico \u00e9 designado para o transporte confort\u00e1vel durante todo o dia de tr\u00eas algemas t\u00eaxteis descart\u00e1veis do tipo HT-01. S\u00e3o inseridas no suporte depois de girar a tampa superior. As instru\u00e7\u00f5es para colocar as algemas no suporte (carregamento) s\u00e3o dadas na tampa do inv\u00f3lucro. Ap\u00f3s a abertura da aba flex\u00edvel lateral as [&#8230;]\n","protected":false},"featured_media":38944,"comment_status":"open","ping_status":"closed","template":"","meta":{"_monsterinsights_skip_tracking":false,"_monsterinsights_sitenote_active":false,"_monsterinsights_sitenote_note":"","_monsterinsights_sitenote_category":0},"product_brand":[],"product_cat":[1135,1064,1125,829],"product_tag":[247],"class_list":{"0":"post-38942","1":"product","2":"type-product","3":"status-publish","4":"has-post-thumbnail","6":"product_cat-algemas","7":"product_cat-equipamentotatico","8":"product_cat-euro-security-products","9":"product_cat-marcas","10":"product_tag-porta-algemas","12":"first","13":"instock","14":"shipping-taxable","15":"purchasable","16":"product-type-variable"},"aioseo_notices":[],"jetpack_sharing_enabled":true,"_links":{"self":[{"href":"https:\/\/milicia-pro.com\/index.php\/wp-json\/wp\/v2\/product\/38942","targetHints":{"allow":["GET"]}}],"collection":[{"href":"https:\/\/milicia-pro.com\/index.php\/wp-json\/wp\/v2\/product"}],"about":[{"href":"https:\/\/milicia-pro.com\/index.php\/wp-json\/wp\/v2\/types\/product"}],"replies":[{"embeddable":true,"href":"https:\/\/milicia-pro.com\/index.php\/wp-json\/wp\/v2\/comments?post=38942"}],"wp:featuredmedia":[{"embeddable":true,"href":"https:\/\/milicia-pro.com\/index.php\/wp-json\/wp\/v2\/media\/38944"}],"wp:attachment":[{"href":"https:\/\/milicia-pro.com\/index.php\/wp-json\/wp\/v2\/media?parent=38942"}],"wp:term":[{"taxonomy":"product_brand","embeddable":true,"href":"https:\/\/milicia-pro.com\/index.php\/wp-json\/wp\/v2\/product_brand?post=38942"},{"taxonomy":"product_cat","embeddable":true,"href":"https:\/\/milicia-pro.com\/index.php\/wp-json\/wp\/v2\/product_cat?post=38942"},{"taxonomy":"product_tag","embeddable":true,"href":"https:\/\/milicia-pro.com\/index.php\/wp-json\/wp\/v2\/product_tag?post=38942"}],"curies":[{"name":"wp","href":"https:\/\/api.w.org\/{rel}","templated":true}]}}