{"id":38926,"date":"2023-02-14T10:48:32","date_gmt":"2023-02-14T10:48:32","guid":{"rendered":"https:\/\/milicia-pro.com\/?post_type=product&#038;p=38926"},"modified":"2025-10-09T07:14:12","modified_gmt":"2025-10-09T07:14:12","slug":"algemas-descartaveis-texteis","status":"publish","type":"product","link":"https:\/\/milicia-pro.com\/index.php\/product\/algemas-descartaveis-texteis\/","title":{"rendered":"ALGEMAS DESCART\u00c1VEIS T\u00caXTEIS"},"content":{"rendered":"<div style=\"width: 492px;\" class=\"wp-video\"><video class=\"wp-video-shortcode\" id=\"video-38926-1\" width=\"492\" height=\"360\" preload=\"metadata\" controls=\"controls\"><source type=\"video\/mp4\" src=\"https:\/\/milicia-pro.com\/wp-content\/uploads\/2023\/02\/videoplayback.mp4?_=1\" \/><a href=\"https:\/\/milicia-pro.com\/wp-content\/uploads\/2023\/02\/videoplayback.mp4\">https:\/\/milicia-pro.com\/wp-content\/uploads\/2023\/02\/videoplayback.mp4<\/a><\/video><\/div>\n<p>As algemas usam um sistema de travamento exclusivo, o que garante que mesmo pessoas mais fortes n\u00e3o consigam abri-las. A resist\u00eancia m\u00ednima ao rasgo das algemas \u00e9 de 140kg (verificada por testes certificados).<\/p>\n<p>As principais vantagens consistem no baixo peso e f\u00e1cil de armazenamento. Este produto j\u00e1 foi patenteado nos EUA e na Europa.<\/p>\n<p>A retirada destas algemas \u00e9 feita atrav\u00e9s do cortador ESP multiuso.<\/p>\n<p>Peso- 22 gramas<\/p>\n<ul>\n<li>Algemas descart\u00e1veis testeis refor\u00e7adas<\/li>\n<li>Conveniente, compacto, discreto, leve para uso di\u00e1rio<\/li>\n<li>Resistente: Tran\u00e7a e cursor projetados para suportar resist\u00eancia \u00e0 tra\u00e7\u00e3o mito alta<\/li>\n<li>Leve: poucas gramas e cabem no bolso<\/li>\n<\/ul>\n<p>&nbsp;<\/p>\n<p>ESP.HT-01-B \u2013 Fita em tecido preto<\/p>\n<p>ESP.HT-01-Y \u2013 Fita em tecido amarelo<\/p>\n<p>ESP.HT-01-T \u2013 Fita de treinamento em tecido vermelho. Estas de cor vermelha, permite treinar t\u00e9cnicas de algemas sem necessidade de destruir algemas descart\u00e1veis reais.<\/p>\n<p>Estas algemas s\u00e3o equipadas em vez de travas de fixa\u00e7\u00e3o com rolos de fric\u00e7\u00e3o de silicone, que permite uma fixa\u00e7\u00e3o suave. Por\u00e9m, apresentam uma leve resist\u00eancia quando a pessoa algemada tenta se desvencilhar das algemas. Imitam o comportamento de algemas reais, mas podem ser retiradas com facilidade e seguran\u00e7a.<\/p>\n","protected":false},"excerpt":{"rendered":"<p>As algemas usam um sistema de travamento exclusivo, o que garante que mesmo pessoas mais fortes n\u00e3o consigam abri-las. A resist\u00eancia m\u00ednima ao rasgo das algemas \u00e9 de 140kg (verificada por testes certificados). As principais vantagens consistem no baixo peso e f\u00e1cil de armazenamento. Este produto j\u00e1 foi patenteado nos EUA e na Europa. A [&#8230;]\n","protected":false},"featured_media":38931,"comment_status":"open","ping_status":"closed","template":"","meta":{"_monsterinsights_skip_tracking":false,"_monsterinsights_sitenote_active":false,"_monsterinsights_sitenote_note":"","_monsterinsights_sitenote_category":0},"product_brand":[],"product_cat":[1135,1064,1125,829],"product_tag":[501,1050,1047],"class_list":{"0":"post-38926","1":"product","2":"type-product","3":"status-publish","4":"has-post-thumbnail","6":"product_cat-algemas","7":"product_cat-equipamentotatico","8":"product_cat-euro-security-products","9":"product_cat-marcas","10":"product_tag-algemas","11":"product_tag-descartaveis","12":"product_tag-texteis","14":"first","15":"instock","16":"shipping-taxable","17":"purchasable","18":"product-type-variable"},"aioseo_notices":[],"jetpack_sharing_enabled":true,"_links":{"self":[{"href":"https:\/\/milicia-pro.com\/index.php\/wp-json\/wp\/v2\/product\/38926","targetHints":{"allow":["GET"]}}],"collection":[{"href":"https:\/\/milicia-pro.com\/index.php\/wp-json\/wp\/v2\/product"}],"about":[{"href":"https:\/\/milicia-pro.com\/index.php\/wp-json\/wp\/v2\/types\/product"}],"replies":[{"embeddable":true,"href":"https:\/\/milicia-pro.com\/index.php\/wp-json\/wp\/v2\/comments?post=38926"}],"wp:featuredmedia":[{"embeddable":true,"href":"https:\/\/milicia-pro.com\/index.php\/wp-json\/wp\/v2\/media\/38931"}],"wp:attachment":[{"href":"https:\/\/milicia-pro.com\/index.php\/wp-json\/wp\/v2\/media?parent=38926"}],"wp:term":[{"taxonomy":"product_brand","embeddable":true,"href":"https:\/\/milicia-pro.com\/index.php\/wp-json\/wp\/v2\/product_brand?post=38926"},{"taxonomy":"product_cat","embeddable":true,"href":"https:\/\/milicia-pro.com\/index.php\/wp-json\/wp\/v2\/product_cat?post=38926"},{"taxonomy":"product_tag","embeddable":true,"href":"https:\/\/milicia-pro.com\/index.php\/wp-json\/wp\/v2\/product_tag?post=38926"}],"curies":[{"name":"wp","href":"https:\/\/api.w.org\/{rel}","templated":true}]}}