{"id":38922,"date":"2023-02-13T18:39:52","date_gmt":"2023-02-13T18:39:52","guid":{"rendered":"https:\/\/milicia-pro.com\/?post_type=product&#038;p=38922"},"modified":"2025-06-05T08:43:49","modified_gmt":"2025-06-05T08:43:49","slug":"cortador-de-algemas-descartaveis-texteis-c-alca-de-nylon","status":"publish","type":"product","link":"https:\/\/milicia-pro.com\/index.php\/product\/cortador-de-algemas-descartaveis-texteis-c-alca-de-nylon\/","title":{"rendered":"CORTADOR DE ALGEMAS DESCART\u00c1VEIS T\u00caXTEIS C\/ AL\u00c7A DE NYLON"},"content":{"rendered":"<p><img loading=\"lazy\" decoding=\"async\" class=\"wp-image-38920 alignleft\" src=\"https:\/\/milicia-pro.com\/wp-content\/uploads\/2023\/02\/HK-02-03.png\" alt=\"\" width=\"478\" height=\"331\" \/>Faca multifuncional HK-02, que pode ser usada n\u00e3o apenas para remo\u00e7\u00e3o de algemas descart\u00e1veis.<\/p>\n<p>Tem formato ergon\u00f4mico com abertura para fixa\u00e7\u00e3o segura e tamb\u00e9m orif\u00edcio para fixa\u00e7\u00e3o em roupas ou chaveiro. A borda afiada do cortador \u00e9 embutida para evitar qualquer ferimento durante a manipula\u00e7\u00e3o. Parte de chumbo em pl\u00e1stico do cortador com formato especial, permite seu f\u00e1cil deslizamento sob as algemas.<\/p>\n<p>Gra\u00e7as ao formato especial da l\u00e2mina, \u00e9 poss\u00edvel usar esta faca tamb\u00e9m para cortar rapidamente os cintos de seguran\u00e7a do carro, seja em um acidente de carro ou na repress\u00e3o policial a uma pessoa perigosa sentada no ve\u00edculo.<\/p>\n<p>A faca multifuncional HK-02 tamb\u00e9m pode ser usada para remo\u00e7\u00e3o f\u00e1cil e segura de roupas durante os primeiros socorros de emerg\u00eancia.<br \/>\nEste cortador multifuncional est\u00e1 dispon\u00edvel com uma al\u00e7a para transporte confort\u00e1vel num colete t\u00e1tico ou no cinto das cal\u00e7as. Gra\u00e7as a esta al\u00e7a pode ter sempre o cortador pronto a usar. A pulseira \u00e9 fabricada em nylon dur\u00e1vel e pode ser presa ao cinto de servi\u00e7o de at\u00e9 55mm de largura, bem como a um sistema MOLLE.<\/p>\n","protected":false},"excerpt":{"rendered":"<p>Faca multifuncional HK-02, que pode ser usada n\u00e3o apenas para remo\u00e7\u00e3o de algemas descart\u00e1veis. Tem formato ergon\u00f4mico com abertura para fixa\u00e7\u00e3o segura e tamb\u00e9m orif\u00edcio para fixa\u00e7\u00e3o em roupas ou chaveiro. A borda afiada do cortador \u00e9 embutida para evitar qualquer ferimento durante a manipula\u00e7\u00e3o. Parte de chumbo em pl\u00e1stico do cortador com formato especial, [&#8230;]\n","protected":false},"featured_media":38924,"comment_status":"open","ping_status":"closed","template":"","meta":{"_monsterinsights_skip_tracking":false,"_monsterinsights_sitenote_active":false,"_monsterinsights_sitenote_note":"","_monsterinsights_sitenote_category":0},"product_brand":[],"product_cat":[1135,1064,1125,829],"product_tag":[501,1048],"class_list":{"0":"post-38922","1":"product","2":"type-product","3":"status-publish","4":"has-post-thumbnail","6":"product_cat-algemas","7":"product_cat-equipamentotatico","8":"product_cat-euro-security-products","9":"product_cat-marcas","10":"product_tag-algemas","11":"product_tag-cortador","13":"first","14":"instock","15":"shipping-taxable","16":"purchasable","17":"product-type-variable"},"aioseo_notices":[],"jetpack_sharing_enabled":true,"_links":{"self":[{"href":"https:\/\/milicia-pro.com\/index.php\/wp-json\/wp\/v2\/product\/38922","targetHints":{"allow":["GET"]}}],"collection":[{"href":"https:\/\/milicia-pro.com\/index.php\/wp-json\/wp\/v2\/product"}],"about":[{"href":"https:\/\/milicia-pro.com\/index.php\/wp-json\/wp\/v2\/types\/product"}],"replies":[{"embeddable":true,"href":"https:\/\/milicia-pro.com\/index.php\/wp-json\/wp\/v2\/comments?post=38922"}],"wp:featuredmedia":[{"embeddable":true,"href":"https:\/\/milicia-pro.com\/index.php\/wp-json\/wp\/v2\/media\/38924"}],"wp:attachment":[{"href":"https:\/\/milicia-pro.com\/index.php\/wp-json\/wp\/v2\/media?parent=38922"}],"wp:term":[{"taxonomy":"product_brand","embeddable":true,"href":"https:\/\/milicia-pro.com\/index.php\/wp-json\/wp\/v2\/product_brand?post=38922"},{"taxonomy":"product_cat","embeddable":true,"href":"https:\/\/milicia-pro.com\/index.php\/wp-json\/wp\/v2\/product_cat?post=38922"},{"taxonomy":"product_tag","embeddable":true,"href":"https:\/\/milicia-pro.com\/index.php\/wp-json\/wp\/v2\/product_tag?post=38922"}],"curies":[{"name":"wp","href":"https:\/\/api.w.org\/{rel}","templated":true}]}}