{"id":38910,"date":"2023-02-13T18:09:32","date_gmt":"2023-02-13T18:09:32","guid":{"rendered":"https:\/\/milicia-pro.com\/?post_type=product&#038;p=38910"},"modified":"2025-09-02T11:13:14","modified_gmt":"2025-09-02T11:13:14","slug":"espelho-extensivel-p-inspecao-com-iluminacao-trex-3-chip-led-cree-de-5w","status":"publish","type":"product","link":"https:\/\/milicia-pro.com\/index.php\/product\/espelho-extensivel-p-inspecao-com-iluminacao-trex-3-chip-led-cree-de-5w\/","title":{"rendered":"ESPELHO EXTENSIVEL P\/INSPE\u00c7\u00c3O COM ILUMINA\u00c7\u00c3O TREX 3\/ CHIP LED CREE DE 5W"},"content":{"rendered":"<p><img loading=\"lazy\" decoding=\"async\" class=\" wp-image-38913 alignleft\" src=\"https:\/\/milicia-pro.com\/wp-content\/uploads\/2023\/02\/ESP.DM-220LT-03-300x220.png\" alt=\"\" width=\"325\" height=\"238\" srcset=\"https:\/\/milicia-pro.com\/wp-content\/uploads\/2023\/02\/ESP.DM-220LT-03-300x220.png 300w, https:\/\/milicia-pro.com\/wp-content\/uploads\/2023\/02\/ESP.DM-220LT-03-510x375.png 510w, https:\/\/milicia-pro.com\/wp-content\/uploads\/2023\/02\/ESP.DM-220LT-03.png 513w\" sizes=\"auto, (max-width: 325px) 100vw, 325px\" \/>O espelho de dete\u00e7\u00e3o serve para inspe\u00e7\u00e3o de espa\u00e7os perigosos e para controles pirot\u00e9cnicos.<\/p>\n<p>A forma angular parab\u00f3lica \u00e9 muito vantajosa, pois aumenta muito o \u00e2ngulo de observa\u00e7\u00e3o e o cabo antiderrapante permite uma ader\u00eancia segura.<\/p>\n<p>O espelho usa haste telesc\u00f3pica leve de duralum\u00ednio, cujo comprimento pode ser ajustado de 500 mm a 1050 mm e, em seguida, retra\u00eddo para dimens\u00f5es compactas.<\/p>\n<p>O espelho pode ser facilmente removido da haste para facilitar o transporte.<\/p>\n<p>A vers\u00e3o espelhada com ilumina\u00e7\u00e3o\u00a0<strong>DM-220-LT<\/strong>\u00a0usa uma lanterna com avan\u00e7ado poderoso\u00a0<strong>diodo LED de 5W TREX 3<\/strong>.<\/p>\n<p>A fonte de alimenta\u00e7\u00e3o \u00e9 assegurada por\u00a0<strong>3 pilhas alcalinas AAA<\/strong>\u00a0.<\/p>\n<p>A lanterna \u00e9 fixada diretamente no espelho, o que significa que a ilumina\u00e7\u00e3o n\u00e3o depende da posi\u00e7\u00e3o m\u00fatua do espelho e da haste e permite uma ilumina\u00e7\u00e3o ideal do espa\u00e7o procurado.<\/p>\n<p>O di\u00e2metro do espelho \u00e9 de 218 mm e o di\u00e2metro da superf\u00edcie do espelho \u00e9 de 204 mm.<\/p>\n<p>Peso total com l\u00e2mpada, baterias e bolsa de nylon: 1225g.<\/p>\n<p>Descri\u00e7\u00e3o do produto<\/p>\n<ul>\n<li>Espelho de dete\u00e7\u00e3o com ilumina\u00e7\u00e3o\u00a0<strong>TREX 3<\/strong>serve para inspe\u00e7\u00e3o de espa\u00e7os perigosos e para controles pirot\u00e9cnicos.<\/li>\n<li>O espelho usa haste telesc\u00f3pica leve de duralum\u00ednio, cujo comprimento pode ser ajustado de 500mm a 1050mm.<\/li>\n<li>Al\u00e7a antiderrapante permite ader\u00eancia segura.<\/li>\n<li>O di\u00e2metro do espelho \u00e9 de 218 mm &#8211; O di\u00e2metro da superf\u00edcie do espelho \u00e9 de 204 mm.<\/li>\n<li>Peso total com l\u00e2mpada, baterias e bolsa de nylon: 1225g.<\/li>\n<\/ul>\n","protected":false},"excerpt":{"rendered":"<p>O espelho de dete\u00e7\u00e3o serve para inspe\u00e7\u00e3o de espa\u00e7os perigosos e para controles pirot\u00e9cnicos. A forma angular parab\u00f3lica \u00e9 muito vantajosa, pois aumenta muito o \u00e2ngulo de observa\u00e7\u00e3o e o cabo antiderrapante permite uma ader\u00eancia segura. O espelho usa haste telesc\u00f3pica leve de duralum\u00ednio, cujo comprimento pode ser ajustado de 500 mm a 1050 mm [&#8230;]\n","protected":false},"featured_media":38912,"comment_status":"open","ping_status":"closed","template":"","meta":{"_monsterinsights_skip_tracking":false,"_monsterinsights_sitenote_active":false,"_monsterinsights_sitenote_note":"","_monsterinsights_sitenote_category":0},"product_brand":[],"product_cat":[1064,1257,1125,829],"product_tag":[1044,511,1045,326],"class_list":{"0":"post-38910","1":"product","2":"type-product","3":"status-publish","4":"has-post-thumbnail","6":"product_cat-equipamentotatico","7":"product_cat-espelho","8":"product_cat-euro-security-products","9":"product_cat-marcas","10":"product_tag-detecao","11":"product_tag-espelho","12":"product_tag-inspecao","13":"product_tag-tatico","15":"first","16":"instock","17":"shipping-taxable","18":"purchasable","19":"product-type-variable"},"aioseo_notices":[],"jetpack_sharing_enabled":true,"_links":{"self":[{"href":"https:\/\/milicia-pro.com\/index.php\/wp-json\/wp\/v2\/product\/38910","targetHints":{"allow":["GET"]}}],"collection":[{"href":"https:\/\/milicia-pro.com\/index.php\/wp-json\/wp\/v2\/product"}],"about":[{"href":"https:\/\/milicia-pro.com\/index.php\/wp-json\/wp\/v2\/types\/product"}],"replies":[{"embeddable":true,"href":"https:\/\/milicia-pro.com\/index.php\/wp-json\/wp\/v2\/comments?post=38910"}],"wp:featuredmedia":[{"embeddable":true,"href":"https:\/\/milicia-pro.com\/index.php\/wp-json\/wp\/v2\/media\/38912"}],"wp:attachment":[{"href":"https:\/\/milicia-pro.com\/index.php\/wp-json\/wp\/v2\/media?parent=38910"}],"wp:term":[{"taxonomy":"product_brand","embeddable":true,"href":"https:\/\/milicia-pro.com\/index.php\/wp-json\/wp\/v2\/product_brand?post=38910"},{"taxonomy":"product_cat","embeddable":true,"href":"https:\/\/milicia-pro.com\/index.php\/wp-json\/wp\/v2\/product_cat?post=38910"},{"taxonomy":"product_tag","embeddable":true,"href":"https:\/\/milicia-pro.com\/index.php\/wp-json\/wp\/v2\/product_tag?post=38910"}],"curies":[{"name":"wp","href":"https:\/\/api.w.org\/{rel}","templated":true}]}}