{"id":38903,"date":"2023-02-13T17:55:15","date_gmt":"2023-02-13T17:55:15","guid":{"rendered":"https:\/\/milicia-pro.com\/?post_type=product&#038;p=38903"},"modified":"2025-03-10T17:47:34","modified_gmt":"2025-03-10T17:47:34","slug":"espelho-extensivel-p-inspecao-com-iluminacao-magnum-14led","status":"publish","type":"product","link":"https:\/\/milicia-pro.com\/index.php\/product\/espelho-extensivel-p-inspecao-com-iluminacao-magnum-14led\/","title":{"rendered":"ESPELHO EXTENSIVEL P\/INSPE\u00c7\u00c3O COM ILUMINA\u00c7\u00c3O MAGNUM \/ 14LED"},"content":{"rendered":"<p><img loading=\"lazy\" decoding=\"async\" class=\" wp-image-38909 alignleft\" src=\"https:\/\/milicia-pro.com\/wp-content\/uploads\/2023\/02\/ESP.DM-220LM-03-300x220.png\" alt=\"\" width=\"334\" height=\"245\" srcset=\"https:\/\/milicia-pro.com\/wp-content\/uploads\/2023\/02\/ESP.DM-220LM-03-300x220.png 300w, https:\/\/milicia-pro.com\/wp-content\/uploads\/2023\/02\/ESP.DM-220LM-03-510x375.png 510w, https:\/\/milicia-pro.com\/wp-content\/uploads\/2023\/02\/ESP.DM-220LM-03.png 513w\" sizes=\"auto, (max-width: 334px) 100vw, 334px\" \/>O espelho detetor \u00e9 usado para levantamento de locais perigosos, inspe\u00e7\u00e3o pirot\u00e9cnica ou alfandeg\u00e1ria.\u00a0A vantagem \u00e9 a forma curva parab\u00f3lica do espelho, que d\u00e1 a possibilidade de um grande \u00e2ngulo de vis\u00e3o do setor em considera\u00e7\u00e3o.\u00a0O espelho \u00e9 preso \u00e0 haste por uma junta rotativa e, portanto, \u00e9 poss\u00edvel ajustar adequadamente o \u00e2ngulo duralum\u00ednio telesc\u00f3pico leve polo, permitindo qualquer ajuste de comprimento variando de 500 mm a 1050 mm o que permite uma ader\u00eancia segura.\u00a0O espelho \u00e9 facilmente removido da haste para facilitar o armazenamento em tr\u00e2nsito.\u00a0Vers\u00e3o espelhos com luzes DM-220-LM usa 14 LED Flashlight FL-3AAA-14 LED &#8211; MAGNUM alimentado por 3 pcs pilhas alcalinas AAA.\u00a0A l\u00e2mpada \u00e9 montada diretamente no espelho e, portanto, a exposi\u00e7\u00e3o depende da posi\u00e7\u00e3o relativa dos espelhos e barras e \u00e9 sempre assegurada a \u00e1rea de exposi\u00e7\u00e3o ideal, a posi\u00e7\u00e3o correspondente do espelho.\u00a0O di\u00e2metro do espelho \u00e9 de 218 mm de di\u00e2metro, superf\u00edcie do espelho de 204 mm, peso de 1225 g.<\/p>\n","protected":false},"excerpt":{"rendered":"<p>O espelho detetor \u00e9 usado para levantamento de locais perigosos, inspe\u00e7\u00e3o pirot\u00e9cnica ou alfandeg\u00e1ria.\u00a0A vantagem \u00e9 a forma curva parab\u00f3lica do espelho, que d\u00e1 a possibilidade de um grande \u00e2ngulo de vis\u00e3o do setor em considera\u00e7\u00e3o.\u00a0O espelho \u00e9 preso \u00e0 haste por uma junta rotativa e, portanto, \u00e9 poss\u00edvel ajustar adequadamente o \u00e2ngulo duralum\u00ednio telesc\u00f3pico [&#8230;]\n","protected":false},"featured_media":38905,"comment_status":"open","ping_status":"closed","template":"","meta":{"_monsterinsights_skip_tracking":false,"_monsterinsights_sitenote_active":false,"_monsterinsights_sitenote_note":"","_monsterinsights_sitenote_category":0},"product_brand":[],"product_cat":[1064,1257,1125,829],"product_tag":[1044,511,1045,326],"class_list":{"0":"post-38903","1":"product","2":"type-product","3":"status-publish","4":"has-post-thumbnail","6":"product_cat-equipamentotatico","7":"product_cat-espelho","8":"product_cat-euro-security-products","9":"product_cat-marcas","10":"product_tag-detecao","11":"product_tag-espelho","12":"product_tag-inspecao","13":"product_tag-tatico","15":"first","16":"instock","17":"shipping-taxable","18":"purchasable","19":"product-type-variable"},"aioseo_notices":[],"jetpack_sharing_enabled":true,"_links":{"self":[{"href":"https:\/\/milicia-pro.com\/index.php\/wp-json\/wp\/v2\/product\/38903","targetHints":{"allow":["GET"]}}],"collection":[{"href":"https:\/\/milicia-pro.com\/index.php\/wp-json\/wp\/v2\/product"}],"about":[{"href":"https:\/\/milicia-pro.com\/index.php\/wp-json\/wp\/v2\/types\/product"}],"replies":[{"embeddable":true,"href":"https:\/\/milicia-pro.com\/index.php\/wp-json\/wp\/v2\/comments?post=38903"}],"wp:featuredmedia":[{"embeddable":true,"href":"https:\/\/milicia-pro.com\/index.php\/wp-json\/wp\/v2\/media\/38905"}],"wp:attachment":[{"href":"https:\/\/milicia-pro.com\/index.php\/wp-json\/wp\/v2\/media?parent=38903"}],"wp:term":[{"taxonomy":"product_brand","embeddable":true,"href":"https:\/\/milicia-pro.com\/index.php\/wp-json\/wp\/v2\/product_brand?post=38903"},{"taxonomy":"product_cat","embeddable":true,"href":"https:\/\/milicia-pro.com\/index.php\/wp-json\/wp\/v2\/product_cat?post=38903"},{"taxonomy":"product_tag","embeddable":true,"href":"https:\/\/milicia-pro.com\/index.php\/wp-json\/wp\/v2\/product_tag?post=38903"}],"curies":[{"name":"wp","href":"https:\/\/api.w.org\/{rel}","templated":true}]}}