{"id":38899,"date":"2023-02-13T17:44:16","date_gmt":"2023-02-13T17:44:16","guid":{"rendered":"https:\/\/milicia-pro.com\/?post_type=product&#038;p=38899"},"modified":"2025-03-10T18:34:54","modified_gmt":"2025-03-10T18:34:54","slug":"espelho-extensivel-p-inspecaos-em-iluminacao-dm-220","status":"publish","type":"product","link":"https:\/\/milicia-pro.com\/index.php\/product\/espelho-extensivel-p-inspecaos-em-iluminacao-dm-220\/","title":{"rendered":"ESPELHO EXTENSIVEL P\/ INSPE\u00c7\u00c3O SEM ILUMINA\u00c7\u00c3O DM-220"},"content":{"rendered":"<p>O espelho detetor \u00e9 usado para levantamento de locais perigosos, inspe\u00e7\u00e3o pirot\u00e9cnica ou alfandeg\u00e1ria.\u00a0A vantagem \u00e9 a forma curva parab\u00f3lica do espelho, que d\u00e1 a possibilidade de um grande \u00e2ngulo de vis\u00e3o do setor em considera\u00e7\u00e3o.\u00a0O espelho \u00e9 preso \u00e0 haste por uma junta rotativa e, portanto, \u00e9 poss\u00edvel ajustar adequadamente o \u00e2ngulo de observa\u00e7\u00e3o.\u00a0Ele usa poste telesc\u00f3pico de duralum\u00ednio leve, permitindo qualquer ajuste de comprimento variando de 500 mm a 1.050 mm. O espelho \u00e9 facilmente removido da haste para facilitar o armazenamento em tr\u00e2nsito.\u00a0O di\u00e2metro do espelho \u00e9 de 218 mm de di\u00e2metro, superf\u00edcie do espelho de 204 mm, peso de 965 g.<\/p>\n","protected":false},"excerpt":{"rendered":"<p>O espelho detetor \u00e9 usado para levantamento de locais perigosos, inspe\u00e7\u00e3o pirot\u00e9cnica ou alfandeg\u00e1ria.\u00a0A vantagem \u00e9 a forma curva parab\u00f3lica do espelho, que d\u00e1 a possibilidade de um grande \u00e2ngulo de vis\u00e3o do setor em considera\u00e7\u00e3o.\u00a0O espelho \u00e9 preso \u00e0 haste por uma junta rotativa e, portanto, \u00e9 poss\u00edvel ajustar adequadamente o \u00e2ngulo de observa\u00e7\u00e3o.\u00a0Ele [&#8230;]\n","protected":false},"featured_media":38887,"comment_status":"open","ping_status":"closed","template":"","meta":{"_monsterinsights_skip_tracking":false,"_monsterinsights_sitenote_active":false,"_monsterinsights_sitenote_note":"","_monsterinsights_sitenote_category":0},"product_brand":[],"product_cat":[1064,1257,1125,829],"product_tag":[1044,511,1045,326],"class_list":{"0":"post-38899","1":"product","2":"type-product","3":"status-publish","4":"has-post-thumbnail","6":"product_cat-equipamentotatico","7":"product_cat-espelho","8":"product_cat-euro-security-products","9":"product_cat-marcas","10":"product_tag-detecao","11":"product_tag-espelho","12":"product_tag-inspecao","13":"product_tag-tatico","15":"first","16":"instock","17":"shipping-taxable","18":"purchasable","19":"product-type-variable"},"aioseo_notices":[],"jetpack_sharing_enabled":true,"_links":{"self":[{"href":"https:\/\/milicia-pro.com\/index.php\/wp-json\/wp\/v2\/product\/38899","targetHints":{"allow":["GET"]}}],"collection":[{"href":"https:\/\/milicia-pro.com\/index.php\/wp-json\/wp\/v2\/product"}],"about":[{"href":"https:\/\/milicia-pro.com\/index.php\/wp-json\/wp\/v2\/types\/product"}],"replies":[{"embeddable":true,"href":"https:\/\/milicia-pro.com\/index.php\/wp-json\/wp\/v2\/comments?post=38899"}],"wp:featuredmedia":[{"embeddable":true,"href":"https:\/\/milicia-pro.com\/index.php\/wp-json\/wp\/v2\/media\/38887"}],"wp:attachment":[{"href":"https:\/\/milicia-pro.com\/index.php\/wp-json\/wp\/v2\/media?parent=38899"}],"wp:term":[{"taxonomy":"product_brand","embeddable":true,"href":"https:\/\/milicia-pro.com\/index.php\/wp-json\/wp\/v2\/product_brand?post=38899"},{"taxonomy":"product_cat","embeddable":true,"href":"https:\/\/milicia-pro.com\/index.php\/wp-json\/wp\/v2\/product_cat?post=38899"},{"taxonomy":"product_tag","embeddable":true,"href":"https:\/\/milicia-pro.com\/index.php\/wp-json\/wp\/v2\/product_tag?post=38899"}],"curies":[{"name":"wp","href":"https:\/\/api.w.org\/{rel}","templated":true}]}}