{"id":38889,"date":"2023-02-13T17:42:21","date_gmt":"2023-02-13T17:42:21","guid":{"rendered":"https:\/\/milicia-pro.com\/?post_type=product&#038;p=38889"},"modified":"2025-03-10T18:35:20","modified_gmt":"2025-03-10T18:35:20","slug":"espelho-extensivel-p-inspecao-com-iluminacao-magnum-dm-160lm","status":"publish","type":"product","link":"https:\/\/milicia-pro.com\/index.php\/product\/espelho-extensivel-p-inspecao-com-iluminacao-magnum-dm-160lm\/","title":{"rendered":"ESPELHO EXTENSIVEL P\/INSPE\u00c7\u00c3O COM ILUMINA\u00c7\u00c3O MAGNUM DM-160LM"},"content":{"rendered":"<p><img loading=\"lazy\" decoding=\"async\" class=\" wp-image-38893 alignleft\" src=\"https:\/\/milicia-pro.com\/wp-content\/uploads\/2023\/02\/DM-160LM-03-300x220.png\" alt=\"\" width=\"500\" height=\"367\" srcset=\"https:\/\/milicia-pro.com\/wp-content\/uploads\/2023\/02\/DM-160LM-03-300x220.png 300w, https:\/\/milicia-pro.com\/wp-content\/uploads\/2023\/02\/DM-160LM-03-510x375.png 510w, https:\/\/milicia-pro.com\/wp-content\/uploads\/2023\/02\/DM-160LM-03.png 513w\" sizes=\"auto, (max-width: 500px) 100vw, 500px\" \/>O espelho de dete\u00e7\u00e3o\u00a0<strong>DM-160-LM<\/strong>\u00a0serve para inspe\u00e7\u00e3o de espa\u00e7os perigosos e para controles pirot\u00e9cnicos.<\/p>\n<p>A forma angular parab\u00f3lica \u00e9 muito vantajosa, pois aumenta muito o \u00e2ngulo de observa\u00e7\u00e3o e o cabo antiderrapante permite uma ader\u00eancia segura.<\/p>\n<p>O espelho usa haste telesc\u00f3pica leve de duralum\u00ednio, cujo comprimento pode ser ajustado de 500 mm a 1050 mm e, em seguida, retra\u00eddo para dimens\u00f5es compactas.<\/p>\n<p>O espelho pode ser facilmente removido da haste para facilitar o transporte.<\/p>\n<p>Vers\u00e3o espelhada com ilumina\u00e7\u00e3o\u00a0<strong>DM-160-LM<\/strong>\u00a0utiliza lanterna com\u00a0<strong>14 LEDS<\/strong>\u00a0FL-3AAA-14 LED \u2013\u00a0<strong>MAGNUM<\/strong>\u00a0.\u00a0A alimenta\u00e7\u00e3o \u00e9 assegurada por 3 pilhas alcalinas AAA (inclu\u00eddas).\u00a0A lanterna \u00e9 fixada diretamente no espelho, o que significa que a ilumina\u00e7\u00e3o n\u00e3o depende da posi\u00e7\u00e3o m\u00fatua do espelho e da haste e permite uma ilumina\u00e7\u00e3o ideal do espa\u00e7o procurado.<\/p>\n<p>O di\u00e2metro do espelho \u00e9 de 162 mm e o di\u00e2metro da superf\u00edcie do espelho \u00e9 de 145 mm.<\/p>\n<p>Peso total: 900g.<\/p>\n","protected":false},"excerpt":{"rendered":"<p>O espelho de dete\u00e7\u00e3o\u00a0DM-160-LM\u00a0serve para inspe\u00e7\u00e3o de espa\u00e7os perigosos e para controles pirot\u00e9cnicos. A forma angular parab\u00f3lica \u00e9 muito vantajosa, pois aumenta muito o \u00e2ngulo de observa\u00e7\u00e3o e o cabo antiderrapante permite uma ader\u00eancia segura. O espelho usa haste telesc\u00f3pica leve de duralum\u00ednio, cujo comprimento pode ser ajustado de 500 mm a 1050 mm e, [&#8230;]\n","protected":false},"featured_media":38891,"comment_status":"open","ping_status":"closed","template":"","meta":{"_monsterinsights_skip_tracking":false,"_monsterinsights_sitenote_active":false,"_monsterinsights_sitenote_note":"","_monsterinsights_sitenote_category":0},"product_brand":[],"product_cat":[1064,1257,1125,829],"product_tag":[1044,511,1045,326],"class_list":{"0":"post-38889","1":"product","2":"type-product","3":"status-publish","4":"has-post-thumbnail","6":"product_cat-equipamentotatico","7":"product_cat-espelho","8":"product_cat-euro-security-products","9":"product_cat-marcas","10":"product_tag-detecao","11":"product_tag-espelho","12":"product_tag-inspecao","13":"product_tag-tatico","15":"first","16":"instock","17":"shipping-taxable","18":"purchasable","19":"product-type-variable"},"aioseo_notices":[],"jetpack_sharing_enabled":true,"_links":{"self":[{"href":"https:\/\/milicia-pro.com\/index.php\/wp-json\/wp\/v2\/product\/38889","targetHints":{"allow":["GET"]}}],"collection":[{"href":"https:\/\/milicia-pro.com\/index.php\/wp-json\/wp\/v2\/product"}],"about":[{"href":"https:\/\/milicia-pro.com\/index.php\/wp-json\/wp\/v2\/types\/product"}],"replies":[{"embeddable":true,"href":"https:\/\/milicia-pro.com\/index.php\/wp-json\/wp\/v2\/comments?post=38889"}],"wp:featuredmedia":[{"embeddable":true,"href":"https:\/\/milicia-pro.com\/index.php\/wp-json\/wp\/v2\/media\/38891"}],"wp:attachment":[{"href":"https:\/\/milicia-pro.com\/index.php\/wp-json\/wp\/v2\/media?parent=38889"}],"wp:term":[{"taxonomy":"product_brand","embeddable":true,"href":"https:\/\/milicia-pro.com\/index.php\/wp-json\/wp\/v2\/product_brand?post=38889"},{"taxonomy":"product_cat","embeddable":true,"href":"https:\/\/milicia-pro.com\/index.php\/wp-json\/wp\/v2\/product_cat?post=38889"},{"taxonomy":"product_tag","embeddable":true,"href":"https:\/\/milicia-pro.com\/index.php\/wp-json\/wp\/v2\/product_tag?post=38889"}],"curies":[{"name":"wp","href":"https:\/\/api.w.org\/{rel}","templated":true}]}}