{"id":38866,"date":"2023-02-08T12:17:36","date_gmt":"2023-02-08T12:17:36","guid":{"rendered":"https:\/\/milicia-pro.com\/?post_type=product&#038;p=38866"},"modified":"2026-04-14T09:00:08","modified_gmt":"2026-04-14T09:00:08","slug":"loops-de-pancake-1-par-p-coldre-glock","status":"publish","type":"product","link":"https:\/\/milicia-pro.com\/index.php\/product\/loops-de-pancake-1-par-p-coldre-glock\/","title":{"rendered":"LOOPS DE PANCAKE (1PAR) P\/COLDRE GLOCK"},"content":{"rendered":"<div style=\"width: 1020px;\" class=\"wp-video\"><video class=\"wp-video-shortcode\" id=\"video-38866-1\" width=\"1020\" height=\"574\" preload=\"metadata\" controls=\"controls\"><source type=\"video\/mp4\" src=\"https:\/\/milicia-pro.com\/wp-content\/uploads\/2023\/02\/Pancake-Style-Belt-Loops-For-The-3.0-Gun-Holster.mp4?_=1\" \/><a href=\"https:\/\/milicia-pro.com\/wp-content\/uploads\/2023\/02\/Pancake-Style-Belt-Loops-For-The-3.0-Gun-Holster.mp4\">https:\/\/milicia-pro.com\/wp-content\/uploads\/2023\/02\/Pancake-Style-Belt-Loops-For-The-3.0-Gun-Holster.mp4<\/a><\/video><\/div>\n<p><strong>Passadores de cinto estilo panqueca para coldres BCA 3.0<\/strong><\/p>\n<p>Os passadores de cinto estilo pancake, com um novo design 3.0 s\u00e3o feitos de pl\u00e1stico de nylon de alta qualidade constru\u00eddo para uso di\u00e1rio.\u00a0Esses passadores de cinto permitem que o seu coldre de arma BCA 3.0 fique mais perto do seu corpo, simplesmente apertando o cinto.\u00a0O novo design permite que seja ajustado o cant \u201cinclina\u00e7\u00e3o\u201d para cima ou para baixo para uma melhor oculta\u00e7\u00e3o.<\/p>\n<p>Caracter\u00edsticas<\/p>\n<p>Passadores de Cinto Estilo Pancake 3.0<\/p>\n<ul>\n<li>Novo molde de inje\u00e7\u00e3o de pol\u00edmero<\/li>\n<li>Projetado apenas para coldre BCA 3.0<\/li>\n<li>Hardware Inclu\u00eddo<\/li>\n<li>Vendido em pares<\/li>\n<li>Cant \u201cinclina\u00e7\u00e3o\u201d ajust\u00e1vel para coldres BCA 3.0<\/li>\n<li>Dur\u00e1vel e suportar\u00e1 o uso di\u00e1rio<\/li>\n<li>Dispon\u00edvel para tamanhos de cinto: 3,8 cm<\/li>\n<li>Espa\u00e7amento do furo: 5,40 cm<\/li>\n<li>Coberto por nossa Garantia Vital\u00edcia Ilimitada<\/li>\n<\/ul>\n","protected":false},"excerpt":{"rendered":"<p>Passadores de cinto estilo panqueca para coldres BCA 3.0 Os passadores de cinto estilo pancake, com um novo design 3.0 s\u00e3o feitos de pl\u00e1stico de nylon de alta qualidade constru\u00eddo para uso di\u00e1rio.\u00a0Esses passadores de cinto permitem que o seu coldre de arma BCA 3.0 fique mais perto do seu corpo, simplesmente apertando o cinto.\u00a0O [&#8230;]\n","protected":false},"featured_media":38868,"comment_status":"open","ping_status":"closed","template":"","meta":{"_monsterinsights_skip_tracking":false,"_monsterinsights_sitenote_active":false,"_monsterinsights_sitenote_note":"","_monsterinsights_sitenote_category":0},"product_brand":[1592],"product_cat":[1115,1030,1064],"product_tag":[55,607,608,1035],"class_list":{"0":"post-38866","1":"product","2":"type-product","3":"status-publish","4":"has-post-thumbnail","6":"product_brand-bravo-concealment","7":"product_cat-acessorios-armas","8":"product_cat-bravo-concealment","9":"product_cat-equipamentotatico","10":"product_tag-acessorio","11":"product_tag-coldre","12":"product_tag-glock","13":"product_tag-pancake","15":"first","16":"instock","17":"shipping-taxable","18":"purchasable","19":"product-type-variable"},"aioseo_notices":[],"jetpack_sharing_enabled":true,"_links":{"self":[{"href":"https:\/\/milicia-pro.com\/index.php\/wp-json\/wp\/v2\/product\/38866","targetHints":{"allow":["GET"]}}],"collection":[{"href":"https:\/\/milicia-pro.com\/index.php\/wp-json\/wp\/v2\/product"}],"about":[{"href":"https:\/\/milicia-pro.com\/index.php\/wp-json\/wp\/v2\/types\/product"}],"replies":[{"embeddable":true,"href":"https:\/\/milicia-pro.com\/index.php\/wp-json\/wp\/v2\/comments?post=38866"}],"wp:featuredmedia":[{"embeddable":true,"href":"https:\/\/milicia-pro.com\/index.php\/wp-json\/wp\/v2\/media\/38868"}],"wp:attachment":[{"href":"https:\/\/milicia-pro.com\/index.php\/wp-json\/wp\/v2\/media?parent=38866"}],"wp:term":[{"taxonomy":"product_brand","embeddable":true,"href":"https:\/\/milicia-pro.com\/index.php\/wp-json\/wp\/v2\/product_brand?post=38866"},{"taxonomy":"product_cat","embeddable":true,"href":"https:\/\/milicia-pro.com\/index.php\/wp-json\/wp\/v2\/product_cat?post=38866"},{"taxonomy":"product_tag","embeddable":true,"href":"https:\/\/milicia-pro.com\/index.php\/wp-json\/wp\/v2\/product_tag?post=38866"}],"curies":[{"name":"wp","href":"https:\/\/api.w.org\/{rel}","templated":true}]}}