{"id":38858,"date":"2023-02-08T12:11:52","date_gmt":"2023-02-08T12:11:52","guid":{"rendered":"https:\/\/milicia-pro.com\/?post_type=product&#038;p=38858"},"modified":"2026-02-18T16:34:14","modified_gmt":"2026-02-18T16:34:14","slug":"acessorios-paddle-1-par-p-coldre-da-glock","status":"publish","type":"product","link":"https:\/\/milicia-pro.com\/index.php\/product\/acessorios-paddle-1-par-p-coldre-da-glock\/","title":{"rendered":"ACESS\u00d3RIOS \u201cPADDLE\u201d (1PAR) P\/ COLDRE DA GLOCK"},"content":{"rendered":"<div style=\"width: 1020px;\" class=\"wp-video\"><video class=\"wp-video-shortcode\" id=\"video-38858-1\" width=\"1020\" height=\"574\" preload=\"metadata\" controls=\"controls\"><source type=\"video\/mp4\" src=\"https:\/\/milicia-pro.com\/wp-content\/uploads\/2023\/02\/Paddle-Attachments-Instructional-Video-1.mp4?_=1\" \/><a href=\"https:\/\/milicia-pro.com\/wp-content\/uploads\/2023\/02\/Paddle-Attachments-Instructional-Video-1.mp4\">https:\/\/milicia-pro.com\/wp-content\/uploads\/2023\/02\/Paddle-Attachments-Instructional-Video-1.mp4<\/a><\/video><\/div>\n<p>Estes acess\u00f3rios convertem o coldre de arma OWB e os porta carregadores num coldre de Paddle o que permite colocar e retirar o coldre mais rapidamente.\u00a0N\u00e3o sendo necess\u00e1rio passar pelas presilhas do coldre, basta deslizar o coldre sobre o cinto e este acess\u00f3rio fixa-o ao seu vestu\u00e1rio.<\/p>\n<p>Confort\u00e1veis \u200b\u200bde usar durante todo o dia, esses acess\u00f3rios facilitam o uso di\u00e1rio de transporte oculto.<\/p>\n<p>Feitos de uma mistura robusta de pol\u00edmeros, esses acess\u00f3rios s\u00e3o resistentes e dur\u00e1veis \u200b\u200bpara longa utiliza\u00e7\u00e3o e leves para extremo conforto.<\/p>\n<p>Prende-se facilmente ao coldre da sua arma ou ao porta carregadores, trocando os passadores de cinto padr\u00e3o e instalando os acess\u00f3rios de Paddle, com uma chave de fenda phillips comum.<\/p>\n<ul>\n<li>Os acess\u00f3rios paddle s\u00e3o dur\u00e1veis \u200b\u200be suportam o uso di\u00e1rio<\/li>\n<li>Extremamente confort\u00e1vel e de f\u00e1cil acesso<\/li>\n<li>Vendido em pares<\/li>\n<li>Hardware Inclu\u00eddo<\/li>\n<li>Acomoda tamanhos de cinto: 3,1 cm e 3,8 cm<\/li>\n<li>Acomoda todos os coldres de armas 3.0 e de segunda gera\u00e7\u00e3o<\/li>\n<li>Acomoda todos os porta-carregadores Bravo Concealment.<\/li>\n<li>Coberto por Garantia Vital\u00edcia Ilimitada<\/li>\n<\/ul>\n<p><strong>Especifica\u00e7\u00f5es:<\/strong><\/p>\n<ul>\n<li>Dimens\u00f5es do acess\u00f3rio da Paddle em centimetros: (Comprimento: 11 cm) (Largura: 4 cm) (Altura: 2 cm)<\/li>\n<li>Espa\u00e7amento do furo: 1,58 cm<\/li>\n<\/ul>\n","protected":false},"excerpt":{"rendered":"<p>Estes acess\u00f3rios convertem o coldre de arma OWB e os porta carregadores num coldre de Paddle o que permite colocar e retirar o coldre mais rapidamente.\u00a0N\u00e3o sendo necess\u00e1rio passar pelas presilhas do coldre, basta deslizar o coldre sobre o cinto e este acess\u00f3rio fixa-o ao seu vestu\u00e1rio. Confort\u00e1veis \u200b\u200bde usar durante todo o dia, esses [&#8230;]\n","protected":false},"featured_media":38861,"comment_status":"open","ping_status":"closed","template":"","meta":{"_monsterinsights_skip_tracking":false,"_monsterinsights_sitenote_active":false,"_monsterinsights_sitenote_note":"","_monsterinsights_sitenote_category":0},"product_brand":[1592],"product_cat":[1115,1030,1064],"product_tag":[55,607,608,1034],"class_list":{"0":"post-38858","1":"product","2":"type-product","3":"status-publish","4":"has-post-thumbnail","6":"product_brand-bravo-concealment","7":"product_cat-acessorios-armas","8":"product_cat-bravo-concealment","9":"product_cat-equipamentotatico","10":"product_tag-acessorio","11":"product_tag-coldre","12":"product_tag-glock","13":"product_tag-paddles","15":"first","16":"instock","17":"shipping-taxable","18":"purchasable","19":"product-type-variable"},"aioseo_notices":[],"jetpack_sharing_enabled":true,"_links":{"self":[{"href":"https:\/\/milicia-pro.com\/index.php\/wp-json\/wp\/v2\/product\/38858","targetHints":{"allow":["GET"]}}],"collection":[{"href":"https:\/\/milicia-pro.com\/index.php\/wp-json\/wp\/v2\/product"}],"about":[{"href":"https:\/\/milicia-pro.com\/index.php\/wp-json\/wp\/v2\/types\/product"}],"replies":[{"embeddable":true,"href":"https:\/\/milicia-pro.com\/index.php\/wp-json\/wp\/v2\/comments?post=38858"}],"wp:featuredmedia":[{"embeddable":true,"href":"https:\/\/milicia-pro.com\/index.php\/wp-json\/wp\/v2\/media\/38861"}],"wp:attachment":[{"href":"https:\/\/milicia-pro.com\/index.php\/wp-json\/wp\/v2\/media?parent=38858"}],"wp:term":[{"taxonomy":"product_brand","embeddable":true,"href":"https:\/\/milicia-pro.com\/index.php\/wp-json\/wp\/v2\/product_brand?post=38858"},{"taxonomy":"product_cat","embeddable":true,"href":"https:\/\/milicia-pro.com\/index.php\/wp-json\/wp\/v2\/product_cat?post=38858"},{"taxonomy":"product_tag","embeddable":true,"href":"https:\/\/milicia-pro.com\/index.php\/wp-json\/wp\/v2\/product_tag?post=38858"}],"curies":[{"name":"wp","href":"https:\/\/api.w.org\/{rel}","templated":true}]}}