{"id":38843,"date":"2023-02-08T11:49:38","date_gmt":"2023-02-08T11:49:38","guid":{"rendered":"https:\/\/milicia-pro.com\/?post_type=product&#038;p=38843"},"modified":"2026-02-18T16:31:00","modified_gmt":"2026-02-18T16:31:00","slug":"porta-carregador-2","status":"publish","type":"product","link":"https:\/\/milicia-pro.com\/index.php\/product\/porta-carregador-2\/","title":{"rendered":"PORTA CARREGADOR SINGLE"},"content":{"rendered":"<p><strong>Bravo Concealment oferece v\u00e1rias op\u00e7\u00f5es de porta-carregadores<\/strong><\/p>\n<p>Os porta-carregadores simples e duplas s\u00e3o robustas e extremamente resistentes. Com um parafuso de reten\u00e7\u00e3o permite que o usu\u00e1rio defina a reten\u00e7\u00e3o desejada. Presilhas OWB de 1,50&#8243;<\/p>\n<p>*Observa\u00e7\u00e3o:<br \/>\n(Ambi) = O carregador de arma pode caber ambidestro na bolsa magn\u00e9tica.<br \/>\n(Somente RH) = Mag Pouch \u00e9 o Transporte do Lado Esquerdo \/ Muni\u00e7\u00f5es Voltadas para a Frente (Ideal para Atiradores Destros).<\/p>\n","protected":false},"excerpt":{"rendered":"<p>Bravo Concealment oferece v\u00e1rias op\u00e7\u00f5es de porta-carregadores Os porta-carregadores simples e duplas s\u00e3o robustas e extremamente resistentes. Com um parafuso de reten\u00e7\u00e3o permite que o usu\u00e1rio defina a reten\u00e7\u00e3o desejada. Presilhas OWB de 1,50&#8243; *Observa\u00e7\u00e3o: (Ambi) = O carregador de arma pode caber ambidestro na bolsa magn\u00e9tica. (Somente RH) = Mag Pouch \u00e9 o Transporte [&#8230;]\n","protected":false},"featured_media":38845,"comment_status":"open","ping_status":"closed","template":"","meta":{"_monsterinsights_skip_tracking":false,"_monsterinsights_sitenote_active":false,"_monsterinsights_sitenote_note":"","_monsterinsights_sitenote_category":0},"product_brand":[1592],"product_cat":[1030,1064,1086],"product_tag":[608,255],"class_list":{"0":"post-38843","1":"product","2":"type-product","3":"status-publish","4":"has-post-thumbnail","6":"product_brand-bravo-concealment","7":"product_cat-bravo-concealment","8":"product_cat-equipamentotatico","9":"product_cat-portacarregador","10":"product_tag-glock","11":"product_tag-porta-carregador","13":"first","14":"instock","15":"shipping-taxable","16":"purchasable","17":"product-type-variable"},"aioseo_notices":[],"jetpack_sharing_enabled":true,"_links":{"self":[{"href":"https:\/\/milicia-pro.com\/index.php\/wp-json\/wp\/v2\/product\/38843","targetHints":{"allow":["GET"]}}],"collection":[{"href":"https:\/\/milicia-pro.com\/index.php\/wp-json\/wp\/v2\/product"}],"about":[{"href":"https:\/\/milicia-pro.com\/index.php\/wp-json\/wp\/v2\/types\/product"}],"replies":[{"embeddable":true,"href":"https:\/\/milicia-pro.com\/index.php\/wp-json\/wp\/v2\/comments?post=38843"}],"wp:featuredmedia":[{"embeddable":true,"href":"https:\/\/milicia-pro.com\/index.php\/wp-json\/wp\/v2\/media\/38845"}],"wp:attachment":[{"href":"https:\/\/milicia-pro.com\/index.php\/wp-json\/wp\/v2\/media?parent=38843"}],"wp:term":[{"taxonomy":"product_brand","embeddable":true,"href":"https:\/\/milicia-pro.com\/index.php\/wp-json\/wp\/v2\/product_brand?post=38843"},{"taxonomy":"product_cat","embeddable":true,"href":"https:\/\/milicia-pro.com\/index.php\/wp-json\/wp\/v2\/product_cat?post=38843"},{"taxonomy":"product_tag","embeddable":true,"href":"https:\/\/milicia-pro.com\/index.php\/wp-json\/wp\/v2\/product_tag?post=38843"}],"curies":[{"name":"wp","href":"https:\/\/api.w.org\/{rel}","templated":true}]}}