{"id":38814,"date":"2023-02-07T19:00:51","date_gmt":"2023-02-07T19:00:51","guid":{"rendered":"https:\/\/milicia-pro.com\/?post_type=product&#038;p=38814"},"modified":"2026-02-18T16:20:09","modified_gmt":"2026-02-18T16:20:09","slug":"coldre-iwb-p-glock-19-23-32-19x-19mos-45-torsion","status":"publish","type":"product","link":"https:\/\/milicia-pro.com\/index.php\/product\/coldre-iwb-p-glock-19-23-32-19x-19mos-45-torsion\/","title":{"rendered":"COLDRE IWB P\/ GLOCK 19, 23, 32, 19X, 19MOS, 45 | TORSION"},"content":{"rendered":"<div style=\"width: 1020px;\" class=\"wp-video\"><video class=\"wp-video-shortcode\" id=\"video-38814-1\" width=\"1020\" height=\"574\" preload=\"metadata\" controls=\"controls\"><source type=\"video\/mp4\" src=\"https:\/\/milicia-pro.com\/wp-content\/uploads\/2023\/02\/The-Bravo-Concealment-Torsion-Gun-Holster-The-BEST-IWB-Holster-For-Concealed-Carry.mp4?_=1\" \/><a href=\"https:\/\/milicia-pro.com\/wp-content\/uploads\/2023\/02\/The-Bravo-Concealment-Torsion-Gun-Holster-The-BEST-IWB-Holster-For-Concealed-Carry.mp4\">https:\/\/milicia-pro.com\/wp-content\/uploads\/2023\/02\/The-Bravo-Concealment-Torsion-Gun-Holster-The-BEST-IWB-Holster-For-Concealed-Carry.mp4<\/a><\/video><\/div>\n<p>O coldre Inside the Waist Band (IWB) Torsion da Bravo \u00e9 um coldre de transporte oculto. \u00c9 f\u00e1cil de usar com nossa configura\u00e7\u00e3o padr\u00e3o de clipe de cinto duplo IWB.\u00a0Pode ser ajustado em altura e inclina\u00e7\u00e3o ajustando os clipes do coldre ao cinto.\u00a0Isso permite uma oculta\u00e7\u00e3o mais profunda e ajust\u00e1vel.\u00a0Para maior flexibilidade na sua posi\u00e7\u00e3o de transporte, basta remover o clipe mais curto do coldre, utilizando um \u00fanico no cinto facilitando assim os ajustes.<\/p>\n<p>A maioria dos coldres de armas IWB no mercado hoje conta com uma &#8220;garra&#8221; ou &#8220;asa&#8221; para melhor oculta\u00e7\u00e3o.\u00a0O coldre da pistola Torsion com sua tecnologia Torsion patenteada permite grande oculta\u00e7\u00e3o sem a necessidade de qualquer tipo de acess\u00f3rio.\u00a0Isso \u00e9 conseguido girando a arma dentro do coldre em dire\u00e7\u00e3o ao seu corpo e mantendo o punho da arma mais pr\u00f3ximo do seu corpo, tornando-o muito mais confort\u00e1vel.<\/p>\n<p>Nossos clipes de cinto s\u00e3o feitos de um pol\u00edmero pl\u00e1stico dur\u00e1vel para melhor ader\u00eancia ao cinto.\u00a0Ao contr\u00e1rio de outros passadores de cinto, estes clipes de cinto fixam-se e s\u00f3 se voltam a soltar quando o usu\u00e1rio quiser.\u00a0A rampa interna dentro dos clipes de cinto garante que o cinto permane\u00e7a no &#8220;gancho&#8221; mesmo quando sob o stress ao sacar a arma.<\/p>\n<p>Os coldres 3.0 oferecem um parafuso de reten\u00e7\u00e3o para ajuste de reten\u00e7\u00e3o da arma.\u00a0Esses coldres IWB s\u00e3o feitos de uma mistura de pol\u00edmero de alta qualidade para o melhor na oculta\u00e7\u00e3o di\u00e1ria, desde o ajuste e conforto at\u00e9 o acabamento.<\/p>\n<p><strong>Coldre IWB<\/strong><\/p>\n<ul>\n<li>Projetado para transporte oculto IWB.<\/li>\n<li>Oculta\u00e7\u00e3o mais profunda com a NOVA tecnologia de tor\u00e7\u00e3o.<\/li>\n<li>Inclina\u00e7\u00e3o interna integrada de 10 graus para maior capacidade de oculta\u00e7\u00e3o.<\/li>\n<li>Projetado para transporte oculto IWB.<\/li>\n<li>Apaga a assinatura visual da sua arma.<\/li>\n<li>Extremamente confort\u00e1vel de usar.<\/li>\n<li>Um dos poucos coldres IWB que oferecem reten\u00e7\u00e3o.<\/li>\n<li>O coldre adiciona massa m\u00ednima \u00e0 arma.<\/li>\n<li>O coldre mant\u00e9m sua forma para um \u201cre-holstering\u201d eficiente com uma m\u00e3o.<\/li>\n<\/ul>\n<p><u><a href=\"https:\/\/www.bravoconcealment.com\/collections\/new-3-0-gun-holsters\">NOVOS\u00a0<strong>\u00a0<\/strong>coldres de armas 3.0<\/a><\/u><\/p>\n<ul>\n<li>Nova reten\u00e7\u00e3o ajust\u00e1vel.<\/li>\n<li>Novo molde de inje\u00e7\u00e3o de pol\u00edmero.<\/li>\n<li>Oculta\u00e7\u00e3o Profunda com a NOVA Tecnologia Torsion<\/li>\n<li>Inclina\u00e7\u00e3o interna integrada de 10 graus para maior capacidade de oculta\u00e7\u00e3o<\/li>\n<li>Projetado especificamente para transporte oculto IWB.<\/li>\n<li>Confort\u00e1vel de usar.<\/li>\n<li>Um dos poucos coldres IWB que oferecem reten\u00e7\u00e3o.<\/li>\n<li>O coldre adiciona massa m\u00ednima \u00e0 arma.<\/li>\n<li>O coldre mant\u00e9m sua forma para um re-coldring eficiente com uma m\u00e3o.<\/li>\n<\/ul>\n<h1><\/h1>\n<table width=\"0\">\n<thead>\n<tr>\n<td width=\"395\"><strong>Especifica\u00e7\u00f5es do coldre:<\/strong><\/td>\n<\/tr>\n<\/thead>\n<tbody>\n<tr>\n<td width=\"395\">Encaixa:<\/p>\n<ul>\n<li>Glock 19, 23, 32 (Gen 3-4)<\/li>\n<li>Glock 19 (Gen 5)<\/li>\n<li>Glock 19X, 45<\/li>\n<li>Glock 19 MOS \/ MOS Gen 5<\/li>\n<li>Glock 19M<\/li>\n<\/ul>\n<\/td>\n<\/tr>\n<tr>\n<td width=\"395\"><strong>Material<\/strong>:\u00a0Pol\u00edmero<\/td>\n<\/tr>\n<tr>\n<td width=\"395\"><strong>Tipo<\/strong>:\u00a0coldre de oculta\u00e7\u00e3o<\/td>\n<\/tr>\n<tr>\n<td width=\"395\"><strong>Estilo<\/strong>:\u00a0Cintura Interna (IWB)<\/td>\n<\/tr>\n<tr>\n<td width=\"395\"><strong>M\u00e3o<\/strong>:\u00a0M\u00e3o Direita<\/td>\n<\/tr>\n<tr>\n<td width=\"395\"><strong>Cor<\/strong>:\u00a0Preto<\/td>\n<\/tr>\n<tr>\n<td width=\"395\"><strong>Clipes de cinto<\/strong>:\u00a03,8 cm<\/td>\n<\/tr>\n<tr>\n<td width=\"395\"><strong>Reten\u00e7\u00e3o ajust\u00e1vel<\/strong>:\u00a0SIM<\/td>\n<\/tr>\n<tr>\n<td width=\"395\"><strong>Altura da mira alta<\/strong>:\u00a0SIM at\u00e9 0,9 cm<\/td>\n<\/tr>\n<tr>\n<td width=\"395\"><strong>Cilindro com rosca<\/strong>:\u00a0SIM at\u00e9 1,6 cm de di\u00e2metro<\/td>\n<\/tr>\n<tr>\n<td width=\"395\"><strong>Pontos tur\u00edsticos vermelhos<\/strong>:<\/p>\n<table width=\"0\">\n<thead>\n<tr>\n<td><strong>Fabricante:<\/strong><\/td>\n<td><strong>\u00d3ptica:<\/strong><\/td>\n<\/tr>\n<\/thead>\n<tbody>\n<tr>\n<td>Trijicon<\/td>\n<td><a href=\"https:\/\/www.trijicon.com\/products\/subcategory\/trijicon-rmr\">RMR<\/a>\u00a0\/\u00a0<a href=\"https:\/\/www.trijicon.com\/products\/subcategory\/trijicon-sro\">SRO<\/a><\/td>\n<\/tr>\n<tr>\n<td>V\u00f3rtice<\/td>\n<td><a href=\"https:\/\/vortexoptics.com\/catalog\/category\/view\/id\/60\">Veneno<\/a>\u00a0\/<a href=\"https:\/\/vortexoptics.com\/red-dots\/viper-red-dot\/vortex-viper-6-moa-red-dot.html\">\u00a0V\u00edbora<\/a><\/td>\n<\/tr>\n<tr>\n<td>Leupold<\/td>\n<td><a href=\"https:\/\/www.leupold.com\/scopes\/red-dot-sights\/deltapoint-pro\">Delta Point Pro<\/a><\/td>\n<\/tr>\n<tr>\n<td>Burris<\/td>\n<td><a href=\"https:\/\/www.burrisoptics.com\/sights\/fastfire-series\/fastfire-3\">Fastfire III<\/a><\/td>\n<\/tr>\n<tr>\n<td>mira de escudo<\/td>\n<td><a href=\"https:\/\/www.shieldpsd.com\/portfolio-posts\/reflex-mini-sight\">RMS<\/a>\u00a0\/<a href=\"https:\/\/www.shieldpsd.com\/portfolio-posts\/reflex-mini-sight-compact\">\u00a0RMSc<\/a><\/td>\n<\/tr>\n<tr>\n<td>ponto de mira<\/td>\n<td><a href=\"https:\/\/www.aimpoint.com\/product\/aimpoint-acro-c-1\/\">ACRO C-1<\/a>\u00a0\/<a href=\"https:\/\/www.aimpoint.com\/product\/aimpoint-acro-p-1\/\">\u00a0ACRO P-1<\/a><\/td>\n<\/tr>\n<tr>\n<td>Holosun<\/td>\n<td><a href=\"http:\/\/www.holosun.com\/index\/product\/detail\/id\/117.html\">509T<\/a>\u00a0\/<a href=\"http:\/\/www.holosun.com\/index\/product\/item\/cid\/1.html\">\u00a0508T<\/a>\u00a0\/<a href=\"http:\/\/www.holosun.com\/index\/product\/item\/cid\/3.html\">\u00a0507c\u00a0\/\u00a0<\/a><a href=\"http:\/\/www.holosun.com\/index\/product\/item\/cid\/11.html\">407c<\/a><\/td>\n<\/tr>\n<\/tbody>\n<\/table>\n<\/td>\n<\/tr>\n<\/tbody>\n<\/table>\n<h1><\/h1>\n<table width=\"0\">\n<thead>\n<tr>\n<td width=\"395\"><strong>O coldre N\u00c3O acomoda:<\/strong><\/td>\n<\/tr>\n<\/thead>\n<tbody>\n<tr>\n<td width=\"395\">\n<ul>\n<li>Glock 23 (Gen 5)<\/li>\n<li>Glock 19, 23, 32 (Gen 1-2)<\/li>\n<li>Glock 26, 27, 33<\/li>\n<li>Glock 27 (Gen 5)<\/li>\n<\/ul>\n<\/td>\n<\/tr>\n<tr>\n<td width=\"395\">Compensadores<\/td>\n<\/tr>\n<tr>\n<td width=\"395\">Quadros p\u00f3s-mercado<\/td>\n<\/tr>\n<\/tbody>\n<\/table>\n<p>&nbsp;<\/p>\n<table width=\"0\">\n<thead>\n<tr>\n<td width=\"395\"><strong>O coldre N\u00c3O acomoda:<\/strong><\/td>\n<\/tr>\n<\/thead>\n<tbody>\n<tr>\n<td width=\"395\">\n<ul>\n<li>Glock 23 (Gen 5)<\/li>\n<li>Glock 19, 23, 32 (Gen 1-2)<\/li>\n<li>Glock 26, 27, 33<\/li>\n<li>Glock 27 (Gen 5)<\/li>\n<\/ul>\n<\/td>\n<\/tr>\n<tr>\n<td width=\"395\">Compensadores<\/td>\n<\/tr>\n<tr>\n<td width=\"395\">Quadros p\u00f3s-mercado<\/td>\n<\/tr>\n<\/tbody>\n<\/table>\n","protected":false},"excerpt":{"rendered":"<p>O coldre Inside the Waist Band (IWB) Torsion da Bravo \u00e9 um coldre de transporte oculto. \u00c9 f\u00e1cil de usar com nossa configura\u00e7\u00e3o padr\u00e3o de clipe de cinto duplo IWB.\u00a0Pode ser ajustado em altura e inclina\u00e7\u00e3o ajustando os clipes do coldre ao cinto.\u00a0Isso permite uma oculta\u00e7\u00e3o mais profunda e ajust\u00e1vel.\u00a0Para maior flexibilidade na sua posi\u00e7\u00e3o [&#8230;]\n","protected":false},"featured_media":38816,"comment_status":"open","ping_status":"closed","template":"","meta":{"_monsterinsights_skip_tracking":false,"_monsterinsights_sitenote_active":false,"_monsterinsights_sitenote_note":"","_monsterinsights_sitenote_category":0},"product_brand":[1592],"product_cat":[1030,1085,1064],"product_tag":[607,608,1032],"class_list":{"0":"post-38814","1":"product","2":"type-product","3":"status-publish","4":"has-post-thumbnail","6":"product_brand-bravo-concealment","7":"product_cat-bravo-concealment","8":"product_cat-coldre","9":"product_cat-equipamentotatico","10":"product_tag-coldre","11":"product_tag-glock","12":"product_tag-iwb","14":"first","15":"instock","16":"shipping-taxable","17":"purchasable","18":"product-type-variable"},"aioseo_notices":[],"jetpack_sharing_enabled":true,"_links":{"self":[{"href":"https:\/\/milicia-pro.com\/index.php\/wp-json\/wp\/v2\/product\/38814","targetHints":{"allow":["GET"]}}],"collection":[{"href":"https:\/\/milicia-pro.com\/index.php\/wp-json\/wp\/v2\/product"}],"about":[{"href":"https:\/\/milicia-pro.com\/index.php\/wp-json\/wp\/v2\/types\/product"}],"replies":[{"embeddable":true,"href":"https:\/\/milicia-pro.com\/index.php\/wp-json\/wp\/v2\/comments?post=38814"}],"wp:featuredmedia":[{"embeddable":true,"href":"https:\/\/milicia-pro.com\/index.php\/wp-json\/wp\/v2\/media\/38816"}],"wp:attachment":[{"href":"https:\/\/milicia-pro.com\/index.php\/wp-json\/wp\/v2\/media?parent=38814"}],"wp:term":[{"taxonomy":"product_brand","embeddable":true,"href":"https:\/\/milicia-pro.com\/index.php\/wp-json\/wp\/v2\/product_brand?post=38814"},{"taxonomy":"product_cat","embeddable":true,"href":"https:\/\/milicia-pro.com\/index.php\/wp-json\/wp\/v2\/product_cat?post=38814"},{"taxonomy":"product_tag","embeddable":true,"href":"https:\/\/milicia-pro.com\/index.php\/wp-json\/wp\/v2\/product_tag?post=38814"}],"curies":[{"name":"wp","href":"https:\/\/api.w.org\/{rel}","templated":true}]}}