{"id":38798,"date":"2023-02-07T18:36:52","date_gmt":"2023-02-07T18:36:52","guid":{"rendered":"https:\/\/milicia-pro.com\/?post_type=product&#038;p=38798"},"modified":"2026-02-18T16:21:30","modified_gmt":"2026-02-18T16:21:30","slug":"coldre-de-ocultacao-owb-p-glock-17-22-31","status":"publish","type":"product","link":"https:\/\/milicia-pro.com\/index.php\/product\/coldre-de-ocultacao-owb-p-glock-17-22-31\/","title":{"rendered":"COLDRE DE OCULTA\u00c7\u00c3O OWB P\/ GLOCK 17, 22, 31"},"content":{"rendered":"<div style=\"width: 1020px;\" class=\"wp-video\"><video class=\"wp-video-shortcode\" id=\"video-38798-1\" width=\"1020\" height=\"574\" preload=\"metadata\" controls=\"controls\"><source type=\"video\/mp4\" src=\"https:\/\/milicia-pro.com\/wp-content\/uploads\/2023\/02\/NEW-BCA-3.0-Gun-Holster.mp4?_=1\" \/><a href=\"https:\/\/milicia-pro.com\/wp-content\/uploads\/2023\/02\/NEW-BCA-3.0-Gun-Holster.mp4\">https:\/\/milicia-pro.com\/wp-content\/uploads\/2023\/02\/NEW-BCA-3.0-Gun-Holster.mp4<\/a><\/video><\/div>\n<p>O coldre de transporte oculto Bravo Concealment Adaptive (BCA) OWB \u00e9 fabricado em Polymer.\u00a0Ele \u00e9 projetado para ser a melhor op\u00e7\u00e3o fora da cintura para transporte oculto todos os dias<\/p>\n<p>O nosso coldre fora da cintura (OWB) encaixa-se perfeitamente na sua arma.\u00a0Isso ocorre porque nossos moldes s\u00e3o feitos internamente pelo mais recente design CAD e tecnologia CNC.\u00a0Usamos armas reais para projetar seu coldre.\u00a0N\u00f3s digitalizamos a arma real em 3-D e constru\u00edmos um s\u00f3lido a partir da nuvem para o ajuste mais preciso em tr\u00eas mil\u00e9simos de polegada.\u00a0Essa \u00e9 a espessura de um fio de cabelo humano. Quer voc\u00ea abra ou oculte, o coldre BCA OWB fica alto e pr\u00f3ximo ao corpo para m\u00e1xima oculta\u00e7\u00e3o enquanto se ajusta perfeitamente \u00e0 sua arma.<\/p>\n<p>Nossos coldres de pol\u00edmero s\u00e3o resistentes e dur\u00e1veis \u200b\u200bcom peso m\u00ednimo adicionado \u00e0 sua arma.\u00a0Tamb\u00e9m t\u00eam uma leve curva para ajudar a envolver a curvatura natural da sua cintura.\u00a0Isso faz com que a frente do coldre praticamente desapare\u00e7a ao usar a roupa certa.\u00a0Isso tamb\u00e9m ajuda no conforto durante todo o dia, quase sem necessidade de um coldre IWB ou coldres h\u00edbridos que s\u00e3o dif\u00edceis de colocar.\u00a0Nossos passadores de cinto ajudam a obter um coldre OWB confort\u00e1vel, puxando a arma para perto do corpo, quase tornando-se parte integral.<\/p>\n<p>Os coldres de pol\u00edmero t\u00eam um interior muito liso para um &#8220;clique&#8221; aud\u00edvel r\u00e1pido e pronunciado ao recolocar no coldre.\u00a0Ele tamb\u00e9m atua como prote\u00e7\u00e3o para sua arma.\u00a0Como nossos coldres s\u00e3o feitos especificamente para sua arma, ele a mant\u00e9m travada e apertada, sem movimento ao usar sua arma.\u00a0Isso n\u00e3o danifica a sua arma, mantendo-a em bom estado.<\/p>\n<p>Experimente nossos acess\u00f3rios de Paddle, pois estes permitem tirar e colocar o coldre muito facilmente.<\/p>\n<p>Os nossos porta-carregadores tamb\u00e9m s\u00e3o feitos da mesma forma para total oculta\u00e7\u00e3o.\u00a0Os acess\u00f3rios de Paddle tamb\u00e9m podem ser adicionados aos porta- carregadores para facilitar a coloca\u00e7\u00e3o e a retirada.<\/p>\n<p>Ao testar os nossos produtos leve-os at\u00e9 ao limite.\u00a0Utilize num curso de treino ao ar livre ou fa\u00e7a seus pr\u00f3prios testes.\u00a0A nossa garantia \u00e9 vital\u00edcia.<\/p>\n<p><strong>Coldre de arma BCA OWB<\/strong><\/p>\n<ul>\n<li>Projetado para carregar fora do c\u00f3s.<\/li>\n<li>Pode converter para IWB alterando as presilhas do cinto.<\/li>\n<li>Reten\u00e7\u00e3o de travamento s\u00f3lido da arma.<\/li>\n<li>A inclina\u00e7\u00e3o de 10\u00b0 aumenta a oculta\u00e7\u00e3o.<\/li>\n<li>Presilhas de cinto moldadas por inje\u00e7\u00e3o robustas de 3,8 cm<\/li>\n<li>Anexar clipes de cinto para carregar dentro do c\u00f3s.<\/li>\n<li>As bordas do coldre s\u00e3o arredondadas para maior conforto.<\/li>\n<li>Os coldres s\u00e3o curvos para se ajustarem aos contornos do corpo.<\/li>\n<li>O coldre pode ser ajustado para a inclina\u00e7\u00e3o desejada com presilhas de cinto padr\u00e3o em nossos coldres, ou asas estilo panqueca dos coldres de pol\u00edmero 3.0.<\/li>\n<\/ul>\n<p><strong>Por que as pessoas n\u00e3o escondem o transporte:<\/strong><\/p>\n<ul>\n<li>Falta de conforto\/confian\u00e7a.<\/li>\n<li>Se ele empurrar a arma para longe de seu corpo, \u00e9 mais prov\u00e1vel que objetos estranhos batam e empurrem a arma\/coldre contra seu corpo.<\/li>\n<li>Se sua arma estiver balan\u00e7ando enquanto voc\u00ea caminha, voc\u00ea come\u00e7a a perder a confian\u00e7a e se preocupar com o ajuste e a confiabilidade do coldre.<\/li>\n<\/ul>\n<p><strong>\u00a0<\/strong><\/p>\n<p><strong>\u00a0Quer alcan\u00e7ar a oculta\u00e7\u00e3o m\u00e1xima?<\/strong><\/p>\n<p>Simplesmente troque os passadores de cinto por nossos passadores de cinto estilo panqueca (asa) e sinta a diferen\u00e7a imediatamente.<br \/>\n\u00d3timo para LEO&#8217;s, PPO&#8217;s, atiradores de competi\u00e7\u00e3o e civis de transporte oculto todos os dias.<\/p>\n<p><strong>Compara\u00e7\u00e3o de transporte oculto OWB<\/strong><\/p>\n<p>Op\u00e7\u00e3o popular de loja desportiva\/mart Vs Bravo Concealment Adaptive (BCA) Coldre de arma OWB<\/p>\n<p><strong>Especifica\u00e7\u00f5es do coldre:<\/strong><\/p>\n<p>Encaixa:<\/p>\n<ul>\n<li>Glock 17, 22, 31 (Gen 3-4)<\/li>\n<li>Glock 17 Gen 5<\/li>\n<li>Glock 47<\/li>\n<li>Glock 17 MOS Gen 4 \/ MOS Gen 5<\/li>\n<li>Glock 17M<\/li>\n<\/ul>\n<p>Tamb\u00e9m se encaixa:<\/p>\n<ul>\n<li>Glock 19, 23, 32 (Gen 3-4)<\/li>\n<li>Glock 19 Gen 5<\/li>\n<li>Glock 19X, 45<\/li>\n<li>Glock 19 MOS Gen 4 \/ MOS Gen 5<\/li>\n<li>Glock 19M<\/li>\n<\/ul>\n<p><strong>Material:<\/strong>\u00a0Pol\u00edmero<\/p>\n<p><strong>Tipo:<\/strong>\u00a0coldre de oculta\u00e7\u00e3o<\/p>\n<p><strong>Estilo:<\/strong>\u00a0Cinto (OWB)<\/p>\n<p><strong>Reten\u00e7\u00e3o ajust\u00e1vel:<\/strong>\u00a0SIM<\/p>\n<p><strong>Altura da mira alta:<\/strong>\u00a0SIM at\u00e9 0,9 cm<\/p>\n<p><strong>Cilindro com rosca:<\/strong>\u00a0\u00a0SIM at\u00e9 1,6 cm<\/p>\n<p><strong>Pontos tur\u00edsticos vermelhos<\/strong>:<\/p>\n<table width=\"0\">\n<thead>\n<tr>\n<td><strong>Fabricante:<\/strong><\/td>\n<td><strong>\u00d3ptica:<\/strong><\/td>\n<\/tr>\n<\/thead>\n<tbody>\n<tr>\n<td>Trijicon<\/td>\n<td><a href=\"https:\/\/www.trijicon.com\/products\/subcategory\/trijicon-rmr\">RMR<\/a><\/td>\n<\/tr>\n<tr>\n<td>V\u00f3rtice<\/td>\n<td><a href=\"https:\/\/vortexoptics.com\/catalog\/category\/view\/id\/60\">Veneno<\/a>\u00a0\/<a href=\"https:\/\/vortexoptics.com\/red-dots\/viper-red-dot\/vortex-viper-6-moa-red-dot.html\">\u00a0V\u00edbora<\/a><\/td>\n<\/tr>\n<tr>\n<td>Leupold<\/td>\n<td><a href=\"https:\/\/www.leupold.com\/scopes\/red-dot-sights\/deltapoint-pro\">Delta Point Pro<\/a><\/td>\n<\/tr>\n<tr>\n<td>Burris<\/td>\n<td><a href=\"https:\/\/www.burrisoptics.com\/sights\/fastfire-series\/fastfire-3\">Fastfire III<\/a><\/td>\n<\/tr>\n<tr>\n<td>mira de escudo<\/td>\n<td><a href=\"https:\/\/www.shieldpsd.com\/portfolio-posts\/reflex-mini-sight\">RMS<\/a>\u00a0\/<a href=\"https:\/\/www.shieldpsd.com\/portfolio-posts\/reflex-mini-sight-compact\">\u00a0RMSc<\/a><\/td>\n<\/tr>\n<tr>\n<td>ponto de mira<\/td>\n<td><a href=\"https:\/\/www.aimpoint.com\/product\/aimpoint-acro-c-1\/\">ACRO C-1<\/a>\u00a0\/<a href=\"https:\/\/www.aimpoint.com\/product\/aimpoint-acro-p-1\/\">\u00a0ACRO P-1<\/a><\/td>\n<\/tr>\n<tr>\n<td>Holosun<\/td>\n<td><a href=\"http:\/\/www.holosun.com\/index\/product\/detail\/id\/117.html\">509T<\/a>\u00a0\/<a href=\"http:\/\/www.holosun.com\/index\/product\/item\/cid\/1.html\">\u00a0508T<\/a>\u00a0\/<a href=\"http:\/\/www.holosun.com\/index\/product\/item\/cid\/3.html\">\u00a0507c\u00a0\/\u00a0<\/a><a href=\"http:\/\/www.holosun.com\/index\/product\/item\/cid\/11.html\">407c<\/a><\/td>\n<\/tr>\n<\/tbody>\n<\/table>\n<p>&nbsp;<\/p>\n<table width=\"0\">\n<thead>\n<tr>\n<td width=\"395\"><strong>O coldre N\u00c3O acomoda:<\/strong><\/td>\n<\/tr>\n<\/thead>\n<tbody>\n<tr>\n<td width=\"395\">\n<ul>\n<li>Glock 19, 23, 32 (Gen 1-2)<\/li>\n<li>Glock 17, 22, 31 (Gen 1-2)<\/li>\n<li>Glock 23 Gen 5<\/li>\n<li>Glock 22 Gen 5<\/li>\n<\/ul>\n<\/td>\n<\/tr>\n<tr>\n<td width=\"395\">Compensadores<\/td>\n<\/tr>\n<tr>\n<td width=\"395\">Quadros p\u00f3s-mercado<\/td>\n<\/tr>\n<tr>\n<td width=\"395\">pontos tur\u00edsticos vermelhos<\/p>\n<table width=\"0\">\n<thead>\n<tr>\n<td><strong>Fabricante:<\/strong><\/td>\n<td><strong>\u00d3ptica:<\/strong><\/td>\n<\/tr>\n<\/thead>\n<tbody>\n<tr>\n<td>Trijicon<\/td>\n<td><a href=\"https:\/\/www.trijicon.com\/products\/subcategory\/trijicon-sro\">SRO<\/a><\/td>\n<\/tr>\n<\/tbody>\n<\/table>\n<\/td>\n<\/tr>\n<\/tbody>\n<\/table>\n<p>&nbsp;<\/p>\n","protected":false},"excerpt":{"rendered":"<p>Venda exclusiva a profissionais<\/p>\n","protected":false},"featured_media":38801,"comment_status":"open","ping_status":"closed","template":"","meta":{"_monsterinsights_skip_tracking":false,"_monsterinsights_sitenote_active":false,"_monsterinsights_sitenote_note":"","_monsterinsights_sitenote_category":0},"product_brand":[1592],"product_cat":[1030,1085,1064],"product_tag":[607,608,1031],"class_list":{"0":"post-38798","1":"product","2":"type-product","3":"status-publish","4":"has-post-thumbnail","6":"product_brand-bravo-concealment","7":"product_cat-bravo-concealment","8":"product_cat-coldre","9":"product_cat-equipamentotatico","10":"product_tag-coldre","11":"product_tag-glock","12":"product_tag-owb","14":"first","15":"instock","16":"shipping-taxable","17":"purchasable","18":"product-type-variable"},"aioseo_notices":[],"jetpack_sharing_enabled":true,"_links":{"self":[{"href":"https:\/\/milicia-pro.com\/index.php\/wp-json\/wp\/v2\/product\/38798","targetHints":{"allow":["GET"]}}],"collection":[{"href":"https:\/\/milicia-pro.com\/index.php\/wp-json\/wp\/v2\/product"}],"about":[{"href":"https:\/\/milicia-pro.com\/index.php\/wp-json\/wp\/v2\/types\/product"}],"replies":[{"embeddable":true,"href":"https:\/\/milicia-pro.com\/index.php\/wp-json\/wp\/v2\/comments?post=38798"}],"wp:featuredmedia":[{"embeddable":true,"href":"https:\/\/milicia-pro.com\/index.php\/wp-json\/wp\/v2\/media\/38801"}],"wp:attachment":[{"href":"https:\/\/milicia-pro.com\/index.php\/wp-json\/wp\/v2\/media?parent=38798"}],"wp:term":[{"taxonomy":"product_brand","embeddable":true,"href":"https:\/\/milicia-pro.com\/index.php\/wp-json\/wp\/v2\/product_brand?post=38798"},{"taxonomy":"product_cat","embeddable":true,"href":"https:\/\/milicia-pro.com\/index.php\/wp-json\/wp\/v2\/product_cat?post=38798"},{"taxonomy":"product_tag","embeddable":true,"href":"https:\/\/milicia-pro.com\/index.php\/wp-json\/wp\/v2\/product_tag?post=38798"}],"curies":[{"name":"wp","href":"https:\/\/api.w.org\/{rel}","templated":true}]}}