{"id":38591,"date":"2023-01-11T11:34:30","date_gmt":"2023-01-11T11:34:30","guid":{"rendered":"https:\/\/milicia-pro.com\/?post_type=product&#038;p=38591"},"modified":"2025-06-05T17:24:07","modified_gmt":"2025-06-05T17:24:07","slug":"auricular-para-radio-ph600","status":"publish","type":"product","link":"https:\/\/milicia-pro.com\/index.php\/product\/auricular-para-radio-ph600\/","title":{"rendered":"AURICULAR PARA R\u00c1DIO PH600"},"content":{"rendered":"<div style=\"width: 640px;\" class=\"wp-video\"><video class=\"wp-video-shortcode\" id=\"video-38591-1\" width=\"640\" height=\"360\" preload=\"metadata\" controls=\"controls\"><source type=\"video\/mp4\" src=\"https:\/\/milicia-pro.com\/wp-content\/uploads\/2023\/01\/videoplayback-Trim.mp4?_=1\" \/><a href=\"https:\/\/milicia-pro.com\/wp-content\/uploads\/2023\/01\/videoplayback-Trim.mp4\">https:\/\/milicia-pro.com\/wp-content\/uploads\/2023\/01\/videoplayback-Trim.mp4<\/a><\/video><\/div>\n<p>O auricular para PH600 tem um design de gancho de orelha, adequado para uso tanto na orelha direita com na esquerda.<\/p>\n<p>Gancho de orelha e teclas PTT s\u00e3o ergonomicamente projetados e confort\u00e1veis de usar.<\/p>\n<p>Especialmente otimizado para voz humana, alta fidelidade, baixo ru\u00eddo.<\/p>\n<p>Interface profissional de 17 pinos, teclas adotam design IP67, atendendo \u00e0s necessidades de utiliza\u00e7\u00e3o em ambientes hostis ao ar livre.<\/p>\n<p><strong>ESPECIFICA\u00c7\u00d5ES:<\/strong><\/p>\n<ul>\n<li>Sensibilidade: -46\u00b13dB (1kHz 0dB=1V\/Pa)<\/li>\n<li>Imped\u00e2ncia: \u22642,2 K\u03a9@1kHz<\/li>\n<li>Ciclo de vida do PTT: \u2265100000 vezes<\/li>\n<li>Grau de prote\u00e7\u00e3o: IP67<\/li>\n<li>Temperatura de opera\u00e7\u00e3o: -30~60\u2103<\/li>\n<li>Modelos aplic\u00e1veis: Z9<\/li>\n<\/ul>\n","protected":false},"excerpt":{"rendered":"<p>O auricular para PH600 tem um design de gancho de orelha, adequado para uso tanto na orelha direita com na esquerda. Gancho de orelha e teclas PTT s\u00e3o ergonomicamente projetados e confort\u00e1veis de usar. Especialmente otimizado para voz humana, alta fidelidade, baixo ru\u00eddo. Interface profissional de 17 pinos, teclas adotam design IP67, atendendo \u00e0s necessidades [&#8230;]\n","protected":false},"featured_media":38594,"comment_status":"open","ping_status":"closed","template":"","meta":{"_monsterinsights_skip_tracking":false,"_monsterinsights_sitenote_active":false,"_monsterinsights_sitenote_note":"","_monsterinsights_sitenote_category":0},"product_brand":[],"product_cat":[1476,1000,829],"product_tag":[1001,775,1002],"class_list":{"0":"post-38591","1":"product","2":"type-product","3":"status-publish","4":"has-post-thumbnail","6":"product_cat-comunicacao-navegacao","7":"product_cat-galicom","8":"product_cat-marcas","9":"product_tag-auricular","10":"product_tag-comunicacao","11":"product_tag-radio","13":"first","14":"instock","15":"shipping-taxable","16":"purchasable","17":"product-type-variable"},"aioseo_notices":[],"jetpack_sharing_enabled":true,"_links":{"self":[{"href":"https:\/\/milicia-pro.com\/index.php\/wp-json\/wp\/v2\/product\/38591","targetHints":{"allow":["GET"]}}],"collection":[{"href":"https:\/\/milicia-pro.com\/index.php\/wp-json\/wp\/v2\/product"}],"about":[{"href":"https:\/\/milicia-pro.com\/index.php\/wp-json\/wp\/v2\/types\/product"}],"replies":[{"embeddable":true,"href":"https:\/\/milicia-pro.com\/index.php\/wp-json\/wp\/v2\/comments?post=38591"}],"wp:featuredmedia":[{"embeddable":true,"href":"https:\/\/milicia-pro.com\/index.php\/wp-json\/wp\/v2\/media\/38594"}],"wp:attachment":[{"href":"https:\/\/milicia-pro.com\/index.php\/wp-json\/wp\/v2\/media?parent=38591"}],"wp:term":[{"taxonomy":"product_brand","embeddable":true,"href":"https:\/\/milicia-pro.com\/index.php\/wp-json\/wp\/v2\/product_brand?post=38591"},{"taxonomy":"product_cat","embeddable":true,"href":"https:\/\/milicia-pro.com\/index.php\/wp-json\/wp\/v2\/product_cat?post=38591"},{"taxonomy":"product_tag","embeddable":true,"href":"https:\/\/milicia-pro.com\/index.php\/wp-json\/wp\/v2\/product_tag?post=38591"}],"curies":[{"name":"wp","href":"https:\/\/api.w.org\/{rel}","templated":true}]}}