{"id":38585,"date":"2022-12-20T18:52:24","date_gmt":"2022-12-20T18:52:24","guid":{"rendered":"https:\/\/milicia-pro.com\/?post_type=product&#038;p=38585"},"modified":"2025-07-03T14:57:13","modified_gmt":"2025-07-03T14:57:13","slug":"escudo-balistico-1000-x-600mm-nij-iiicom-janelailuminacao-led","status":"publish","type":"product","link":"https:\/\/milicia-pro.com\/index.php\/product\/escudo-balistico-1000-x-600mm-nij-iiicom-janelailuminacao-led\/","title":{"rendered":"ESCUDO BAL\u00cdSTICO 1000 X 600mm NIJ III+COM JANELA+ILUMINA\u00c7\u00c3O LED"},"content":{"rendered":"<p>Estes escudos EPB s\u00e3o feitos dos melhores materiais bal\u00edsticos e adaptam-se ao utilizador com extremo conforto, gra\u00e7as \u00e0 sua leveza.<br \/>\nDestinam-se a a\u00e7\u00f5es t\u00e1ticas como entrada em salas com situa\u00e7\u00f5es em que a presen\u00e7a de armas \u00e9 concedida.\u00a0Os escudos EPB oferecem uma armadura corporal invej\u00e1vel e incluem uma janela \u00e0 prova de balas e um sistema grp para destros e canhotos, pode tamb\u00e9m ficar na horizontal.<br \/>\nProte\u00e7\u00e3o bal\u00edstica NIJ IIIA oferecida.<\/p>\n<p>O novo formato do shape com cantos recortados facilita o acesso por locais estreitos como corredores dentro de avi\u00f5es e autocarros, por exemplo.<\/p>\n<p>\u2219 N\u00edvel NIJ IIIA<br \/>\n\u2219 Dimens\u00f5es: 93cm X 56cm (+ &#8211; 10%).<br \/>\n\u2219 Grip ambidestro e resistente.<br \/>\n\u2219 Imprim\u00edvel ou adicionando patches de velcro como Police, na habilidade de rosto de impacto.<br \/>\n\u2219 Protegido com vidro acr\u00edlico \u00e0 prova de balas que permite a identifica\u00e7\u00e3o da amea\u00e7a atrav\u00e9s da janela<br \/>\n\u2219 Sistema de ilumina\u00e7\u00e3o frontal LED 200 lumens<br \/>\n\u2219 Liga\/desliga independente para cada foco, f\u00e1cil acesso acima da al\u00e7a<br \/>\n\u2219 F\u00e1cil de transportar<br \/>\n\u2219 Cor preta fosca<br \/>\n\u2219 Personaliz\u00e1vel de acordo \u00e0s necessidades do cliente.<\/p>\n","protected":false},"excerpt":{"rendered":"<p>Estes escudos EPB s\u00e3o feitos dos melhores materiais bal\u00edsticos e adaptam-se ao utilizador com extremo conforto, gra\u00e7as \u00e0 sua leveza. Destinam-se a a\u00e7\u00f5es t\u00e1ticas como entrada em salas com situa\u00e7\u00f5es em que a presen\u00e7a de armas \u00e9 concedida.\u00a0Os escudos EPB oferecem uma armadura corporal invej\u00e1vel e incluem uma janela \u00e0 prova de balas e um [&#8230;]\n","protected":false},"featured_media":38587,"comment_status":"open","ping_status":"closed","template":"","meta":{"_monsterinsights_skip_tracking":false,"_monsterinsights_sitenote_active":false,"_monsterinsights_sitenote_note":"","_monsterinsights_sitenote_category":0},"product_brand":[],"product_cat":[1064,829,996,1087],"product_tag":[998,513],"class_list":{"0":"post-38585","1":"product","2":"type-product","3":"status-publish","4":"has-post-thumbnail","6":"product_cat-equipamentotatico","7":"product_cat-marcas","8":"product_cat-nidec","9":"product_cat-protecbalistica","10":"product_tag-escudo-balistico","11":"product_tag-protecao","13":"first","14":"onbackorder","15":"shipping-taxable","16":"product-type-variable"},"aioseo_notices":[],"jetpack_sharing_enabled":true,"_links":{"self":[{"href":"https:\/\/milicia-pro.com\/index.php\/wp-json\/wp\/v2\/product\/38585","targetHints":{"allow":["GET"]}}],"collection":[{"href":"https:\/\/milicia-pro.com\/index.php\/wp-json\/wp\/v2\/product"}],"about":[{"href":"https:\/\/milicia-pro.com\/index.php\/wp-json\/wp\/v2\/types\/product"}],"replies":[{"embeddable":true,"href":"https:\/\/milicia-pro.com\/index.php\/wp-json\/wp\/v2\/comments?post=38585"}],"wp:featuredmedia":[{"embeddable":true,"href":"https:\/\/milicia-pro.com\/index.php\/wp-json\/wp\/v2\/media\/38587"}],"wp:attachment":[{"href":"https:\/\/milicia-pro.com\/index.php\/wp-json\/wp\/v2\/media?parent=38585"}],"wp:term":[{"taxonomy":"product_brand","embeddable":true,"href":"https:\/\/milicia-pro.com\/index.php\/wp-json\/wp\/v2\/product_brand?post=38585"},{"taxonomy":"product_cat","embeddable":true,"href":"https:\/\/milicia-pro.com\/index.php\/wp-json\/wp\/v2\/product_cat?post=38585"},{"taxonomy":"product_tag","embeddable":true,"href":"https:\/\/milicia-pro.com\/index.php\/wp-json\/wp\/v2\/product_tag?post=38585"}],"curies":[{"name":"wp","href":"https:\/\/api.w.org\/{rel}","templated":true}]}}