{"id":38323,"date":"2022-11-14T10:45:42","date_gmt":"2022-11-14T10:45:42","guid":{"rendered":"https:\/\/milicia-pro.com\/?post_type=product&#038;p=38323"},"modified":"2025-07-24T15:51:17","modified_gmt":"2025-07-24T15:51:17","slug":"t-shirt-tactix-algodao-homem-s-s-fire-dep-new-york","status":"publish","type":"product","link":"https:\/\/milicia-pro.com\/index.php\/product\/t-shirt-tactix-algodao-homem-s-s-fire-dep-new-york\/","title":{"rendered":"T-SHIRT TACTIX ALGOD\u00c3O HOMEM S\/S FIRE DEP- NEW YORK"},"content":{"rendered":"<div style=\"width: 1020px;\" class=\"wp-video\"><video class=\"wp-video-shortcode\" id=\"video-38323-1\" width=\"1020\" height=\"574\" preload=\"metadata\" controls=\"controls\"><source type=\"video\/mp4\" src=\"https:\/\/milicia-pro.com\/wp-content\/uploads\/2022\/11\/First-Tacticals-Tactix-Series-Cotton-T-Shirt-Collection.mp4?_=1\" \/><a href=\"https:\/\/milicia-pro.com\/wp-content\/uploads\/2022\/11\/First-Tacticals-Tactix-Series-Cotton-T-Shirt-Collection.mp4\">https:\/\/milicia-pro.com\/wp-content\/uploads\/2022\/11\/First-Tacticals-Tactix-Series-Cotton-T-Shirt-Collection.mp4<\/a><\/video><\/div>\n<p>Esta T-shirt foi concebida para proporcionar uma sensa\u00e7\u00e3o agrad\u00e1vel e duradoura. A malha 100% algod\u00e3o, \u00e9 resistente ao desbotamento e encolhimento. As costuras s\u00e3o estrategicamente colocadas pelo que resultam num ajuste suave e eficiente. O design do garfo de ombro Tactix inclui costuras deslocadas para que n\u00e3o friccione na pele ou criem atrito sob as al\u00e7as e roupas externas. A t-shirt Tactix de manga curta tem um corte natural e c\u00f4nico. A gola e os punhos el\u00e1sticos n\u00e3o perdem a forma com o tempo, garantindo um visual profissional a quem a usa.<\/p>\n","protected":false},"excerpt":{"rendered":"<p>Esta T-shirt foi concebida para proporcionar uma sensa\u00e7\u00e3o agrad\u00e1vel e duradoura. A malha 100% algod\u00e3o, \u00e9 resistente ao desbotamento e encolhimento. As costuras s\u00e3o estrategicamente colocadas pelo que resultam num ajuste suave e eficiente. O design do garfo de ombro Tactix inclui costuras deslocadas para que n\u00e3o friccione na pele ou criem atrito sob as [&#8230;]\n","protected":false},"featured_media":38327,"comment_status":"open","ping_status":"closed","template":"","meta":{"_monsterinsights_skip_tracking":false,"_monsterinsights_sitenote_active":false,"_monsterinsights_sitenote_note":"","_monsterinsights_sitenote_category":0},"product_brand":[],"product_cat":[830,829,1082,1063],"product_tag":[320],"class_list":{"0":"post-38323","1":"product","2":"type-product","3":"status-publish","4":"has-post-thumbnail","6":"product_cat-firsttactical","7":"product_cat-marcas","8":"product_cat-tshirt","9":"product_cat-vestuario","10":"product_tag-t-shirt","12":"first","13":"instock","14":"shipping-taxable","15":"purchasable","16":"product-type-variable"},"aioseo_notices":[],"jetpack_sharing_enabled":true,"_links":{"self":[{"href":"https:\/\/milicia-pro.com\/index.php\/wp-json\/wp\/v2\/product\/38323","targetHints":{"allow":["GET"]}}],"collection":[{"href":"https:\/\/milicia-pro.com\/index.php\/wp-json\/wp\/v2\/product"}],"about":[{"href":"https:\/\/milicia-pro.com\/index.php\/wp-json\/wp\/v2\/types\/product"}],"replies":[{"embeddable":true,"href":"https:\/\/milicia-pro.com\/index.php\/wp-json\/wp\/v2\/comments?post=38323"}],"wp:featuredmedia":[{"embeddable":true,"href":"https:\/\/milicia-pro.com\/index.php\/wp-json\/wp\/v2\/media\/38327"}],"wp:attachment":[{"href":"https:\/\/milicia-pro.com\/index.php\/wp-json\/wp\/v2\/media?parent=38323"}],"wp:term":[{"taxonomy":"product_brand","embeddable":true,"href":"https:\/\/milicia-pro.com\/index.php\/wp-json\/wp\/v2\/product_brand?post=38323"},{"taxonomy":"product_cat","embeddable":true,"href":"https:\/\/milicia-pro.com\/index.php\/wp-json\/wp\/v2\/product_cat?post=38323"},{"taxonomy":"product_tag","embeddable":true,"href":"https:\/\/milicia-pro.com\/index.php\/wp-json\/wp\/v2\/product_tag?post=38323"}],"curies":[{"name":"wp","href":"https:\/\/api.w.org\/{rel}","templated":true}]}}