{"id":38261,"date":"2022-10-14T14:10:40","date_gmt":"2022-10-14T14:10:40","guid":{"rendered":"https:\/\/milicia-pro.com\/?post_type=product&#038;p=38261"},"modified":"2025-06-05T15:15:31","modified_gmt":"2025-06-05T15:15:31","slug":"burro-do-mato-cama-de-campanha-militar-dobravel-em-aluminio-reforcado-mil-tec","status":"publish","type":"product","link":"https:\/\/milicia-pro.com\/index.php\/product\/burro-do-mato-cama-de-campanha-militar-dobravel-em-aluminio-reforcado-mil-tec\/","title":{"rendered":"BURRO DO MATO-CAMA DE CAMPANHA MILITAR DOBR\u00c1VEL EM ALUMINIO REFOR\u00c7ADO MIL-TEC\u00ae"},"content":{"rendered":"<p>Este robusto Burro do Mato, confort\u00e1vel \u00e9 muito r\u00e1pido de montar\/desmontar. A \u00e1rea de repouso \u00e9 extralarga e repelente a sujidade e \u00e1gua. Inclui um saco para transporte da mesma cor.<\/p>\n<ul>\n<li>100% poli\u00e9ster (600D Oxford) <strong>200g\/m\u00b2<\/strong>, revestido de poliuretano<\/li>\n<li>Estrutura em alum\u00ednio refor\u00e7ado com espessura de <strong>2mm<\/strong><\/li>\n<li>Bolsa de transporte 100% poli\u00e9ster<\/li>\n<li>Cama montada: <strong>210cm x 68cm x 44cm<\/strong><\/li>\n<li>Embalada: 108cm x 12cm x 20cm<\/li>\n<li>Peso: <strong>9Kg<\/strong><\/li>\n<li>Carga M\u00e1xima de <strong>160Kg<\/strong><\/li>\n<li>Costuras duplas,<\/li>\n<\/ul>\n<p>P\u00e9s antiderrapantes<\/p>\n","protected":false},"excerpt":{"rendered":"<p>Este robusto Burro do Mato, confort\u00e1vel \u00e9 muito r\u00e1pido de montar\/desmontar. A \u00e1rea de repouso \u00e9 extralarga e repelente a sujidade e \u00e1gua. Inclui um saco para transporte da mesma cor. 100% poli\u00e9ster (600D Oxford) 200g\/m\u00b2, revestido de poliuretano Estrutura em alum\u00ednio refor\u00e7ado com espessura de 2mm Bolsa de transporte 100% poli\u00e9ster Cama montada: 210cm [&#8230;]\n","protected":false},"featured_media":38262,"comment_status":"open","ping_status":"closed","template":"","meta":{"_monsterinsights_skip_tracking":false,"_monsterinsights_sitenote_active":false,"_monsterinsights_sitenote_note":"","_monsterinsights_sitenote_category":0},"product_brand":[],"product_cat":[1471,829,1068,855],"product_tag":[945,728],"class_list":{"0":"post-38261","1":"product","2":"type-product","3":"status-publish","4":"has-post-thumbnail","6":"product_cat-burro-do-mato","7":"product_cat-marcas","8":"product_cat-outdoor","9":"product_cat-sturm-mil-tec","10":"product_tag-burro-do-mato","11":"product_tag-campismo","13":"first","14":"instock","15":"shipping-taxable","16":"purchasable","17":"product-type-variable"},"aioseo_notices":[],"jetpack_sharing_enabled":true,"_links":{"self":[{"href":"https:\/\/milicia-pro.com\/index.php\/wp-json\/wp\/v2\/product\/38261","targetHints":{"allow":["GET"]}}],"collection":[{"href":"https:\/\/milicia-pro.com\/index.php\/wp-json\/wp\/v2\/product"}],"about":[{"href":"https:\/\/milicia-pro.com\/index.php\/wp-json\/wp\/v2\/types\/product"}],"replies":[{"embeddable":true,"href":"https:\/\/milicia-pro.com\/index.php\/wp-json\/wp\/v2\/comments?post=38261"}],"wp:featuredmedia":[{"embeddable":true,"href":"https:\/\/milicia-pro.com\/index.php\/wp-json\/wp\/v2\/media\/38262"}],"wp:attachment":[{"href":"https:\/\/milicia-pro.com\/index.php\/wp-json\/wp\/v2\/media?parent=38261"}],"wp:term":[{"taxonomy":"product_brand","embeddable":true,"href":"https:\/\/milicia-pro.com\/index.php\/wp-json\/wp\/v2\/product_brand?post=38261"},{"taxonomy":"product_cat","embeddable":true,"href":"https:\/\/milicia-pro.com\/index.php\/wp-json\/wp\/v2\/product_cat?post=38261"},{"taxonomy":"product_tag","embeddable":true,"href":"https:\/\/milicia-pro.com\/index.php\/wp-json\/wp\/v2\/product_tag?post=38261"}],"curies":[{"name":"wp","href":"https:\/\/api.w.org\/{rel}","templated":true}]}}