{"id":38257,"date":"2022-10-14T14:02:11","date_gmt":"2022-10-14T14:02:11","guid":{"rendered":"https:\/\/milicia-pro.com\/?post_type=product&#038;p=38257"},"modified":"2025-06-05T15:16:10","modified_gmt":"2025-06-05T15:16:10","slug":"burro-do-mato-cama-de-campanha-dobravel-em-aluminio-militar-mil-tec","status":"publish","type":"product","link":"https:\/\/milicia-pro.com\/index.php\/product\/burro-do-mato-cama-de-campanha-dobravel-em-aluminio-militar-mil-tec\/","title":{"rendered":"BURRO DO MATO- CAMA DE CAMPANHA- DOBR\u00c1VEL EM ALUMINIO MILITAR MIL-TEC\u00ae"},"content":{"rendered":"<p><strong>Cama de campanha<\/strong>\u00a0dobr\u00e1vel, baseada no popular modelo usado pelo Ex\u00e9rcito dos EUA. A confort\u00e1vel superf\u00edcie de 210 x 70 cm \u00e9 feita de\u00a0<strong>poli\u00e9ster refor\u00e7ado com um revestimento adicional de PVC<\/strong>, que protege efetivamente contra as altas temperaturas ou humidade. Gra\u00e7as \u00e0s\u00a0<strong>costuras duplas e bordas refor\u00e7adas<\/strong>, o material \u00e9 resistente \u00e0 abras\u00e3o e ruturas.<\/p>\n<p><strong>Estrutura em Alum\u00ednio<\/strong>\u00a0leve, por\u00e9m forte. A carga m\u00e1xima da cama \u00e9 de\u00a0<strong>120 kg<\/strong>. O design da estrutura permite que voc\u00ea dobre a cama e a carregue convenientemente.\u00a0<strong>P\u00e9s antiderrapantes<\/strong>\u00a0garantem uma coloca\u00e7\u00e3o est\u00e1vel no ch\u00e3o. As dimens\u00f5es compactas quando dobrado permitir\u00e3o que voc\u00ea o armazene facilmente. O kit inclui uma bolsa equipada com al\u00e7as para transporte.<\/p>\n<p>&nbsp;<\/p>\n<ul>\n<li>design dobr\u00e1vel,<\/li>\n<li>estrutura leve em alum\u00ednio,<\/li>\n<li>f\u00e1cil de limpar, repele a sujidade e humidade<\/li>\n<li>costuras duplas,<\/li>\n<li>p\u00e9s antiderrapantes<\/li>\n<li>Poli\u00e9ster 600D com PVC,<\/li>\n<li>Arma\u00e7\u00e3o: alum\u00ednio <strong>1mm<\/strong> espessura<\/li>\n<li>Cor: Oliva<\/li>\n<li>Carga m\u00e1xima: at\u00e9 <strong>120 kg <\/strong>.<\/li>\n<\/ul>\n<p>&nbsp;<\/p>\n<p>Cama montada: <strong>210 x 70 x 42 cm<\/strong><br \/>\nEmbalada: 105 x 13 x 20,5 cm<br \/>\nPeso: <strong>5,7 kg<\/strong><\/p>\n<p><span style=\"position: absolute;top: -14149px\">This article offers free shipping on qualified Face mask products, https:\/\/www.swisswatch.is\/product-category\/rolex\/daytona\/ or buy online and pick up in store today at Medical Department<\/span><\/p>\n","protected":false},"excerpt":{"rendered":"<p>Cama de campanha\u00a0dobr\u00e1vel, baseada no popular modelo usado pelo Ex\u00e9rcito dos EUA. A confort\u00e1vel superf\u00edcie de 210 x 70 cm \u00e9 feita de\u00a0poli\u00e9ster refor\u00e7ado com um revestimento adicional de PVC, que protege efetivamente contra as altas temperaturas ou humidade. Gra\u00e7as \u00e0s\u00a0costuras duplas e bordas refor\u00e7adas, o material \u00e9 resistente \u00e0 abras\u00e3o e ruturas. Estrutura em [&#8230;]\n","protected":false},"featured_media":38259,"comment_status":"open","ping_status":"closed","template":"","meta":{"_monsterinsights_skip_tracking":false,"_monsterinsights_sitenote_active":false,"_monsterinsights_sitenote_note":"","_monsterinsights_sitenote_category":0},"product_brand":[],"product_cat":[1471,829,1068,855],"product_tag":[945,728],"class_list":{"0":"post-38257","1":"product","2":"type-product","3":"status-publish","4":"has-post-thumbnail","6":"product_cat-burro-do-mato","7":"product_cat-marcas","8":"product_cat-outdoor","9":"product_cat-sturm-mil-tec","10":"product_tag-burro-do-mato","11":"product_tag-campismo","13":"first","14":"instock","15":"shipping-taxable","16":"purchasable","17":"product-type-variable"},"aioseo_notices":[],"jetpack_sharing_enabled":true,"_links":{"self":[{"href":"https:\/\/milicia-pro.com\/index.php\/wp-json\/wp\/v2\/product\/38257","targetHints":{"allow":["GET"]}}],"collection":[{"href":"https:\/\/milicia-pro.com\/index.php\/wp-json\/wp\/v2\/product"}],"about":[{"href":"https:\/\/milicia-pro.com\/index.php\/wp-json\/wp\/v2\/types\/product"}],"replies":[{"embeddable":true,"href":"https:\/\/milicia-pro.com\/index.php\/wp-json\/wp\/v2\/comments?post=38257"}],"wp:featuredmedia":[{"embeddable":true,"href":"https:\/\/milicia-pro.com\/index.php\/wp-json\/wp\/v2\/media\/38259"}],"wp:attachment":[{"href":"https:\/\/milicia-pro.com\/index.php\/wp-json\/wp\/v2\/media?parent=38257"}],"wp:term":[{"taxonomy":"product_brand","embeddable":true,"href":"https:\/\/milicia-pro.com\/index.php\/wp-json\/wp\/v2\/product_brand?post=38257"},{"taxonomy":"product_cat","embeddable":true,"href":"https:\/\/milicia-pro.com\/index.php\/wp-json\/wp\/v2\/product_cat?post=38257"},{"taxonomy":"product_tag","embeddable":true,"href":"https:\/\/milicia-pro.com\/index.php\/wp-json\/wp\/v2\/product_tag?post=38257"}],"curies":[{"name":"wp","href":"https:\/\/api.w.org\/{rel}","templated":true}]}}