{"id":38237,"date":"2022-10-14T10:09:36","date_gmt":"2022-10-14T10:09:36","guid":{"rendered":"https:\/\/milicia-pro.com\/?post_type=product&#038;p=38237"},"modified":"2025-06-05T16:13:17","modified_gmt":"2025-06-05T16:13:17","slug":"chuveiro-solar-20l-militar-mil-tec","status":"publish","type":"product","link":"https:\/\/milicia-pro.com\/index.php\/product\/chuveiro-solar-20l-militar-mil-tec\/","title":{"rendered":"CHUVEIRO SOLAR 20L MILITAR MIL-TEC\u00ae"},"content":{"rendered":"<ul>\n<li>Policloreto de vinilo robusto<\/li>\n<li>Tubo: 100% Polipropileno<\/li>\n<li>Capacidade para 20Litros<\/li>\n<li>Tubo flex\u00edvel, guia e chuveiro<\/li>\n<li>Cord\u00e3o de suspens\u00e3o de aproximadamente 2 metros<\/li>\n<\/ul>\n","protected":false},"excerpt":{"rendered":"<p>Policloreto de vinilo robusto Tubo: 100% Polipropileno Capacidade para 20Litros Tubo flex\u00edvel, guia e chuveiro Cord\u00e3o de suspens\u00e3o de aproximadamente 2 metros<\/p>\n","protected":false},"featured_media":38239,"comment_status":"open","ping_status":"closed","template":"","meta":{"_monsterinsights_skip_tracking":false,"_monsterinsights_sitenote_active":false,"_monsterinsights_sitenote_note":"","_monsterinsights_sitenote_category":0},"product_brand":[],"product_cat":[1473,829,1068,855],"product_tag":[728,968,296],"class_list":{"0":"post-38237","1":"product","2":"type-product","3":"status-publish","4":"has-post-thumbnail","6":"product_cat-acessorios","7":"product_cat-marcas","8":"product_cat-outdoor","9":"product_cat-sturm-mil-tec","10":"product_tag-campismo","11":"product_tag-chuveiro","12":"product_tag-saco","14":"first","15":"instock","16":"shipping-taxable","17":"purchasable","18":"product-type-variable"},"aioseo_notices":[],"jetpack_sharing_enabled":true,"_links":{"self":[{"href":"https:\/\/milicia-pro.com\/index.php\/wp-json\/wp\/v2\/product\/38237","targetHints":{"allow":["GET"]}}],"collection":[{"href":"https:\/\/milicia-pro.com\/index.php\/wp-json\/wp\/v2\/product"}],"about":[{"href":"https:\/\/milicia-pro.com\/index.php\/wp-json\/wp\/v2\/types\/product"}],"replies":[{"embeddable":true,"href":"https:\/\/milicia-pro.com\/index.php\/wp-json\/wp\/v2\/comments?post=38237"}],"wp:featuredmedia":[{"embeddable":true,"href":"https:\/\/milicia-pro.com\/index.php\/wp-json\/wp\/v2\/media\/38239"}],"wp:attachment":[{"href":"https:\/\/milicia-pro.com\/index.php\/wp-json\/wp\/v2\/media?parent=38237"}],"wp:term":[{"taxonomy":"product_brand","embeddable":true,"href":"https:\/\/milicia-pro.com\/index.php\/wp-json\/wp\/v2\/product_brand?post=38237"},{"taxonomy":"product_cat","embeddable":true,"href":"https:\/\/milicia-pro.com\/index.php\/wp-json\/wp\/v2\/product_cat?post=38237"},{"taxonomy":"product_tag","embeddable":true,"href":"https:\/\/milicia-pro.com\/index.php\/wp-json\/wp\/v2\/product_tag?post=38237"}],"curies":[{"name":"wp","href":"https:\/\/api.w.org\/{rel}","templated":true}]}}